{"id":37,"date":"2024-03-26T10:08:33","date_gmt":"2024-03-26T13:08:33","guid":{"rendered":"https:\/\/www.tappy.com.br\/empresas\/?post_type=product&#038;p=37"},"modified":"2026-05-06T12:07:24","modified_gmt":"2026-05-06T15:07:24","slug":"tecido-suede-liso-varias-cores-142cm-veludo","status":"publish","type":"product","link":"https:\/\/www.tappy.com.br\/empresas\/p\/tecido-suede-liso-varias-cores-142cm-veludo\/","title":{"rendered":"Tecido Suede Liso V\u00e1rias Cores 142cm, Veludo"},"content":{"rendered":"<h2>O que \u00e9 Suede Liso?<\/h2>\n<p>Tecido Suede Liso \u00e9 conhecido tamb\u00e9m pelos nomes de <strong>Veludo<\/strong>,\u00a0<strong>Suede Pavia<\/strong>, ou como\u00a0<strong>Camur\u00e7a Lisa<\/strong>. \u00c9 muito famoso por ser um material &#8220;<strong>anti-gatos&#8221;<\/strong>, no entanto essa carater\u00edstica \u00e9 t\u00edpica dos Suedes e n\u00e3o uma exclusividade desse produto.<\/p>\n<p>Possui uma boa durabilidade e resist\u00eancia, sendo que sua composi\u00e7\u00e3o tamb\u00e9m o torna semiperme\u00e1vel. Sua textura \u00e9 muito macia e a sua cor muito fixa e levemente fosca, isso faz dele um suede para sof\u00e1s muito popular.<\/p>\n<p>A gramatura desse<strong> Tecido Suede<\/strong> \u00e9 capaz de garantir uma dura\u00e7\u00e3o excelente j\u00e1 que ele pesa 270g por metro linear e 190g\/m\u00b2, muito acima da m\u00e9dia de mercado. A maioria dos distribuidores fornecem esse produto com 15% menos peso, algo que prejudica sua durabilidade e maciez.<\/p>\n<h3>Onde us\u00e1-lo?<\/h3>\n<p>\u00c9 um tecido democr\u00e1tico que pode ser usado em grandes pe\u00e7as, como sof\u00e1s por exemplo, mas tamb\u00e9m em estofamentos menores como puffs e almofadas. Sua versatilidade permite at\u00e9 a aplica\u00e7\u00e3o em paredes.<\/p>\n<p>A grande variedade de cores desse suede permite decorar a maior combina\u00e7\u00e3o poss\u00edvel de ambientes, sendo praticamente imposs\u00edvel errar na escolha. \u00c9 recomendado mesclar esse material com algum outro tecido estampado, algo que \u00e9 muito comum e dar\u00e1 um toque especial a sua decora\u00e7\u00e3o.<\/p>\n<p>Para sua limpeza \u00e9 indicado contratar um servi\u00e7o especializado, j\u00e1 que friccionar esse tecido n\u00e3o \u00e9 algo muito indicado, pois seus desenhos podem perder defini\u00e7\u00e3o.<\/p>\n<h3>Tecido Suede Liso \u00e9 bom?<\/h3>\n<p>Esse <strong>Tecido Suede Liso 142cm<\/strong> \u00e9 definitivamente a melhor escolha quando se trata de versatilidade, bom custo e beleza, sendo uma \u00f3tima escolha para aqueles que preferem um produto mais em conta e ainda assim dur\u00e1vel.<\/p>\n<p>Lembre-se, a Tappy \u00e9 a \u00fanica fornecedora de um tecido suede liso com tantas op\u00e7\u00f5es de cores e de gramatura superior.<\/p>\n<p><span style=\"font-size: 130%;\"><em><strong>Outras Caracter\u00edsticas T\u00e9cnicas:<\/strong><\/em><\/span><\/p>\n<p><em>Tecido superior tinto em malha de urdume aveludada, e base em tela de malha. Forro e tecido superior formados por filamentos lisos de poli\u00e9ster.<\/em><\/p>\n<p>Gostaria de entender ainda mais sobre o Suede para sof\u00e1s? Que tal esses links?<\/p>\n<p><a href=\"https:\/\/www.tappy.com.br\/blog\/tudo-sobre-tecido-suede\/\">Tudo sobre Tecido Suede<\/a><\/p>\n","protected":false},"excerpt":{"rendered":"<p><strong>Tecido Suede Liso<\/strong>\u00a0para estofados \u00e9 um tecido b\u00e1sico de alto padr\u00e3o e qualidade, muito popular, resistente e f\u00e1cil de limpar.<\/p>\n","protected":false},"featured_media":86,"template":"","meta":[],"product_brand":[1108],"product_cat":[21,20],"product_tag":[22,23,24,25,26,28],"class_list":{"0":"post-37","1":"product","2":"type-product","3":"status-publish","4":"has-post-thumbnail","6":"product_brand-tappy","7":"product_cat-tecido-suede-para-sofas","8":"product_cat-tecidos-para-sofas","9":"product_tag-suede","10":"product_tag-suede-para-sofas","11":"product_tag-tecido-para-estofados","12":"product_tag-tecido-para-sofas","13":"product_tag-tecido-suede","14":"product_tag-tecidos-tappy","15":"product_shipping_class-brasil","16":"pa_acabamento-tecido-liso","17":"pa_acabamento-tecido-pet-friendly","18":"pa_cores-de-tecidos-amarelo-dijon","19":"pa_cores-de-tecidos-amarelo-ouro","20":"pa_cores-de-tecidos-bege-chino","21":"pa_cores-de-tecidos-bege-funghi","22":"pa_cores-de-tecidos-branco","23":"pa_cores-de-tecidos-branco-bruma","24":"pa_cores-de-tecidos-cinza-classic","25":"pa_cores-de-tecidos-marrom-bison","26":"pa_cores-de-tecidos-marrom-castanho","27":"pa_cores-de-tecidos-marrom-tabaco","28":"pa_cores-de-tecidos-marrom-taupe","29":"pa_cores-de-tecidos-preto","30":"pa_cores-de-tecidos-rosa-claro","31":"pa_cores-de-tecidos-rosa-coral","32":"pa_cores-de-tecidos-rosa-pancake","33":"pa_cores-de-tecidos-verde-agua","34":"pa_cores-de-tecidos-verde-cacto","35":"pa_cores-de-tecidos-verde-samambaia","36":"pa_cores-de-tecidos-vermelho","37":"pa_cores-de-tecidos-vermelho-terracota","38":"tm-no-options","40":"first","41":"instock","42":"featured","43":"shipping-taxable","44":"purchasable","45":"product-type-variable"},"_links":{"self":[{"href":"https:\/\/www.tappy.com.br\/empresas\/wp-json\/wp\/v2\/product\/37","targetHints":{"allow":["GET"]}}],"collection":[{"href":"https:\/\/www.tappy.com.br\/empresas\/wp-json\/wp\/v2\/product"}],"about":[{"href":"https:\/\/www.tappy.com.br\/empresas\/wp-json\/wp\/v2\/types\/product"}],"wp:featuredmedia":[{"embeddable":true,"href":"https:\/\/www.tappy.com.br\/empresas\/wp-json\/wp\/v2\/media\/86"}],"wp:attachment":[{"href":"https:\/\/www.tappy.com.br\/empresas\/wp-json\/wp\/v2\/media?parent=37"}],"wp:term":[{"taxonomy":"product_brand","embeddable":true,"href":"https:\/\/www.tappy.com.br\/empresas\/wp-json\/wp\/v2\/product_brand?post=37"},{"taxonomy":"product_cat","embeddable":true,"href":"https:\/\/www.tappy.com.br\/empresas\/wp-json\/wp\/v2\/product_cat?post=37"},{"taxonomy":"product_tag","embeddable":true,"href":"https:\/\/www.tappy.com.br\/empresas\/wp-json\/wp\/v2\/product_tag?post=37"}],"curies":[{"name":"wp","href":"https:\/\/api.w.org\/{rel}","templated":true}]}}