{"id":36,"date":"2024-03-26T10:08:33","date_gmt":"2024-03-26T13:08:33","guid":{"rendered":"https:\/\/www.tappy.com.br\/empresas\/?post_type=product&#038;p=36"},"modified":"2026-05-06T11:41:41","modified_gmt":"2026-05-06T14:41:41","slug":"tecido-suede-animale-varias-cores-142cm","status":"publish","type":"product","link":"https:\/\/www.tappy.com.br\/empresas\/p\/tecido-suede-animale-varias-cores-142cm\/","title":{"rendered":"Tecido Suede Animale V\u00e1rias Cores 142cm"},"content":{"rendered":"<h2>O que \u00e9 Suede Animale?<\/h2>\n<p>As texturas de sua superf\u00edcie que lembram pele de elefante, s\u00e3o gravadas por um inovador m\u00e9todo de press\u00e3o, isso garante boa durabilidade, por\u00e9m n\u00e3o de forma permanente.<\/p>\n<p>Esse m\u00e9todo de produ\u00e7\u00e3o \u00e9 bastante utilizado para fornecer um material resistente com custo menor, prezando pelo custo benef\u00edcio.<\/p>\n<p>Por apresentar essa textura desenhada, esse material muitas vezes \u00e9 confundido como n\u00e3o amig\u00e1vel para Gatos e pets num geral, por\u00e9m como qualquer outro Suede, ele tamb\u00e9m \u00e9 resistentes aos amigos felinos e pode ser usado em estofados para eles sem problemas.<\/p>\n<p>A gramatura deste <b>Tecido Suede<\/b> \u00e9 capaz de garantir uma boa dura\u00e7\u00e3o, j\u00e1 que ele pesa 284g por metro linear e 200g\/m\u00b2. Como ele cont\u00e9m forro a sua face \u00e9 um pouco mais fina, tendo 160g\/m\u00b2, as 40g\/m\u00b2 restantes pertencem ao forro para fornecer mais resist\u00eancia.<\/p>\n<p>Existe uma outra op\u00e7\u00e3o desse material que oferece garantia de perman\u00eancia na grava\u00e7\u00e3o da textura, o Tecido <a title=\"Suede Animale\" href=\"\/empresas\/p\/tecido-suede-animale-premium-varias-cores-145cm\/\">Suede Animale Premium.<\/a><\/p>\n<h3><span style=\"font-size: 130%;\">Onde us\u00e1-lo?<\/span><\/h3>\n<p>\u00c9 um tecido democr\u00e1tico que pode ser usado em grandes pe\u00e7as, como sof\u00e1s por exemplo, mas tamb\u00e9m em estofamentos menores como puffs e almofadas. Sua versatilidade permite at\u00e9 a aplica\u00e7\u00e3o em paredes.<\/p>\n<p>Uma possibilidade seria mesclar o Suede Animale com algum outro tecido estampado ou o Suede Liso tradicional, tamb\u00e9m dispon\u00edvel aqui na Tappy.<\/p>\n<p>Para sua limpeza \u00e9 indicado contratar um servi\u00e7o especializado, j\u00e1 que friccionar esse tecido para sof\u00e1s n\u00e3o \u00e9 algo muito indicado, pois seus desenhos podem perder defini\u00e7\u00e3o.<\/p>\n<h3>Tecido Suede Animale \u00e9 bom?<\/h3>\n<p>Esse \u00e9 um dos tecidos para sof\u00e1s mais populares no Brasil, j\u00e1 que \u00e9 um tecido muito diferenciado, sendo uma das primeiras escolhas daqueles que querem fugir dos tecidos lisos tradicionais.<\/p>\n<p>Portanto \u00e9 um excelente produto para decora\u00e7\u00e3o diferenciada, sendo amplamente aceito pelo mercado, tornando-o um queridinho dos consumidores.<\/p>\n","protected":false},"excerpt":{"rendered":"<p><strong>Tecido Suede Animale<\/strong> \u00e9 um tecido para estofados com textura de pele de elefante, fabricado por um processo inovador de produ\u00e7\u00e3o.<\/p>\n","protected":false},"featured_media":79,"template":"","meta":[],"product_brand":[1108],"product_cat":[21],"product_tag":[22,37,23,24,25,26,27,28],"class_list":{"0":"post-36","1":"product","2":"type-product","3":"status-publish","4":"has-post-thumbnail","6":"product_brand-tappy","7":"product_cat-tecido-suede-para-sofas","8":"product_tag-suede","9":"product_tag-suede-animale","10":"product_tag-suede-para-sofas","11":"product_tag-tecido-para-estofados","12":"product_tag-tecido-para-sofas","13":"product_tag-tecido-suede","14":"product_tag-tecido-texturizado","15":"product_tag-tecidos-tappy","16":"product_shipping_class-brasil","17":"pa_acabamento-tecido-falso-liso","18":"pa_acabamento-tecido-pet-friendly","19":"pa_cores-de-tecidos-azul-oceano","20":"pa_cores-de-tecidos-bege-areia","21":"pa_cores-de-tecidos-bege-funghi","22":"pa_cores-de-tecidos-bege-shitake","23":"pa_cores-de-tecidos-bege-sisal","24":"pa_cores-de-tecidos-branco-bruma","25":"pa_cores-de-tecidos-cinza-ferro","26":"pa_cores-de-tecidos-marrom-pinha","27":"pa_cores-de-tecidos-marrom-tabaco","28":"pa_cores-de-tecidos-preto","29":"pa_cores-de-tecidos-rosa-coral","30":"pa_cores-de-tecidos-rosa-pancake","31":"pa_cores-de-tecidos-verde-lagoa","32":"pa_cores-de-tecidos-verde-samambaia","33":"pa_cores-de-tecidos-vermelho-terracota","34":"pa_cores-de-tecidos-vermelho-urucum","35":"tm-no-options","37":"first","38":"instock","39":"featured","40":"shipping-taxable","41":"purchasable","42":"product-type-variable"},"_links":{"self":[{"href":"https:\/\/www.tappy.com.br\/empresas\/wp-json\/wp\/v2\/product\/36","targetHints":{"allow":["GET"]}}],"collection":[{"href":"https:\/\/www.tappy.com.br\/empresas\/wp-json\/wp\/v2\/product"}],"about":[{"href":"https:\/\/www.tappy.com.br\/empresas\/wp-json\/wp\/v2\/types\/product"}],"wp:featuredmedia":[{"embeddable":true,"href":"https:\/\/www.tappy.com.br\/empresas\/wp-json\/wp\/v2\/media\/79"}],"wp:attachment":[{"href":"https:\/\/www.tappy.com.br\/empresas\/wp-json\/wp\/v2\/media?parent=36"}],"wp:term":[{"taxonomy":"product_brand","embeddable":true,"href":"https:\/\/www.tappy.com.br\/empresas\/wp-json\/wp\/v2\/product_brand?post=36"},{"taxonomy":"product_cat","embeddable":true,"href":"https:\/\/www.tappy.com.br\/empresas\/wp-json\/wp\/v2\/product_cat?post=36"},{"taxonomy":"product_tag","embeddable":true,"href":"https:\/\/www.tappy.com.br\/empresas\/wp-json\/wp\/v2\/product_tag?post=36"}],"curies":[{"name":"wp","href":"https:\/\/api.w.org\/{rel}","templated":true}]}}