{"id":35,"date":"2024-03-26T10:08:33","date_gmt":"2024-03-26T13:08:33","guid":{"rendered":"https:\/\/www.tappy.com.br\/empresas\/?post_type=product&#038;p=35"},"modified":"2026-05-02T11:31:09","modified_gmt":"2026-05-02T14:31:09","slug":"linha-de-maquina-linhasita-40-80g-varias-cores","status":"publish","type":"product","link":"https:\/\/www.tappy.com.br\/empresas\/p\/linha-de-maquina-linhasita-40-80g-varias-cores\/","title":{"rendered":"Linha de M\u00e1quina Linhasita 40\/80g V\u00e1rias Cores"},"content":{"rendered":"<p>A Linha de M\u00e1quina Linhasita \u00e9 composta de Nylon (100% Poliamida) e \u00e9 Bonderizada, possui alta tenacidade e excelente resist\u00eancia ao atrito gerado na costura. O acabamento especial impede a separa\u00e7\u00e3o dos cabos, oferecendo \u00f3tima costurabilidade.<\/p>\n<p>Principais Aplica\u00e7\u00f5es<strong>:\u00a0<\/strong>cal\u00e7ados em geral, bolsas\/malas\/mochilas, artigos esportivos, costura automotiva, <strong>sof\u00e1s<\/strong>\/colch\u00f5es e EPIs.<\/p>\n\t\t<div class=\"hidden\">\n\t\t\t\t\n<style>th.label [for=\"pa_cores-de-tecidos\"]{font-size:0px;}th.label [for=\"pa_cores-de-tecidos\"]:before {content:\"Cores Dispon\u00edveis\";font-size:16px;}<\/style>\n\t\t<\/div>\n\t\n","protected":false},"excerpt":{"rendered":"<p><strong>A Linha de M\u00e1quina Linhasita 40<\/strong> \u00e9 composta de Nylon (100% Poliamida) e \u00e9 Bonderizada, possui alta tenacidade e excelente resist\u00eancia.<\/p>\n","protected":false},"featured_media":74,"template":"","meta":[],"product_brand":[],"product_cat":[30,31],"product_tag":[32,33,34,35,36],"class_list":{"0":"post-35","1":"product","2":"type-product","3":"status-publish","4":"has-post-thumbnail","6":"product_cat-acessorios-para-tapecaria","7":"product_cat-fios-e-linhas","8":"product_tag-linha","9":"product_tag-linha-de-constura","10":"product_tag-linha-de-maquina","11":"product_tag-linha-de-nylon","12":"product_tag-linhasita","13":"product_shipping_class-brasil","14":"pa_cores-de-tecidos-amarelo-274","15":"pa_cores-de-tecidos-amarelo-334","16":"pa_cores-de-tecidos-amarelo-37","17":"pa_cores-de-tecidos-azul-1319","18":"pa_cores-de-tecidos-azul-226","19":"pa_cores-de-tecidos-azul-228","20":"pa_cores-de-tecidos-azul-70","21":"pa_cores-de-tecidos-azul-956","22":"pa_cores-de-tecidos-bege-1310","23":"pa_cores-de-tecidos-bege-21","24":"pa_cores-de-tecidos-bege-219","25":"pa_cores-de-tecidos-bege-22","26":"pa_cores-de-tecidos-bege-315","27":"pa_cores-de-tecidos-bege-317","28":"pa_cores-de-tecidos-bege-970","29":"pa_cores-de-tecidos-branco","30":"pa_cores-de-tecidos-cinza-1073","31":"pa_cores-de-tecidos-cinza-1308","32":"pa_cores-de-tecidos-cinza-207","33":"pa_cores-de-tecidos-cinza-208","34":"pa_cores-de-tecidos-cinza-209","35":"pa_cores-de-tecidos-cinza-267","36":"pa_cores-de-tecidos-cinza-278","37":"pa_cores-de-tecidos-cinza-336","38":"pa_cores-de-tecidos-cinza-345","39":"pa_cores-de-tecidos-cinza-537","40":"pa_cores-de-tecidos-laranja-370","41":"pa_cores-de-tecidos-laranja-387","42":"pa_cores-de-tecidos-marrom-26","43":"pa_cores-de-tecidos-marrom-28","44":"pa_cores-de-tecidos-marrom-29","45":"pa_cores-de-tecidos-marrom-354","46":"pa_cores-de-tecidos-marrom-362","47":"pa_cores-de-tecidos-marrom-366","48":"pa_cores-de-tecidos-marrom-564","49":"pa_cores-de-tecidos-natural","50":"pa_cores-de-tecidos-off-white-01","51":"pa_cores-de-tecidos-preto","52":"pa_cores-de-tecidos-rosa-237","53":"pa_cores-de-tecidos-rosa-324","54":"pa_cores-de-tecidos-roxo-236","55":"pa_cores-de-tecidos-verde-206","56":"pa_cores-de-tecidos-verde-224","57":"pa_cores-de-tecidos-verde-231","58":"pa_cores-de-tecidos-verde-367","59":"pa_cores-de-tecidos-verde-386","60":"pa_cores-de-tecidos-vermelho-234","61":"pa_cores-de-tecidos-vermelho-44","62":"pa_cores-de-tecidos-vinho-1276","63":"pa_cores-de-tecidos-vinho-50","64":"tm-no-options","66":"first","67":"instock","68":"featured","69":"shipping-taxable","70":"purchasable","71":"product-type-variable"},"_links":{"self":[{"href":"https:\/\/www.tappy.com.br\/empresas\/wp-json\/wp\/v2\/product\/35","targetHints":{"allow":["GET"]}}],"collection":[{"href":"https:\/\/www.tappy.com.br\/empresas\/wp-json\/wp\/v2\/product"}],"about":[{"href":"https:\/\/www.tappy.com.br\/empresas\/wp-json\/wp\/v2\/types\/product"}],"wp:featuredmedia":[{"embeddable":true,"href":"https:\/\/www.tappy.com.br\/empresas\/wp-json\/wp\/v2\/media\/74"}],"wp:attachment":[{"href":"https:\/\/www.tappy.com.br\/empresas\/wp-json\/wp\/v2\/media?parent=35"}],"wp:term":[{"taxonomy":"product_brand","embeddable":true,"href":"https:\/\/www.tappy.com.br\/empresas\/wp-json\/wp\/v2\/product_brand?post=35"},{"taxonomy":"product_cat","embeddable":true,"href":"https:\/\/www.tappy.com.br\/empresas\/wp-json\/wp\/v2\/product_cat?post=35"},{"taxonomy":"product_tag","embeddable":true,"href":"https:\/\/www.tappy.com.br\/empresas\/wp-json\/wp\/v2\/product_tag?post=35"}],"curies":[{"name":"wp","href":"https:\/\/api.w.org\/{rel}","templated":true}]}}