{"id":345,"date":"2024-03-26T10:10:26","date_gmt":"2024-03-26T13:10:26","guid":{"rendered":"https:\/\/www.tappy.com.br\/empresas\/?post_type=product&#038;p=345"},"modified":"2026-04-14T16:05:14","modified_gmt":"2026-04-14T19:05:14","slug":"tecido-corano-dt-original-cipatex-varias-cores-140cm","status":"publish","type":"product","link":"https:\/\/www.tappy.com.br\/empresas\/p\/tecido-corano-dt-original-cipatex-varias-cores-140cm\/","title":{"rendered":"Tecido Corano\u00ae DT Original Cipatex V\u00e1rias Cores 140cm"},"content":{"rendered":"<h2>O que \u00e9 Tecido Corano\u00ae?<\/h2>\n<p>Tamb\u00e9m conhecido pelos nomes de Corino, Courvim entre outros o Tecido Corano\u00ae \u00e9 um produto bastante similar ao couro, produzido com a mais moderna tecnologia e controle de qualidade. Dispon\u00edvel em v\u00e1rias cores e texturas.<\/p>\n<p>Esse tecido para sof\u00e1s \u00e9 capaz de adaptar-se a qualquer ambiente, al\u00e9m de proporcionar mais suavidade ao toque, devido ao acabamento exclusivo <strong>Natural Comfort<\/strong>.<\/p>\n<p>Natural Comfort \u00e9 um acabamento de prote\u00e7\u00e3o em PU produzido exclusivamente para a Cipatex utilizar no Corano\u00ae. Sabe o que isso significa? Que agora, esse tecido est\u00e1 ainda mais parecido com couro. Tudo para proporcionar a voc\u00ea mais conforto, resist\u00eancia e suavidade.<\/p>\n<p>Esse tecido para estofados tr\u00e1s modernidade e alta tecnologia em revestimentos sint\u00e9ticos para estofados, pois \u00e9 uma linha feita sob rigoroso controle de qualidade, ideal para ambientes de uso intenso, como salas de TV, estar e varandas.<\/p>\n<h3>Onde us\u00e1-lo?<\/h3>\n<p>Para personalizar casas e escrit\u00f3rios com estilo e versatilidade, os m\u00f3veis precisam ser confort\u00e1veis e valorizar os ambientes. Corano\u00ae \u00e9 o revestimento sint\u00e9tico ideal para estofados residenciais e de escrit\u00f3rios.<\/p>\n<p><strong>Tecido Corano\u00ae<\/strong>\u00a0valoriza a sua escolha, valoriza os seus momentos e otimiza o seu investimento.<\/p>\n<ul>\n<li>Vers\u00e1til: Oferece variedade de cores e texturas. \u00c9 utilizado em resid\u00eancias e escrit\u00f3rios devido \u00e1 sua resist\u00eancia ao uso constante;<\/li>\n<li>Confort\u00e1vel: Novo acabamento Natural Comfort, que proporciona mais suavidade ao toque;<\/li>\n<li>Resistente: \u00c9 ideal para ambientes com crian\u00e7as, animais de estima\u00e7\u00e3o e para locais de uso intenso, como sala de TV, estar e varandas;<\/li>\n<li>Pr\u00e1tico: \u00c9 imperme\u00e1vel, n\u00e3o ret\u00e9m poeira e \u00e9 f\u00e1cil de limpar;<\/li>\n<li>Econ\u00f4mico: Tem apar\u00eancia de couro natural e pre\u00e7o muito mais acess\u00edvel.<\/li>\n<\/ul>\n<h3>Tecido Corano \u00e9 bom?<\/h3>\n<p>Esse tecido \u00e9 o Courvim mais conceituado e conhecido do mercado, muitas vezes inclusive sendo alvo de c\u00f3pias que n\u00e3o possuem a mesma qualidade e principalmente durabilidade.<\/p>\n<p>Caso voc\u00ea n\u00e3o queira usar o Couro Natural para finalizar o acabamento do seu sof\u00e1 e precise de algo de \u00f3tima qualidade tamb\u00e9m, voc\u00ea deve ent\u00e3o considerar o uso desse tecido, que com certeza valer\u00e1 seu investimento.<\/p>\n<h3>Tecido Corano ou corino?<\/h3>\n<p>Como os tecidos com aspecto de couro s\u00e3o extremamente populares \u00e9 natural que haja a oferta de v\u00e1rios produtos similares no mercado, e a d\u00favida &#8220;Corano ou corino qual o melhor?&#8221; \u00e9 bastante comum. Por sorte essa resposta \u00e9 muito f\u00e1cil de ser respondida<\/p>\n<p>Os n\u00fameros falam por si s\u00f3, pois a Cipatex que produz esse material \u00e9 uma ind\u00fastria renomada com mais de 57 anos no mercado, muito premiada e que exporta tecidos com qualidade de exporta\u00e7\u00e3o para v\u00e1rios pa\u00edses.<\/p>\n<h3>Porqu\u00ea comprar Corano\u00ae Original?<\/h3>\n<p>Somente o Tecido Corano para sof\u00e1s original possui toque macio e confort\u00e1vel em compara\u00e7\u00e3o a qualquer outro Corino do mercado, al\u00e9m de resist\u00eancia para uso prolongado, sem causar desgastes, marcas ou at\u00e9 manchas em roupas claras, como cal\u00e7as Jeans por exemplo.<\/p>\n<p>Normalmente com um investimento muito pouco maior, voc\u00ea ganha anos de vida \u00fatil a mais em seu estofado al\u00e9m dos outros v\u00e1rios benef\u00edcios j\u00e1 citados.<\/p>\n<p><strong><span style=\"font-size: 130%;\">Veja como limpar e conservar seu Tecido Cipatex Corano\u00ae:<\/span><\/strong><\/p>\n<ul>\n<li>\u00c9 indicada a limpeza peri\u00f3dica semanal do revestimento a fim de prevenir o ac\u00famulo de sujeira e outros contaminantes que possam deterior\u00e1-lo e (ou) alterar sua apar\u00eancia;<\/li>\n<li>Manchas e derramamentos devem ser limpos em no m\u00e1ximo 5 minutos para prevenir dano permanente do revestimento;<\/li>\n<li>Realizando uma limpeza r\u00e1pida, muitas das manchas comuns do dia a dia como: gorduras, tintas de canetas, sucos entre outras, podem ser removidas de maneira efetiva. Utilizar sempre \u00e1gua e sab\u00e3o neutro;<\/li>\n<li>Deve ser evitada a utiliza\u00e7\u00e3o de esponjas e outros mat\u00e9rias abrasivos. Solventes como acetonas e Thinner, pois eles podem ser muito eficientes na remo\u00e7\u00e3o de manchas, mas tamb\u00e9m podem causar danos imediatos e permanentes, al\u00e9m de contribuir para a deteriora\u00e7\u00e3o do revestimento;<\/li>\n<li>Produtos multiuso e \u00e1lcool podem ser utilizados casualmente, para remo\u00e7\u00e3o de todo res\u00edduo existente. O procedimento acima efetuado com frequ\u00eancia pode causar danos permanentes no revestimento;<\/li>\n<li>Calor e Sol e demais intemp\u00e9ries podem danificar o material por exposi\u00e7\u00e3o prolongada.<\/li>\n<\/ul>\n<p>Para saber mais sobre esse tecido utilize a P\u00e1gina dedicada criada pela Cipatex: <a title=\"Corano\" href=\"https:\/\/corano.com.br\" target=\"_blank\" rel=\"noopener noreferrer\">Tecido Corano<\/a><\/p>\n","protected":false},"excerpt":{"rendered":"<p><strong>Tecido Corano\u00ae<\/strong> \u00e9 uma marca de tecido muito similar ao &#8220;couro&#8221;, conhecido como um dos melhores tipos de Corino, Courvim. <a href=\"#vantagens\">Veja outras vantagens.<\/a><\/p>\n","protected":false},"featured_media":375,"template":"","meta":[],"product_brand":[1128,1102],"product_cat":[335,20],"product_tag":[336,337,338,339,340,25,302,341],"class_list":{"0":"post-345","1":"product","2":"type-product","3":"status-publish","4":"has-post-thumbnail","6":"product_brand-corano","7":"product_brand-cipatex","8":"product_cat-corino-para-sofas","9":"product_cat-tecidos-para-sofas","10":"product_tag-couro-sintetico","11":"product_tag-courvim","12":"product_tag-tecido-cipatex","13":"product_tag-tecido-corano","14":"product_tag-tecido-corino","15":"product_tag-tecido-para-sofas","16":"product_tag-tecido-sintetico","17":"product_tag-tecidos-cipatex","18":"product_shipping_class-brasil","19":"pa_acabamento-tecido-anti-uv","20":"pa_acabamento-tecido-impermeavel","21":"pa_acabamento-tecido-texturizado","22":"pa_cores-de-tecidos-amarelo-canario","23":"pa_cores-de-tecidos-amarelo-mostarda","24":"pa_cores-de-tecidos-azul-bebe","25":"pa_cores-de-tecidos-azul-claro","26":"pa_cores-de-tecidos-azul-marinho","27":"pa_cores-de-tecidos-azul-royal","28":"pa_cores-de-tecidos-azul-turquesa","29":"pa_cores-de-tecidos-bege","30":"pa_cores-de-tecidos-bege-camurca","31":"pa_cores-de-tecidos-bege-creme","32":"pa_cores-de-tecidos-bege-palha","33":"pa_cores-de-tecidos-bege-rato","34":"pa_cores-de-tecidos-bege-savana","35":"pa_cores-de-tecidos-branco","36":"pa_cores-de-tecidos-branco-bruma","37":"pa_cores-de-tecidos-cinza","38":"pa_cores-de-tecidos-cinza-asfalto","39":"pa_cores-de-tecidos-cinza-claro","40":"pa_cores-de-tecidos-laranja","41":"pa_cores-de-tecidos-marrom","42":"pa_cores-de-tecidos-marrom-camel-rennes","43":"pa_cores-de-tecidos-marrom-cerrado","44":"pa_cores-de-tecidos-marrom-escuro","45":"pa_cores-de-tecidos-marrom-ocre-atlanta","46":"pa_cores-de-tecidos-preto","47":"pa_cores-de-tecidos-rosa-claro","48":"pa_cores-de-tecidos-rosa-pink","49":"pa_cores-de-tecidos-roxo","50":"pa_cores-de-tecidos-verde-alamo","51":"pa_cores-de-tecidos-verde-claro","52":"pa_cores-de-tecidos-verde-musgo","53":"pa_cores-de-tecidos-vermelho","54":"pa_cores-de-tecidos-vermelho-roma","55":"pa_cores-de-tecidos-vermelho-tijolo","56":"pa_cores-de-tecidos-vinho","57":"tm-no-options","59":"first","60":"instock","61":"featured","62":"shipping-taxable","63":"purchasable","64":"product-type-variable"},"_links":{"self":[{"href":"https:\/\/www.tappy.com.br\/empresas\/wp-json\/wp\/v2\/product\/345","targetHints":{"allow":["GET"]}}],"collection":[{"href":"https:\/\/www.tappy.com.br\/empresas\/wp-json\/wp\/v2\/product"}],"about":[{"href":"https:\/\/www.tappy.com.br\/empresas\/wp-json\/wp\/v2\/types\/product"}],"wp:featuredmedia":[{"embeddable":true,"href":"https:\/\/www.tappy.com.br\/empresas\/wp-json\/wp\/v2\/media\/375"}],"wp:attachment":[{"href":"https:\/\/www.tappy.com.br\/empresas\/wp-json\/wp\/v2\/media?parent=345"}],"wp:term":[{"taxonomy":"product_brand","embeddable":true,"href":"https:\/\/www.tappy.com.br\/empresas\/wp-json\/wp\/v2\/product_brand?post=345"},{"taxonomy":"product_cat","embeddable":true,"href":"https:\/\/www.tappy.com.br\/empresas\/wp-json\/wp\/v2\/product_cat?post=345"},{"taxonomy":"product_tag","embeddable":true,"href":"https:\/\/www.tappy.com.br\/empresas\/wp-json\/wp\/v2\/product_tag?post=345"}],"curies":[{"name":"wp","href":"https:\/\/api.w.org\/{rel}","templated":true}]}}