{"id":3436,"date":"2025-05-18T13:07:30","date_gmt":"2025-05-18T16:07:30","guid":{"rendered":"https:\/\/www.tappy.com.br\/empresas\/?post_type=product&#038;p=3436"},"modified":"2026-04-30T22:52:13","modified_gmt":"2026-05-01T01:52:13","slug":"tecido-chenille-yotto-varias-cores-142cm","status":"publish","type":"product","link":"https:\/\/www.tappy.com.br\/empresas\/p\/tecido-chenille-yotto-varias-cores-142cm\/","title":{"rendered":"Tecido Chenille Yotto V\u00e1rias Cores 142cm"},"content":{"rendered":"<h2>O que \u00e9 Chenille?<\/h2>\n<p>&nbsp;<\/p>\n<h2>Onde us\u00e1-lo?<\/h2>\n<p>&nbsp;<\/p>\n<h2>Tecido Chenille Yotto \u00e9 bom?<\/h2>\n<p>&nbsp;<\/p>\n","protected":false},"excerpt":{"rendered":"<p>\u00c9 um tecido que tr\u00e1s o melhor da est\u00e9tica tradicional do chenille com afeito flam\u00ea comum nos tecidos de linho, formando um tecido \u00fanico e perfeito para decora\u00e7\u00e3o cl\u00e1ssica. <a href=\"#vantagens\">Veja outras vantagens.<\/a><\/p>\n","protected":false},"featured_media":3487,"template":"","meta":[],"product_brand":[1108],"product_cat":[825,20],"product_tag":[1085,370,1087,709,24,25,27,1071],"class_list":{"0":"post-3436","1":"product","2":"type-product","3":"status-publish","4":"has-post-thumbnail","6":"product_brand-tappy","7":"product_cat-tecido-chenille-para-sofas","8":"product_cat-tecidos-para-sofas","9":"product_tag-chenille","10":"product_tag-tecido-algodao","11":"product_tag-tecido-chenille","12":"product_tag-tecido-natural","13":"product_tag-tecido-para-estofados","14":"product_tag-tecido-para-sofas","15":"product_tag-tecido-texturizado","16":"product_tag-toque-extra-macio","17":"product_shipping_class-brasil","18":"pa_acabamento-tecido-texturizado","19":"pa_acabamento-tecido-tramado","20":"pa_cores-de-tecidos-azul-metalico","21":"pa_cores-de-tecidos-cinza-classic","22":"pa_cores-de-tecidos-cinza-lunar","23":"pa_cores-de-tecidos-off-white-natural","24":"pa_cores-de-tecidos-off-white-mescla","25":"pa_cores-de-tecidos-rosa-rose","26":"pa_cores-de-tecidos-verde-floresta","27":"tm-no-options","29":"first","30":"instock","31":"featured","32":"shipping-taxable","33":"purchasable","34":"product-type-variable"},"_links":{"self":[{"href":"https:\/\/www.tappy.com.br\/empresas\/wp-json\/wp\/v2\/product\/3436","targetHints":{"allow":["GET"]}}],"collection":[{"href":"https:\/\/www.tappy.com.br\/empresas\/wp-json\/wp\/v2\/product"}],"about":[{"href":"https:\/\/www.tappy.com.br\/empresas\/wp-json\/wp\/v2\/types\/product"}],"wp:featuredmedia":[{"embeddable":true,"href":"https:\/\/www.tappy.com.br\/empresas\/wp-json\/wp\/v2\/media\/3487"}],"wp:attachment":[{"href":"https:\/\/www.tappy.com.br\/empresas\/wp-json\/wp\/v2\/media?parent=3436"}],"wp:term":[{"taxonomy":"product_brand","embeddable":true,"href":"https:\/\/www.tappy.com.br\/empresas\/wp-json\/wp\/v2\/product_brand?post=3436"},{"taxonomy":"product_cat","embeddable":true,"href":"https:\/\/www.tappy.com.br\/empresas\/wp-json\/wp\/v2\/product_cat?post=3436"},{"taxonomy":"product_tag","embeddable":true,"href":"https:\/\/www.tappy.com.br\/empresas\/wp-json\/wp\/v2\/product_tag?post=3436"}],"curies":[{"name":"wp","href":"https:\/\/api.w.org\/{rel}","templated":true}]}}