{"id":3433,"date":"2025-05-18T13:07:29","date_gmt":"2025-05-18T16:07:29","guid":{"rendered":"https:\/\/www.tappy.com.br\/empresas\/?post_type=product&#038;p=3433"},"modified":"2026-05-05T18:50:33","modified_gmt":"2026-05-05T21:50:33","slug":"tecido-chenille-tramado-paisley-varias-cores-140cm","status":"publish","type":"product","link":"https:\/\/www.tappy.com.br\/empresas\/p\/tecido-chenille-tramado-paisley-varias-cores-140cm\/","title":{"rendered":"Tecido Chenille Tramado Paisley V\u00e1rias Cores 140cm"},"content":{"rendered":"<h2>O que \u00e9 Chenille Tramado?<\/h2>\n<p>Inspirado na cidade escocesa de Paisley, no final do s\u00e9culo XIX, conhecida mundialmente como centro global da ind\u00fastria de tecelagem de chenille, o Chenille Tramado Paisley une tradi\u00e7\u00e3o e eleg\u00e2ncia em um tecido que conquista pelo toque e apar\u00eancia de linho r\u00fastico.<\/p>\n<p>Esse tecido \u00e9 feito de fibras naturais e mistas e sua textura \u00e9 muito macia, com toque um pouco aveludado e levemente brilhante. Sua trama encorpada e sua gramatura de 396g\/m linear (ou 283g\/m\u00b2 ) garantem resist\u00eancia e durabilidade, caracter\u00edsticas principais desse tipo de tecido.<br \/>\nChenille Tramado Paisley \u00e9 sin\u00f4nimo de luxo e exclusividade para projetos de alto padr\u00e3o.<\/p>\n<p>Dispon\u00edvel em cores elegantes e vers\u00e1teis, o Chenille Tramado Paisley traz charme e personalidade a qualquer ambiente.<br \/>\nMais do que um tecido, ele \u00e9 um convite ao toque, ao conforto e \u00e0 beleza com tradi\u00e7\u00e3o.<\/p>\n<h2>Onde us\u00e1-lo?<\/h2>\n<p>Pode ser aplicado em todos os tipos de estofamentos decorativos (ambientes internos), desde sof\u00e1s, poltronas, cadeiras, almofadas e puffes.<br \/>\nDestaque sua sala de estar utilizando esse tecido em sof\u00e1s e poltronas com o m\u00f3vel centralizado ou mais exposto aos olhares de todos da casa e visitantes.<br \/>\nN\u00e3o \u00e9 indicado para ambientes que possuem gatos pois podem arranhar o tecido e danific\u00e1-lo.<\/p>\n<h2>Tecido Tramado Paisley \u00e9 bom?<\/h2>\n<p>Esse tecido possui alto padr\u00e3o de qualidade e uma beleza \u00fanica para projetos que desejam dar personalidade para ambientes.<\/p>\n","protected":false},"excerpt":{"rendered":"<p><strong>Tecido Chenille Tramado Paisley<\/strong>\u00a0\u00e9 um tecido chenille com aspecto de linho de toque macio, feito de fibras naturais e sint\u00e9ticas mistas. <a href=\"#vantagens\">Veja outras vantagens.<\/a><\/p>\n","protected":false},"featured_media":3462,"template":"","meta":[],"product_brand":[1108],"product_cat":[825,62,56,20],"product_tag":[1085,1086,1096,370,1087,709,24,25,27,1071],"class_list":{"0":"post-3433","1":"product","2":"type-product","3":"status-publish","4":"has-post-thumbnail","6":"product_brand-tappy","7":"product_cat-tecido-chenille-para-sofas","8":"product_cat-fibras-naturais","9":"product_cat-tecido-linho-para-sofas","10":"product_cat-tecidos-para-sofas","11":"product_tag-chenille","12":"product_tag-chenille-natural","13":"product_tag-chenille-tramado","14":"product_tag-tecido-algodao","15":"product_tag-tecido-chenille","16":"product_tag-tecido-natural","17":"product_tag-tecido-para-estofados","18":"product_tag-tecido-para-sofas","19":"product_tag-tecido-texturizado","20":"product_tag-toque-extra-macio","21":"product_shipping_class-brasil","22":"pa_acabamento-tecido-texturizado","23":"pa_acabamento-tecido-tramado","24":"pa_cores-de-tecidos-amarelo-mostarda","25":"pa_cores-de-tecidos-bege-fendi","26":"pa_cores-de-tecidos-off-white-mescla","27":"pa_cores-de-tecidos-verde-folha","28":"pa_cores-de-tecidos-verde-militar","29":"pa_cores-de-tecidos-vermelho-terracota","30":"tm-no-options","32":"first","33":"instock","34":"featured","35":"shipping-taxable","36":"purchasable","37":"product-type-variable"},"_links":{"self":[{"href":"https:\/\/www.tappy.com.br\/empresas\/wp-json\/wp\/v2\/product\/3433","targetHints":{"allow":["GET"]}}],"collection":[{"href":"https:\/\/www.tappy.com.br\/empresas\/wp-json\/wp\/v2\/product"}],"about":[{"href":"https:\/\/www.tappy.com.br\/empresas\/wp-json\/wp\/v2\/types\/product"}],"wp:featuredmedia":[{"embeddable":true,"href":"https:\/\/www.tappy.com.br\/empresas\/wp-json\/wp\/v2\/media\/3462"}],"wp:attachment":[{"href":"https:\/\/www.tappy.com.br\/empresas\/wp-json\/wp\/v2\/media?parent=3433"}],"wp:term":[{"taxonomy":"product_brand","embeddable":true,"href":"https:\/\/www.tappy.com.br\/empresas\/wp-json\/wp\/v2\/product_brand?post=3433"},{"taxonomy":"product_cat","embeddable":true,"href":"https:\/\/www.tappy.com.br\/empresas\/wp-json\/wp\/v2\/product_cat?post=3433"},{"taxonomy":"product_tag","embeddable":true,"href":"https:\/\/www.tappy.com.br\/empresas\/wp-json\/wp\/v2\/product_tag?post=3433"}],"curies":[{"name":"wp","href":"https:\/\/api.w.org\/{rel}","templated":true}]}}