{"id":3432,"date":"2025-05-18T13:07:29","date_gmt":"2025-05-18T16:07:29","guid":{"rendered":"https:\/\/www.tappy.com.br\/empresas\/?post_type=product&#038;p=3432"},"modified":"2026-03-06T02:06:01","modified_gmt":"2026-03-06T05:06:01","slug":"tecido-linho-premium-bellagio-allegro-varias-cores-145cm","status":"publish","type":"product","link":"https:\/\/www.tappy.com.br\/empresas\/p\/tecido-linho-premium-bellagio-allegro-varias-cores-145cm\/","title":{"rendered":"Tecido Linho Premium Bellagio Allegro V\u00e1rias Cores 145cm"},"content":{"rendered":"<h2>O que \u00e9 Linho Premium Bellagio Allegro?<\/h2>\n<p>\u00c9 um <strong>Tecido Linho para Sof\u00e1s <\/strong>sint\u00e9tico grosso de alta durabilidade, resist\u00eancia e maciez. \u00c9 um tecido de qualidade ultra premium, pr\u00f3prio para acabamento em estofados de alto valor agregado.<\/p>\n<p>Esse tecido para sof\u00e1s est\u00e1 pronto para atender aos mais exigentes padr\u00f5es de decora\u00e7\u00e3o de alta linha, podendo ser incorporado a projetos ousados devido as <strong>cores marcantes e textura aparente<\/strong>.<\/p>\n<p>A gramatura deste <strong>Tecido Linho <\/strong>\u00e9 capaz de garantir uma dura\u00e7\u00e3o insuper\u00e1vel, j\u00e1 que ele pesa 566g por metro linear e 390g\/m\u00b2. A sua face(felpa) possui 340g\/m\u00b2 de tecido tramado por urdume plano de cores mistas com aspecto de linho e as 50g\/m\u00b2 restantes pertencem a seu forro de poli\u00e9ster tipo feltro que proporciona maior resist\u00eancia e conforto.<\/p>\n<h2>Onde us\u00e1-lo?<\/h2>\n<p>Esse Linho possui fibras de espessuras especiais para facilitar sua limpeza, isso pode ser feito em casa de forma bem f\u00e1cil, sempre tomando alguns cuidados. Veja mais em &#8220;Informa\u00e7\u00e3o Adicional&#8221; abaixo.<\/p>\n<p>Suas cores especiais foram pensadas para ambientes dos quais as cores precisam ser trabalhadas de forma mais alegre, como ambientes de cl\u00ednicas infantis, escolas, academias e outros ambientes profissionais.<\/p>\n<h2>Tecido Linho Premium Bellagio Allegro \u00e9 bom?<\/h2>\n<p>Dentre os linhos sint\u00e9ticos \u00e9 o mais nobre que oferecemos at\u00e9 agora, ir\u00e1 agradar at\u00e9 os mais exigentes e est\u00e1 pronto para atender a projetos de alta decora\u00e7\u00e3o contempor\u00e2neos.<\/p>\n<p><span style=\"font-size: 130%;\"><em><strong>Outras Caracter\u00edsticas T\u00e9cnicas:<\/strong><\/em><\/span><\/p>\n<p><em>Tecido plano dublado, face constru\u00e7\u00e3o maquinetado, tinto em pe\u00e7a formado por filamentos de poli\u00e9ster reunidos por colagem com um n\u00e3o tecido formado por fibras de poli\u00e9ster. Tecido plano em 100% poli\u00e9ster com 1,45m de largura, aspecto de linho, dublado e \u00f3tima resist\u00eancia.<\/em><\/p>\n","protected":false},"excerpt":{"rendered":"<p><strong>Tecido Linho Bellagio Allegro<\/strong>\u00a0\u00e9 um tecido para estofados de alta decora\u00e7\u00e3o, com cores exclusivas e alt\u00edssima qualidade. <a href=\"#vantagens\">Veja outras vantagens.<\/a><\/p>\n","protected":false},"featured_media":3459,"template":"","meta":[],"product_brand":[1108],"product_cat":[56,20],"product_tag":[57,58,59,378,60,25,55,302,27,28],"class_list":{"0":"post-3432","1":"product","2":"type-product","3":"status-publish","4":"has-post-thumbnail","6":"product_brand-tappy","7":"product_cat-tecido-linho-para-sofas","8":"product_cat-tecidos-para-sofas","9":"product_tag-linho","10":"product_tag-linho-para-sofas","11":"product_tag-linho-sintetico","12":"product_tag-tecido","13":"product_tag-tecido-linho","14":"product_tag-tecido-para-sofas","15":"product_tag-tecido-poliester","16":"product_tag-tecido-sintetico","17":"product_tag-tecido-texturizado","18":"product_tag-tecidos-tappy","19":"product_shipping_class-brasil","20":"pa_acabamento-tecido-texturizado","21":"pa_acabamento-tecido-tramado","22":"pa_cores-de-tecidos-azul-neon","23":"pa_cores-de-tecidos-rosa","24":"pa_cores-de-tecidos-rosa-pessego","25":"pa_cores-de-tecidos-roxo-lavanda","26":"pa_cores-de-tecidos-verde-limao-neon","27":"tm-no-options","29":"first","30":"onbackorder","31":"shipping-taxable","32":"purchasable","33":"product-type-variable"},"_links":{"self":[{"href":"https:\/\/www.tappy.com.br\/empresas\/wp-json\/wp\/v2\/product\/3432","targetHints":{"allow":["GET"]}}],"collection":[{"href":"https:\/\/www.tappy.com.br\/empresas\/wp-json\/wp\/v2\/product"}],"about":[{"href":"https:\/\/www.tappy.com.br\/empresas\/wp-json\/wp\/v2\/types\/product"}],"wp:featuredmedia":[{"embeddable":true,"href":"https:\/\/www.tappy.com.br\/empresas\/wp-json\/wp\/v2\/media\/3459"}],"wp:attachment":[{"href":"https:\/\/www.tappy.com.br\/empresas\/wp-json\/wp\/v2\/media?parent=3432"}],"wp:term":[{"taxonomy":"product_brand","embeddable":true,"href":"https:\/\/www.tappy.com.br\/empresas\/wp-json\/wp\/v2\/product_brand?post=3432"},{"taxonomy":"product_cat","embeddable":true,"href":"https:\/\/www.tappy.com.br\/empresas\/wp-json\/wp\/v2\/product_cat?post=3432"},{"taxonomy":"product_tag","embeddable":true,"href":"https:\/\/www.tappy.com.br\/empresas\/wp-json\/wp\/v2\/product_tag?post=3432"}],"curies":[{"name":"wp","href":"https:\/\/api.w.org\/{rel}","templated":true}]}}