{"id":3426,"date":"2025-05-18T13:07:25","date_gmt":"2025-05-18T16:07:25","guid":{"rendered":"https:\/\/www.tappy.com.br\/empresas\/?post_type=product&#038;p=3426"},"modified":"2026-04-28T20:16:20","modified_gmt":"2026-04-28T23:16:20","slug":"tecido-camurca-impermeavel-supersuede-easy-clean-cores-140cm","status":"publish","type":"product","link":"https:\/\/www.tappy.com.br\/empresas\/p\/tecido-camurca-impermeavel-supersuede-easy-clean-cores-140cm\/","title":{"rendered":"Tecido Camur\u00e7a Supersuede\u00ae Easy Clean V\u00e1rias Cores 140cm"},"content":{"rendered":"<div class=\"row\"  id=\"row-1175890185\">\n\n\t<div id=\"col-874362304\" class=\"col small-12 large-12\"  >\n\t\t\t\t<div class=\"col-inner\"  >\n\t\t\t\n\t\t\t\n<h3>O que \u00e9 Camur\u00e7a Supersuede\u00ae?<\/h3>\n<p class=\"lead\">\u00c9 um tipo de camur\u00e7a de ultra alta qualidade, com toque e apar\u00eancia extremamente fiel ao da pele curtida de animais. Possui todas as vantagens de um tecido de camur\u00e7a sint\u00e9tica, maior durabilidade, maior facilidade de limpeza e \u00f3tima perman\u00eancia da cor.<\/p>\n<p class=\"lead\">Supersuede \u00e9 uma marca registrada Tappy e \u00e9 uma refer\u00eancia direta a superioridade desse tecido em compara\u00e7\u00e3o a suedes tradicionais.<\/p>\n\t\t<\/div>\n\t\t\t\t\t<\/div>\n\n\t\n\n\t<div id=\"col-1357854446\" class=\"col medium-6 small-12 large-6\"  >\n\t\t\t\t<div class=\"col-inner\"  >\n\t\t\t\n\t\t\t\n<h3>Onde us\u00e1-lo?<\/h3>\n<p>Veja as poss\u00edveis aplica\u00e7\u00f5es para esse produto:<\/p>\n<h4>Moda e Vestu\u00e1rio<\/h4>\n<ul>\n<li><strong>Acess\u00f3rios<\/strong>: Bolsas, sapatos, cintos e chap\u00e9us de camur\u00e7a s\u00e3o populares e adicionam um toque de luxo ao visual.<\/li>\n<li><strong>Detalhes de Roupas<\/strong>: Pode ser usada em detalhes como cotoveleiras, ombreiras e at\u00e9 em acabamentos de roupas, para adicionar textura e resist\u00eancia.<\/li>\n<\/ul>\n<h4>Decora\u00e7\u00e3o de Interiores<\/h4>\n<ul>\n<li><strong>M\u00f3veis<\/strong>: Sof\u00e1s, cadeiras e pufes revestidos de camur\u00e7a oferecem conforto e eleg\u00e2ncia. A camur\u00e7a \u00e9 ideal para criar uma sensa\u00e7\u00e3o de luxo em salas de estar e \u00e1reas de leitura.<\/li>\n<li><strong>Almofadas<\/strong>: Almofadas e tapetes de camur\u00e7a adicionam textura e sofistica\u00e7\u00e3o a qualquer ambiente.<\/li>\n<\/ul>\n<h4>Artesanato e DIY<\/h4>\n<ul>\n<li><strong>Bijuterias e Acess\u00f3rios<\/strong>: Pe\u00e7as pequenas como pulseiras, colares e chaveiros podem ser feitos de camur\u00e7a, proporcionando um visual artesanal e r\u00fastico.<\/li>\n<li><strong>Encaderna\u00e7\u00e3o de Livros<\/strong>: Cadernos e di\u00e1rios com capas de camur\u00e7a s\u00e3o elegantes e dur\u00e1veis.<\/li>\n<li><strong>Projetos de Arte<\/strong>: A camur\u00e7a pode ser usada em colagens, pain\u00e9is de arte e outros projetos criativos para adicionar textura e profundidade.<\/li>\n<\/ul>\n<h4>Automotivo<\/h4>\n<ul>\n<li><strong>Estofamento de Carros<\/strong>: Bancos de carro revestidos de camur\u00e7a s\u00e3o um s\u00edmbolo de luxo e conforto.<\/li>\n<li><strong>Detalhes Internos<\/strong>: Pode ser usada em detalhes como pain\u00e9is de portas, volantes e alavancas de c\u00e2mbio para um toque sofisticado.<br \/>\n<hr \/>\n<ul>\n<li class=\"uppercase\"><span style=\"font-size: 120%;\">F\u00e1cil Manuten\u00e7\u00e3o;<\/span><\/li>\n<li class=\"uppercase\"><span style=\"font-size: 120%;\">RESISTENTE A PETS;<\/span><\/li>\n<li class=\"uppercase\"><span style=\"font-size: 120%;\">Toque macio;<\/span><\/li>\n<li class=\"uppercase\"><span style=\"font-size: 120%;\">DUrabilidade das cores;<\/span><\/li>\n<li class=\"uppercase\"><span style=\"font-size: 120%;\">N\u00e3o possui efeito plastificado;<\/span><\/li>\n<\/ul>\n<hr \/>\n<p class=\"uppercase\"><span style=\"font-size: 150%;\"><span style=\"color: #0000ff;\"><strong><span class=\"fancy-underline\">REPEL\u00eancia a l\u00edquidos<\/span><\/strong><\/span>\u00a0E easy clean<\/span><\/p>\n<\/li>\n<\/ul>\n\t\t<\/div>\n\t\t\t\t\t<\/div>\n\n\t\n\n\t<div id=\"col-2093492986\" class=\"col medium-6 small-12 large-6\"  >\n\t\t\t\t<div class=\"col-inner\"  >\n\t\t\t\n\t\t\t\n<p>A gramatura deste tecido ir\u00e1 garantir \u00f3tima dura\u00e7\u00e3o j\u00e1 que ele conta com um forro no verso para refor\u00e7\u00e1-lo. Falando nisso, esse tecido tem 532g por metro linear e 380g\/m\u00b2 sendo assim, 70g\/m\u00b2 pertencem a tela do forro e os 310g\/m\u00b2 restantes, \u00e0 face do tecido.<\/p>\n<h3>O que \u00e9 Easy Clean?<\/h3>\n<div class=\"flex flex-grow flex-col max-w-full\">\n<div class=\"min-h-&#091;20px&#093; text-message flex flex-col items-start whitespace-pre-wrap break-words &#091;.text-message+&amp;&#093;:mt-5 juice:w-full juice:items-end overflow-x-auto gap-2\" dir=\"auto\" data-message-author-role=\"assistant\" data-message-id=\"4b66b075-3bea-4afd-9b47-68181eafadaf\">\n<div class=\"flex w-full flex-col gap-1 juice:empty:hidden juice:first:pt-&#091;3px&#093;\">\n<div class=\"markdown prose w-full break-words dark:prose-invert light\">\n<p>&#8220;Easy Clean&#8221; refere-se a tecnologias ou tratamentos aplicados a tecidos e superf\u00edcies que facilitam a limpeza e a manuten\u00e7\u00e3o. Esses tratamentos s\u00e3o projetados para tornar os materiais resistentes a manchas, sujeira e l\u00edquidos, permitindo que a maioria das subst\u00e2ncias possa ser removida facilmente sem a necessidade de produtos de limpeza fortes ou m\u00e9todos de limpeza intensivos.<\/p>\n<p>Algumas caracter\u00edsticas e benef\u00edcios de produtos &#8220;Easy Clean&#8221; incluem:<\/p>\n<ul>\n<li><strong>Resist\u00eancia a Manchas<\/strong>: Muitos tecidos Easy Clean t\u00eam um revestimento que impede que l\u00edquidos e sujeira penetrem nas fibras, facilitando a remo\u00e7\u00e3o de manchas.<\/li>\n<li><strong>Facilidade de Limpeza<\/strong>: Normalmente, um pano \u00famido ou uma esponja \u00e9 suficiente para limpar a superf\u00edcie, economizando tempo e esfor\u00e7o.<\/li>\n<li><strong>Durabilidade<\/strong>: O tratamento Easy Clean n\u00e3o compromete a durabilidade do tecido, mantendo sua apar\u00eancia e qualidade por mais tempo.<\/li>\n<li><strong>Conforto<\/strong>: Mant\u00e9m a suavidade e o conforto do material original, ao mesmo tempo em que oferece benef\u00edcios pr\u00e1ticos adicionais.<\/li>\n<\/ul>\n<p>A tecnologia Easy Clean \u00e9 especialmente popular em ambientes onde a manuten\u00e7\u00e3o f\u00e1cil e a resist\u00eancia a manchas s\u00e3o importantes, como em lares com crian\u00e7as e animais de estima\u00e7\u00e3o, bem como em espa\u00e7os p\u00fablicos e comerciais.<\/p>\n<\/div>\n<\/div>\n<\/div>\n<\/div>\n<h3>Tecido Camur\u00e7a Easy Clean Supersuede\u00ae \u00e9 bom?<\/h3>\n<p>A Tappy \u00e9 conhecida por oferecer tecidos de refer\u00eancia, e esse tecido que possui textura suave e acabamento de alta qualidade \u00e9 ideal para uma variedade de aplica\u00e7\u00f5es, desde de decora\u00e7\u00e3o at\u00e9 o ramo da moda.<\/p>\n<p>Ele foi projetado para ser dur\u00e1vel, mantendo sua apar\u00eancia e textura id\u00eanticas mesmo ap\u00f3s um uso prolongado, como \u00e9 oferecido em uma ampla gama de cores, isso permite que voc\u00ea encontre a varia\u00e7\u00e3o perfeita para o seu projeto.<\/p>\n\t\t<\/div>\n\t\t\t\t\t<\/div>\n\n\t\n<\/div>\n","protected":false},"excerpt":{"rendered":"<p>Tecido Camur\u00e7a Supersuede\u00ae Easy Clean \u00e9 um tecido para estofados com fios ultra finos, alta gramatura e toque \u00fanico de pelagem do tipo camur\u00e7a natural. <a href=\"#vantagens\">Veja outras vantagens.<\/a><\/p>\n","protected":false},"featured_media":3447,"template":"","meta":[],"product_brand":[1112,1108],"product_cat":[21,369,20],"product_tag":[1092,1093,1094,1095,372,24,25,28,1071],"class_list":{"0":"post-3426","1":"product","2":"type-product","3":"status-publish","4":"has-post-thumbnail","6":"product_brand-supersuede","7":"product_brand-tappy","8":"product_cat-tecido-suede-para-sofas","9":"product_cat-tecido-impermeavel-para-sofas","10":"product_cat-tecidos-para-sofas","11":"product_tag-camurca-premium","12":"product_tag-easy-clean","13":"product_tag-supersuede","14":"product_tag-tecido-easy-clean","15":"product_tag-tecido-impermeabilizado","16":"product_tag-tecido-para-estofados","17":"product_tag-tecido-para-sofas","18":"product_tag-tecidos-tappy","19":"product_tag-toque-extra-macio","20":"product_shipping_class-brasil","21":"pa_acabamento-impermeavel-a-substancias-aquosas-e-oleosas","22":"pa_acabamento-tecido-antimancha","23":"pa_acabamento-tecido-easy-clean","24":"pa_acabamento-tecido-impermeavel","25":"pa_acabamento-tecido-liso","26":"pa_acabamento-tecido-pet-friendly","27":"pa_cores-de-tecidos-azul-marinho","28":"pa_cores-de-tecidos-branco-bruma","29":"pa_cores-de-tecidos-cinza-classic","30":"pa_cores-de-tecidos-cinza-lunar","31":"pa_cores-de-tecidos-marrom-caramelo","32":"pa_cores-de-tecidos-marrom-tabaco","33":"pa_cores-de-tecidos-preto","34":"pa_cores-de-tecidos-verde-militar","35":"pa_cores-de-tecidos-vermelho-terracota","36":"tm-no-options","38":"first","39":"instock","40":"featured","41":"shipping-taxable","42":"purchasable","43":"product-type-variable"},"_links":{"self":[{"href":"https:\/\/www.tappy.com.br\/empresas\/wp-json\/wp\/v2\/product\/3426","targetHints":{"allow":["GET"]}}],"collection":[{"href":"https:\/\/www.tappy.com.br\/empresas\/wp-json\/wp\/v2\/product"}],"about":[{"href":"https:\/\/www.tappy.com.br\/empresas\/wp-json\/wp\/v2\/types\/product"}],"wp:featuredmedia":[{"embeddable":true,"href":"https:\/\/www.tappy.com.br\/empresas\/wp-json\/wp\/v2\/media\/3447"}],"wp:attachment":[{"href":"https:\/\/www.tappy.com.br\/empresas\/wp-json\/wp\/v2\/media?parent=3426"}],"wp:term":[{"taxonomy":"product_brand","embeddable":true,"href":"https:\/\/www.tappy.com.br\/empresas\/wp-json\/wp\/v2\/product_brand?post=3426"},{"taxonomy":"product_cat","embeddable":true,"href":"https:\/\/www.tappy.com.br\/empresas\/wp-json\/wp\/v2\/product_cat?post=3426"},{"taxonomy":"product_tag","embeddable":true,"href":"https:\/\/www.tappy.com.br\/empresas\/wp-json\/wp\/v2\/product_tag?post=3426"}],"curies":[{"name":"wp","href":"https:\/\/api.w.org\/{rel}","templated":true}]}}