{"id":34,"date":"2024-03-26T10:08:33","date_gmt":"2024-03-26T13:08:33","guid":{"rendered":"https:\/\/www.tappy.com.br\/empresas\/?post_type=product&#038;p=34"},"modified":"2026-04-21T21:39:17","modified_gmt":"2026-04-22T00:39:17","slug":"tecido-suede-amassado-varias-cores-140cm","status":"publish","type":"product","link":"https:\/\/www.tappy.com.br\/empresas\/p\/tecido-suede-amassado-varias-cores-140cm\/","title":{"rendered":"Tecido Suede Amassado V\u00e1rias Cores 140cm"},"content":{"rendered":"<h2>O que \u00e9 Suede Amassado?<\/h2>\n<p>\u00c9 um suede para sof\u00e1s com amassados que garantem uma est\u00e9tica r\u00fastica e elegante para qualquer ambiente. Esse material foi criado assim para atrair a aten\u00e7\u00e3o como algo n\u00e3o convencional.<\/p>\n<p>\u00c9 um Tecido Suede muito popular, presente no mercado a quase 10 anos sendo aprovado e garantido pelos consumidores que os utilizam at\u00e9 hoje.<\/p>\n<p>\u00c9 um tecido de gramatura leve, por\u00e9m grossa o suficiente para fornecer boa dura\u00e7\u00e3o j\u00e1 que ele conta com um forro no verso para refor\u00e7a-lo. Falando nisso esse tecido tem 266g por metro linear e 190g\/m\u00b2, sendo assim 40g\/m\u00b2 pertencem a tela do forro e os 150g\/m\u00b2 restantes \u00e0 face do tecido.<\/p>\n<h2>Onde us\u00e1-lo?<\/h2>\n<p>\u00c9 um tecido democr\u00e1tico que pode ser usado em grandes pe\u00e7as, como sof\u00e1s por exemplo, mas tamb\u00e9m em estofamentos menores como puffs e almofadas. Sua versatilidade permite at\u00e9 a aplica\u00e7\u00e3o em paredes. Uma possibilidade seria mesclar o Suede amassado com algum outro tecido liso, algo muito bonito.<\/p>\n<p>Para sua limpeza \u00e9 indicado contratar um servi\u00e7o especializado, j\u00e1 que friccionar esse tecido n\u00e3o \u00e9 algo muito indicado, pois seus amassados podem perder defini\u00e7\u00e3o.<\/p>\n<h2>Tecido Suede Amassado \u00e9 bom?<\/h2>\n<p>Esse <strong>Tecido Suede <\/strong>\u00e9 uma \u00f3tima combina\u00e7\u00e3o entre produto de qualidade com baixo pre\u00e7o de custo. Use sua criatividade para criar estofados incr\u00edveis com esse excelente material para revestimento.<\/p>\n<p>Gostaria de entender ainda mais sobre o Suede Amassado? Que tal esses links?<\/p>\n<p><a href=\"https:\/\/www.tappy.com.br\/blog\/tudo-sobre-tecido-suede\/\">Tudo sobre Tecido Suede<\/a><\/p>\n","protected":false},"excerpt":{"rendered":"<p><strong>Tecido Suede Amassado<\/strong> \u00e9 um dos tecidos mais vendidos do mercado, sendo uma das melhores escolhas custo-benef\u00edcio. <a href=\"#vantagens\">Veja outras vantagens.<\/a><\/p>\n","protected":false},"featured_media":67,"template":"","meta":[],"product_brand":[],"product_cat":[21,20],"product_tag":[22,23,24,25,26,27,28],"class_list":{"0":"post-34","1":"product","2":"type-product","3":"status-publish","4":"has-post-thumbnail","6":"product_cat-tecido-suede-para-sofas","7":"product_cat-tecidos-para-sofas","8":"product_tag-suede","9":"product_tag-suede-para-sofas","10":"product_tag-tecido-para-estofados","11":"product_tag-tecido-para-sofas","12":"product_tag-tecido-suede","13":"product_tag-tecido-texturizado","14":"product_tag-tecidos-tappy","15":"product_shipping_class-brasil","16":"pa_acabamento-tecido-falso-liso","17":"pa_acabamento-tecido-pet-friendly","18":"pa_cores-de-tecidos-azul-forca-aerea","19":"pa_cores-de-tecidos-azul-metalico","20":"pa_cores-de-tecidos-bege-chino","21":"pa_cores-de-tecidos-bege-funghi","22":"pa_cores-de-tecidos-bege-savana","23":"pa_cores-de-tecidos-branco-bruma","24":"pa_cores-de-tecidos-cinza-classic","25":"pa_cores-de-tecidos-cinza-taupe","26":"pa_cores-de-tecidos-marrom-bison","27":"pa_cores-de-tecidos-marrom-cafe","28":"pa_cores-de-tecidos-marrom-pinha","29":"pa_cores-de-tecidos-marrom-tabaco","30":"pa_cores-de-tecidos-off-white-natural","31":"pa_cores-de-tecidos-preto","32":"pa_cores-de-tecidos-vermelho-roma","33":"pa_cores-de-tecidos-vermelho-urucum","34":"tm-no-options","36":"first","37":"instock","38":"sale","39":"shipping-taxable","40":"purchasable","41":"product-type-variable"},"_links":{"self":[{"href":"https:\/\/www.tappy.com.br\/empresas\/wp-json\/wp\/v2\/product\/34","targetHints":{"allow":["GET"]}}],"collection":[{"href":"https:\/\/www.tappy.com.br\/empresas\/wp-json\/wp\/v2\/product"}],"about":[{"href":"https:\/\/www.tappy.com.br\/empresas\/wp-json\/wp\/v2\/types\/product"}],"wp:featuredmedia":[{"embeddable":true,"href":"https:\/\/www.tappy.com.br\/empresas\/wp-json\/wp\/v2\/media\/67"}],"wp:attachment":[{"href":"https:\/\/www.tappy.com.br\/empresas\/wp-json\/wp\/v2\/media?parent=34"}],"wp:term":[{"taxonomy":"product_brand","embeddable":true,"href":"https:\/\/www.tappy.com.br\/empresas\/wp-json\/wp\/v2\/product_brand?post=34"},{"taxonomy":"product_cat","embeddable":true,"href":"https:\/\/www.tappy.com.br\/empresas\/wp-json\/wp\/v2\/product_cat?post=34"},{"taxonomy":"product_tag","embeddable":true,"href":"https:\/\/www.tappy.com.br\/empresas\/wp-json\/wp\/v2\/product_tag?post=34"}],"curies":[{"name":"wp","href":"https:\/\/api.w.org\/{rel}","templated":true}]}}