{"id":2798,"date":"2024-04-26T14:48:08","date_gmt":"2024-04-26T17:48:08","guid":{"rendered":"https:\/\/www.tappy.com.br\/empresas\/?post_type=product&#038;p=2798"},"modified":"2026-05-01T10:15:24","modified_gmt":"2026-05-01T13:15:24","slug":"tecido-boucle-etienne-natural-off-white-ou-cinza-mescla-140cm","status":"publish","type":"product","link":"https:\/\/www.tappy.com.br\/empresas\/p\/tecido-boucle-etienne-natural-off-white-ou-cinza-mescla-140cm\/","title":{"rendered":"Tecido Boucl\u00e9 \u00c9tienne Natural Off White ou Cinza Mescla 140cm"},"content":{"rendered":"<h2>O que \u00e9 Tecido \u00c9tienne?<\/h2>\n<p>\u00c9 um tipo de tecido que combina fios de cores diferentes para criar um efeito mesclado ou matizado. &#8220;Boucl\u00e9&#8221; refere-se \u00e0 textura caracter\u00edstica do tecido, que \u00e9 criada por la\u00e7os ou fios levemente encaracolados.<\/p>\n<p>Para essa linha preferimos manter a cor natural das fibras, variando ent\u00e3o somente as texturas das tramas e dos n\u00f3s do tecido.<\/p>\n<p>Seus fios s\u00e3o entrela\u00e7ados de maneira que formam uma superf\u00edcie texturizada e irregular. A adi\u00e7\u00e3o de fios mesclados significa que o tecido ter\u00e1 uma apar\u00eancia mais variada em termos de cor, com nuances e tonalidades mistas que adicionam profundidade e identidade visual ao material.<\/p>\n<h2>Onde us\u00e1-lo?<\/h2>\n<p>Esse material tem um tingimento especial mesclado a cor principal que simula uma textura marmorizada n\u00e3o palp\u00e1vel, somente visual. Pode ser aplicado em todos os tipos de estofamentos decorativos, grandes ou pequenos. O que manda \u00e9 a sua criatividade.<\/p>\n<h2>Tecido Boucl\u00e9 \u00c9tienne<\/h2>\n<p>Esse tecido boucl\u00e9 para sof\u00e1s de alta qualidade \u00e9 feito com fibras premium e t\u00eam uma constru\u00e7\u00e3o cuidadosa, resultando em durabilidade, conforto e uma apar\u00eancia elegante.<\/p>\n<p>Nossa inspira\u00e7\u00e3o para esse tecido foi <b>\u00c9tienne Boileau,\u00a0<\/b>importante funcion\u00e1rio p\u00fablico e primeiro magistrado de Paris, foi respons\u00e1vel por participar do ordenamento p\u00fablico durante o reinado de <b>Lu\u00eds IX<\/b> do s\u00e9culo 13 na Fran\u00e7a. Em seu livro <strong>des m\u00e9tiers d\u2019Etienne Boileau 1268\u00a0<\/strong>(Livro dos Of\u00edcios) estabelece regras importantes para a profiss\u00e3o &#8220;tecel\u00e3o de tecidos&#8221;, sendo um importante passo para estabelecer padr\u00f5es claros e justos para fabrica\u00e7\u00e3o e venda de tecidos.<\/p>\n<blockquote><p>&#8220;No entanto, deve haver alguma raz\u00e3o pessoal que levou o homem \u00e0 loja de tecidos, e n\u00e3o a qualquer outra, pois todos os tecidos dispostos est\u00e3o em grande medida de acordo com o padr\u00e3o estabelecido nos \u201cestatutos\u201d. Existem regras para controlar a mat\u00e9ria-prima que entra no tecido; a forma como deve ser preparado para fiar&#8217; a quantidade de fios dispostos na urdidura; a natureza da trama; a largura da pe\u00e7a quando acabada; o n\u00famero de aunes [uma unidade de medida que varia de cidade para cidade] no comprimento da pe\u00e7a antes que o tecel\u00e3o possa retir\u00e1-la do tear; os m\u00e9todos e cores dos tintureiros! Nada \u00e9 deixado \u00e0 imagina\u00e7\u00e3o do tecel\u00e3o, do pintor ou do tintureiro. O interesse do consumidor est\u00e1 bem guardado, assim como a reputa\u00e7\u00e3o do negociante parisiense.&#8221;<\/p><\/blockquote>\n","protected":false},"excerpt":{"rendered":"<p><strong>Tecido Boucl\u00e9 \u00c9tienne Natural Off White ou Cinza Mescla<\/strong> \u00e9 um tecido de fibras mistas e algod\u00e3o super macio. Ideal para estofados de alta decora\u00e7\u00e3o e projetos ousados de arquitetura contempor\u00e2nea.<\/p>\n","protected":false},"featured_media":2848,"template":"","meta":[],"product_brand":[1108],"product_cat":[858,62,20],"product_tag":[370,827,709,24,25],"class_list":{"0":"post-2798","1":"product","2":"type-product","3":"status-publish","4":"has-post-thumbnail","6":"product_brand-tappy","7":"product_cat-tecido-boucle-para-estofados","8":"product_cat-fibras-naturais","9":"product_cat-tecidos-para-sofas","10":"product_tag-tecido-algodao","11":"product_tag-tecido-boucle","12":"product_tag-tecido-natural","13":"product_tag-tecido-para-estofados","14":"product_tag-tecido-para-sofas","15":"product_shipping_class-brasil","16":"pa_acabamento-tecido-texturizado","17":"pa_acabamento-tecido-tramado","18":"pa_cores-de-tecidos-cinza-mescla-desenho-001","19":"pa_cores-de-tecidos-cinza-mescla-desenho-002","20":"pa_cores-de-tecidos-cinza-mescla-desenho-003","21":"pa_cores-de-tecidos-cinza-mescla-desenho-004","22":"pa_cores-de-tecidos-cinza-mescla-desenho-005","23":"pa_cores-de-tecidos-cinza-mescla-desenho-005-2","24":"pa_cores-de-tecidos-cinza-mescla-desenho-006","25":"pa_cores-de-tecidos-cinza-mescla-desenho-008","26":"pa_cores-de-tecidos-off-white-desenho-001","27":"pa_cores-de-tecidos-off-white-desenho-002","28":"pa_cores-de-tecidos-off-white-desenho-003","29":"pa_cores-de-tecidos-off-white-desenho-004","30":"pa_cores-de-tecidos-off-white-desenho-005","31":"pa_cores-de-tecidos-off-white-desenho-006","32":"pa_cores-de-tecidos-off-white-desenho-008","33":"tm-no-options","35":"first","36":"instock","37":"shipping-taxable","38":"purchasable","39":"product-type-variable"},"_links":{"self":[{"href":"https:\/\/www.tappy.com.br\/empresas\/wp-json\/wp\/v2\/product\/2798","targetHints":{"allow":["GET"]}}],"collection":[{"href":"https:\/\/www.tappy.com.br\/empresas\/wp-json\/wp\/v2\/product"}],"about":[{"href":"https:\/\/www.tappy.com.br\/empresas\/wp-json\/wp\/v2\/types\/product"}],"wp:featuredmedia":[{"embeddable":true,"href":"https:\/\/www.tappy.com.br\/empresas\/wp-json\/wp\/v2\/media\/2848"}],"wp:attachment":[{"href":"https:\/\/www.tappy.com.br\/empresas\/wp-json\/wp\/v2\/media?parent=2798"}],"wp:term":[{"taxonomy":"product_brand","embeddable":true,"href":"https:\/\/www.tappy.com.br\/empresas\/wp-json\/wp\/v2\/product_brand?post=2798"},{"taxonomy":"product_cat","embeddable":true,"href":"https:\/\/www.tappy.com.br\/empresas\/wp-json\/wp\/v2\/product_cat?post=2798"},{"taxonomy":"product_tag","embeddable":true,"href":"https:\/\/www.tappy.com.br\/empresas\/wp-json\/wp\/v2\/product_tag?post=2798"}],"curies":[{"name":"wp","href":"https:\/\/api.w.org\/{rel}","templated":true}]}}