{"id":2790,"date":"2024-04-26T14:48:07","date_gmt":"2024-04-26T17:48:07","guid":{"rendered":"https:\/\/www.tappy.com.br\/empresas\/?post_type=product&#038;p=2790"},"modified":"2026-04-20T08:11:25","modified_gmt":"2026-04-20T11:11:25","slug":"tecido-linho-zen-office-varias-cores-145cm","status":"publish","type":"product","link":"https:\/\/www.tappy.com.br\/empresas\/p\/tecido-linho-zen-office-varias-cores-145cm\/","title":{"rendered":"Tecido Linho Zen Office V\u00e1rias Cores 145cm"},"content":{"rendered":"<h2>O que \u00e9 Linho Zen Office?<\/h2>\n<p>\u00c9 um <strong>Linho M\u00e9dio<\/strong> de pouca aspereza, com selo ecol\u00f3gico Su\u00ed\u00e7o <a href=\"https:\/\/www.oeko-tex.com\/en\/our-standards\/standard-100-by-oeko-tex\" rel=\"noopener\">OEKO-TEX Standard 100<\/a> que \u00e9 concedido somente para tecidos de alta consci\u00eancia ecol\u00f3gica, produzidos sem produtos abrasivos, tintas t\u00f3xicas e danosas ou que em qualquer outra parte de sua fabrica\u00e7\u00e3o agrida o meio ambiente.<\/p>\n<p>Esse tecido \u00e9 especialmente bom para ambientes executivos como por exemplo escrit\u00f3rios e \u00e1reas comerciais, pois sua trama tem um aspecto mais contido e sua apar\u00eancia \u00e9 mais s\u00f3bria e s\u00e9ria.<\/p>\n<p>A gramatura deste <strong>Tecido Linho <\/strong>\u00e9 capaz de garantir uma dura\u00e7\u00e3o insuper\u00e1vel j\u00e1 que ele pesa 377g por metro linear e 260g\/m\u00b2. A sua face(felpa) possui 220g\/m\u00b2, as 40g\/m\u00b2 restantes pertencem a seu forro, necess\u00e1rio para garantir maior resist\u00eancia.<\/p>\n<h2>Onde us\u00e1-lo?<\/h2>\n<p>Pode ser aplicado em todos os tipos de estofamentos decorativos, desde sof\u00e1s inteiros, almofadas, cabeceiras de cama, cadeiras, poltronas, puffs e at\u00e9 artesanatos. Como \u00e9 um dos melhores tecidos e mais resistentes que voc\u00ea encontrar\u00e1 no mercado, o que manda \u00e9 sua criatividade.<\/p>\n<p>Esse Linho possui fibras de espessuras especiais para facilitar sua limpeza, isso pode ser feito em casa de forma bem f\u00e1cil, sempre tomando alguns cuidados.<\/p>\n<h2>Tecido Linho Zen Office \u00e9 bom?<\/h2>\n<p>Esse tecido Linho foi desenvolvido especialmente para sof\u00e1s de escrit\u00f3rios e \u00e1reas de grande circula\u00e7\u00e3o. \u00c9 um produto de alt\u00edssima qualidade, beleza e com certeza uma \u00f3tima escolha para os que desejam ter um ambiente sofisticado e diferenciado.<\/p>\n<p>Dentre os linhos \u00e9 um dos mais nobres que o mercado oferece, esse material ir\u00e1 agradar at\u00e9 os mais exigentes e atender\u00e1 projetos de alta decora\u00e7\u00e3o contempor\u00e2neos.<\/p>\n<p><span style=\"font-size: 130%;\"><em><strong>Outras Caracter\u00edsticas T\u00e9cnicas:<\/strong><\/em><\/span><\/p>\n<p><em>Tecido plano dublado, face constru\u00e7\u00e3o maquinetado, tinto em pe\u00e7a formado por filamentos de poli\u00e9ster reunidos por colagem com um n\u00e3o tecido formado por fibras de poli\u00e9ster. Tecido plano em 100% poli\u00e9ster com 1,45m de largura, aspecto de linho, dublado e boa resist\u00eancia.<\/em><\/p>\n","protected":false},"excerpt":{"rendered":"<p><strong>Tecido Linho Zen Office<\/strong> \u00e9 um tecido para estofados de alto desempenho. \u00c9 \u00f3timo para lugares de alto fluxo, tais como escrit\u00f3rios, ambientes corporativos, clinicas e etc&#8230; <a href=\"#vantagens\">Veja outras vantagens.<\/a><\/p>\n","protected":false},"featured_media":2822,"template":"","meta":[],"product_brand":[1108],"product_cat":[56,20,374],"product_tag":[57,58,59,60,25,55,302,27,28],"class_list":{"0":"post-2790","1":"product","2":"type-product","3":"status-publish","4":"has-post-thumbnail","6":"product_brand-tappy","7":"product_cat-tecido-linho-para-sofas","8":"product_cat-tecidos-para-sofas","9":"product_cat-tecidos-sustentaveis-para-sofas","10":"product_tag-linho","11":"product_tag-linho-para-sofas","12":"product_tag-linho-sintetico","13":"product_tag-tecido-linho","14":"product_tag-tecido-para-sofas","15":"product_tag-tecido-poliester","16":"product_tag-tecido-sintetico","17":"product_tag-tecido-texturizado","18":"product_tag-tecidos-tappy","19":"product_shipping_class-brasil","20":"pa_acabamento-tecido-texturizado","21":"pa_acabamento-tecido-tramado","22":"pa_cores-de-tecidos-bege-chino","23":"pa_cores-de-tecidos-branco","24":"pa_cores-de-tecidos-cinza-chumbo","25":"pa_cores-de-tecidos-cinza-lunar","26":"pa_cores-de-tecidos-marrom-bison","27":"pa_cores-de-tecidos-marrom-tabaco","28":"pa_cores-de-tecidos-vermelho-roma","29":"tm-no-options","31":"first","32":"instock","33":"featured","34":"shipping-taxable","35":"purchasable","36":"product-type-variable"},"_links":{"self":[{"href":"https:\/\/www.tappy.com.br\/empresas\/wp-json\/wp\/v2\/product\/2790","targetHints":{"allow":["GET"]}}],"collection":[{"href":"https:\/\/www.tappy.com.br\/empresas\/wp-json\/wp\/v2\/product"}],"about":[{"href":"https:\/\/www.tappy.com.br\/empresas\/wp-json\/wp\/v2\/types\/product"}],"wp:featuredmedia":[{"embeddable":true,"href":"https:\/\/www.tappy.com.br\/empresas\/wp-json\/wp\/v2\/media\/2822"}],"wp:attachment":[{"href":"https:\/\/www.tappy.com.br\/empresas\/wp-json\/wp\/v2\/media?parent=2790"}],"wp:term":[{"taxonomy":"product_brand","embeddable":true,"href":"https:\/\/www.tappy.com.br\/empresas\/wp-json\/wp\/v2\/product_brand?post=2790"},{"taxonomy":"product_cat","embeddable":true,"href":"https:\/\/www.tappy.com.br\/empresas\/wp-json\/wp\/v2\/product_cat?post=2790"},{"taxonomy":"product_tag","embeddable":true,"href":"https:\/\/www.tappy.com.br\/empresas\/wp-json\/wp\/v2\/product_tag?post=2790"}],"curies":[{"name":"wp","href":"https:\/\/api.w.org\/{rel}","templated":true}]}}