{"id":2778,"date":"2024-04-26T14:48:06","date_gmt":"2024-04-26T17:48:06","guid":{"rendered":"https:\/\/www.tappy.com.br\/empresas\/?post_type=product&#038;p=2778"},"modified":"2026-05-10T17:13:08","modified_gmt":"2026-05-10T20:13:08","slug":"tecido-suede-estampado-linen-look-varias-cores-142cm","status":"publish","type":"product","link":"https:\/\/www.tappy.com.br\/empresas\/p\/tecido-suede-estampado-linen-look-varias-cores-142cm\/","title":{"rendered":"Tecido Suede Estampado Linen Look V\u00e1rias Cores 142cm"},"content":{"rendered":"<h2>O que \u00e9 Suede Estampado Linen Look?<\/h2>\n<p>\u00c9 um tecido estampado para sof\u00e1s com estampa que simula a textura de um material de linho. A tinturaria desse material \u00e9 algo que garante uma est\u00e9tica uniforme e permanente, ela \u00e9 elegante e extremamente similar a um tecido original de linho com trama aberta.<\/p>\n<p>Possui todas as vantagens de um tecido suede, ent\u00e3o esque\u00e7a a aspereza presente nos linhos sint\u00e9ticos e tenha a seguran\u00e7a do suede, contra gatos e arranh\u00f5es.<\/p>\n<p>A gramatura deste tecido \u00e9 boa o suficiente para garantir boa dura\u00e7\u00e3o j\u00e1 que ele conta com um forro no verso para refor\u00e7a-lo. Falando nisso esse tecido tem 280g por metro linear e 200g\/m\u00b2, sendo assim 40g\/m\u00b2 pertencem a tela do forro e os 160g\/m\u00b2 restantes \u00e0 face do tecido.<\/p>\n<h2>Onde us\u00e1-lo?<\/h2>\n<p>\u00c9 um suede para sof\u00e1s democr\u00e1tico que pode ser usado em grandes pe\u00e7as, como sof\u00e1s por exemplo, mas tamb\u00e9m em estofamentos menores como puffs e almofadas. Sua versatilidade permite at\u00e9 a aplica\u00e7\u00e3o em paredes.<\/p>\n<p>Uma possibilidade seria mesclar essa estampa de tecido linho com algum outro tecido liso, ou at\u00e9 mesmo um linho sint\u00e9tico, ficaria incr\u00edvel.<\/p>\n<p>Para sua limpeza \u00e9 indicado contratar um servi\u00e7o especializado, j\u00e1 que friccionar esse tecido n\u00e3o \u00e9 algo muito indicado, pois sua estampa pode perder defini\u00e7\u00e3o ou manchar.<\/p>\n<h2>Tecido Suede Estampado Linen Look \u00e9 bom?<\/h2>\n<p>Esse tecido para sof\u00e1s \u00e9 uma incr\u00edvel combina\u00e7\u00e3o entre estampa + tinturaria de alta qualidade. Com o toque macio do suede e a apar\u00eancia do linho ele \u00e9 \u00f3timo para decorar qualquer ambiente.<\/p>\n<p><span style=\"font-size: 130%;\"><em><strong>Outras Caracter\u00edsticas T\u00e9cnicas:<\/strong><\/em><\/span><\/p>\n<p><em>Tecido superior tinto e estampado em malha de urdume aveludada, e base em tela de malha. Forro e tecido superior formados por filamentos lisos de poli\u00e9ster.<\/em><\/p>\n<p>Gostaria de entender ainda mais sobre o Suede para sof\u00e1s? Que tal esses links?<\/p>\n<p><a href=\"https:\/\/www.tappy.com.br\/blog\/tudo-sobre-tecido-suede\/\">Tudo sobre Tecido Suede<\/a><\/p>\n","protected":false},"excerpt":{"rendered":"<p><strong>Tecido Suede Estampado Linen Look<\/strong> para estofados, \u00e9 um suede estampado em alta defini\u00e7\u00e3o que imita com fidelidade a apar\u00eancia de um tecido de linho, por\u00e9m com os benef\u00edcios da resist\u00eancia e conforto do Tecido Suede. <a href=\"#vantagens\">Veja outras vantagens.<\/a><\/p>\n","protected":false},"featured_media":2801,"template":"","meta":[],"product_brand":[1108],"product_cat":[21,20],"product_tag":[22,727,728,23,52,53,24,25,26,28],"class_list":{"0":"post-2778","1":"product","2":"type-product","3":"status-publish","4":"has-post-thumbnail","6":"product_brand-tappy","7":"product_cat-tecido-suede-para-sofas","8":"product_cat-tecidos-para-sofas","9":"product_tag-suede","10":"product_tag-suede-estampado","11":"product_tag-suede-liso","12":"product_tag-suede-para-sofas","13":"product_tag-tecido-estampado","14":"product_tag-tecido-estampado-para-sofas","15":"product_tag-tecido-para-estofados","16":"product_tag-tecido-para-sofas","17":"product_tag-tecido-suede","18":"product_tag-tecidos-tappy","19":"product_shipping_class-brasil","20":"pa_acabamento-tecido-estampado","21":"pa_acabamento-tecido-liso","22":"pa_acabamento-tecido-pet-friendly","23":"pa_cores-de-tecidos-azul-marinho","24":"pa_cores-de-tecidos-bege-areia","25":"pa_cores-de-tecidos-bege-funghi","26":"pa_cores-de-tecidos-bege-sisal","27":"pa_cores-de-tecidos-branco-bruma","28":"pa_cores-de-tecidos-cinza-grafite","29":"pa_cores-de-tecidos-cinza-lunar","30":"pa_cores-de-tecidos-marrom-bison","31":"pa_cores-de-tecidos-verde-cacto","32":"pa_cores-de-tecidos-vermelho-terracota","33":"pa_cores-de-tecidos-vinho-deep-wine","34":"tm-no-options","36":"first","37":"instock","38":"shipping-taxable","39":"purchasable","40":"product-type-variable"},"_links":{"self":[{"href":"https:\/\/www.tappy.com.br\/empresas\/wp-json\/wp\/v2\/product\/2778","targetHints":{"allow":["GET"]}}],"collection":[{"href":"https:\/\/www.tappy.com.br\/empresas\/wp-json\/wp\/v2\/product"}],"about":[{"href":"https:\/\/www.tappy.com.br\/empresas\/wp-json\/wp\/v2\/types\/product"}],"wp:featuredmedia":[{"embeddable":true,"href":"https:\/\/www.tappy.com.br\/empresas\/wp-json\/wp\/v2\/media\/2801"}],"wp:attachment":[{"href":"https:\/\/www.tappy.com.br\/empresas\/wp-json\/wp\/v2\/media?parent=2778"}],"wp:term":[{"taxonomy":"product_brand","embeddable":true,"href":"https:\/\/www.tappy.com.br\/empresas\/wp-json\/wp\/v2\/product_brand?post=2778"},{"taxonomy":"product_cat","embeddable":true,"href":"https:\/\/www.tappy.com.br\/empresas\/wp-json\/wp\/v2\/product_cat?post=2778"},{"taxonomy":"product_tag","embeddable":true,"href":"https:\/\/www.tappy.com.br\/empresas\/wp-json\/wp\/v2\/product_tag?post=2778"}],"curies":[{"name":"wp","href":"https:\/\/api.w.org\/{rel}","templated":true}]}}