{"id":2386,"date":"2024-03-26T11:05:12","date_gmt":"2024-03-26T14:05:12","guid":{"rendered":"https:\/\/www.tappy.com.br\/empresas\/?post_type=product&#038;p=2386"},"modified":"2024-10-29T21:27:20","modified_gmt":"2024-10-30T00:27:20","slug":"pe-cantoneira-de-8cm-de-madeira-pinus","status":"publish","type":"product","link":"https:\/\/www.tappy.com.br\/empresas\/p\/pe-cantoneira-de-8cm-de-madeira-pinus\/","title":{"rendered":"P\u00e9 Cantoneira de 8cm de Madeira Pinus"},"content":{"rendered":"<p>P\u00e9 Cantoneira de Madeira para sof\u00e1s, feito de madeira pinus de excelente qualidade, com acabamento uniforme na cor Tabaco.<\/p>\n<h3>Tamanho:<\/h3>\n<p>8cm x 18cm x 18cm<\/p>\n\t\t<div class=\"hidden\">\n\t\t\t\t\n<style>th.label [for=\"pa_cores-de-tecidos\"]{font-size:0px;}th.label [for=\"pa_cores-de-tecidos\"]:before {content:\"Cores Dispon\u00edveis\";font-size:16px;}<\/style>\n\t\t<\/div>\n\t\n","protected":false},"excerpt":{"rendered":"<p>P\u00e9 Cantoneira de 8cm para sof\u00e1s, feito de madeira pinus de excelente qualidade, com acabamento uniforme. <strong>Veja a descri\u00e7\u00e3o e saiba mais<\/strong>.<\/p>\n","protected":false},"featured_media":2409,"template":"","meta":[],"product_brand":[],"product_cat":[30,484,483],"product_tag":[],"class_list":{"0":"post-2386","1":"product","2":"type-product","3":"status-publish","4":"has-post-thumbnail","6":"product_cat-acessorios-para-tapecaria","7":"product_cat-pes-de-madeira","8":"product_cat-pes-para-estofados","9":"product_shipping_class-brasil","10":"pa_cores-de-tecidos-marrom-tabaco","11":"tm-no-options","13":"first","14":"outofstock","15":"shipping-taxable","16":"product-type-variable"},"_links":{"self":[{"href":"https:\/\/www.tappy.com.br\/empresas\/wp-json\/wp\/v2\/product\/2386","targetHints":{"allow":["GET"]}}],"collection":[{"href":"https:\/\/www.tappy.com.br\/empresas\/wp-json\/wp\/v2\/product"}],"about":[{"href":"https:\/\/www.tappy.com.br\/empresas\/wp-json\/wp\/v2\/types\/product"}],"wp:featuredmedia":[{"embeddable":true,"href":"https:\/\/www.tappy.com.br\/empresas\/wp-json\/wp\/v2\/media\/2409"}],"wp:attachment":[{"href":"https:\/\/www.tappy.com.br\/empresas\/wp-json\/wp\/v2\/media?parent=2386"}],"wp:term":[{"taxonomy":"product_brand","embeddable":true,"href":"https:\/\/www.tappy.com.br\/empresas\/wp-json\/wp\/v2\/product_brand?post=2386"},{"taxonomy":"product_cat","embeddable":true,"href":"https:\/\/www.tappy.com.br\/empresas\/wp-json\/wp\/v2\/product_cat?post=2386"},{"taxonomy":"product_tag","embeddable":true,"href":"https:\/\/www.tappy.com.br\/empresas\/wp-json\/wp\/v2\/product_tag?post=2386"}],"curies":[{"name":"wp","href":"https:\/\/api.w.org\/{rel}","templated":true}]}}