{"id":2380,"date":"2024-03-26T11:05:12","date_gmt":"2024-03-26T14:05:12","guid":{"rendered":"https:\/\/www.tappy.com.br\/empresas\/?post_type=product&#038;p=2380"},"modified":"2026-03-22T21:35:14","modified_gmt":"2026-03-23T00:35:14","slug":"mostruario-tecido-facto-stilo-cipatex","status":"publish","type":"product","link":"https:\/\/www.tappy.com.br\/empresas\/p\/mostruario-tecido-facto-stilo-cipatex\/","title":{"rendered":"Mostru\u00e1rio Tecido Facto\u00ae Stilo Cipatex"},"content":{"rendered":"<h2>O que \u00e9 Tecido Facto Stilo\u00ae Cipatex?<\/h2>\n<p><b>Facto\u00ae<\/b>\u00a0foi desenvolvido especialmente para a linha de estofados home e office, com acabamento em poliuretano que garante alta durabilidade e conforto.\u00a0Os revestimentos da linha Facto\u00ae s\u00e3o vers\u00e1teis e resistentes ao uso cont\u00ednuo, sem perder o toque macio e suave. Al\u00e9m disso, possui grande variedade de cores e texturas, \u00e9 imperme\u00e1vel e de f\u00e1cil limpeza.<\/p>\n<p><strong>Facto\u00ae<\/strong> valoriza a sua escolha, valoriza os seus momentos e otimiza o seu investimento, veja mais vantagens:<\/p>\n<ul>\n<li>Textura: Oferece toque real, muito similar a pede de couro natural;<\/li>\n<li>Confort\u00e1vel: Acabamento que proporciona mais suavidade ao toque;<\/li>\n<li>Resistente: \u00c9 ideal para ambientes com crian\u00e7as, animais de estima\u00e7\u00e3o e para locais de uso intenso, como sala de TV, estar e varandas;<\/li>\n<li>Pr\u00e1tico: \u00c9 imperme\u00e1vel, n\u00e3o ret\u00e9m poeira e \u00e9 f\u00e1cil de limpar;<\/li>\n<li>Econ\u00f4mico: Tem apar\u00eancia de pele de animais e pre\u00e7o mais acess\u00edvel em compara\u00e7\u00e3o a couro natural.<\/li>\n<\/ul>\n<h2>Onde us\u00e1-lo?<\/h2>\n<p>Sendo um material de extrema resist\u00eancia esse Courvin \u00e9 sem d\u00favidas um dos mais nobres dispon\u00edveis no Brasil, sendo a maior refer\u00eancia em materiais com aspecto de couro natural, por\u00e9m ecol\u00f3gico, sustent\u00e1vel e incrivelmente fiel a textura de pele de animais.<\/p>\n<p>Para personalizar casas e escrit\u00f3rios com estilo e versatilidade, os m\u00f3veis precisam ser confort\u00e1veis e valorizar os ambientes. Facto\u00ae \u00e9 o revestimento sint\u00e9tico ideal para estofados residenciais e de escrit\u00f3rios de alto fluxo.<\/p>\n<h3>Tecido Facto Cipatex\u00ae\u00a0\u00e9 bom?<\/h3>\n<p>Essa linha de tecidos \u00e9 a mais renomada e reconhecida entre tecidos do g\u00eanero (courvin, ou tecidos laminados de PVC\/PU), decoradores e profissionais do ramo de decora\u00e7\u00e3o e estofaria est\u00e3o habituados a trata-la com extremo sentimento de exclusividade e prefer\u00eancia, uma vez que produtos acabados com esse material tecido apresentam defeitos e costumam durar longos anos.<\/p>\n<p>Caso voc\u00ea esteja considerando utilizar couro sint\u00e9tico em seu estofado, sem d\u00favidas esse deve ser o material escolhido, uma vez que dentre os materiais que a pr\u00f3pria Cipatex produz n\u00e3o existe nenhum melhor ou de maior qualidade.<\/p>\n<p><strong><span style=\"font-size: 130%;\">Veja como limpar e conservar seu Tecido Facto\u00ae:<\/span><\/strong><\/p>\n<ul>\n<li>\u00c9 indicada a limpeza peri\u00f3dica semanal do revestimento a fim de prevenir o ac\u00famulo de sujeira e outros contaminantes que possam deterior\u00e1-lo e (ou) alterar sua apar\u00eancia;<\/li>\n<li>Manchas e derramamentos devem ser limpos em no m\u00e1ximo 5 minutos para prevenir dano permanente do revestimento;<\/li>\n<li>Realizando uma limpeza r\u00e1pida, muitas das manchas comuns do dia a dia como: gorduras, tintas de canetas, sucos entre outras, podem ser removidas de maneira efetiva. Utilizar sempre \u00e1gua e sab\u00e3o neutro;<\/li>\n<li>Deve ser evitada a utiliza\u00e7\u00e3o de esponjas e outros mat\u00e9rias abrasivos. Solventes como acetonas e Thinner, pois eles podem ser muito eficientes na remo\u00e7\u00e3o de manchas, mas tamb\u00e9m podem causar danos imediatos e permanentes, al\u00e9m de contribuir para a deteriora\u00e7\u00e3o do revestimento;<\/li>\n<li>Produtos multiuso e \u00e1lcool podem ser utilizados casualmente, para remo\u00e7\u00e3o de todo res\u00edduo existente. O procedimento acima efetuado com frequ\u00eancia pode causar danos permanentes no revestimento;<\/li>\n<li>Calor e Sol e demais intemp\u00e9ries podem danificar o material por exposi\u00e7\u00e3o prolongada.<\/li>\n<\/ul>\n","protected":false},"excerpt":{"rendered":"<p><strong>Tecido Facto Stilo Cipatex\u00ae<\/strong> \u00e9 um tipo de Corino para sof\u00e1s extremamente resistente e incompar\u00e1vel a outros materiais de Courvin ou sint\u00e9ticos do g\u00eanero.<\/p>\n","protected":false},"featured_media":2406,"template":"","meta":[],"product_brand":[],"product_cat":[328],"product_tag":[],"class_list":{"0":"post-2380","1":"product","2":"type-product","3":"status-publish","4":"has-post-thumbnail","6":"product_cat-mostruario-de-tecidos","7":"product_shipping_class-brasil","8":"tm-no-options","10":"first","11":"instock","12":"sold-individually","13":"shipping-taxable","14":"purchasable","15":"product-type-simple"},"_links":{"self":[{"href":"https:\/\/www.tappy.com.br\/empresas\/wp-json\/wp\/v2\/product\/2380","targetHints":{"allow":["GET"]}}],"collection":[{"href":"https:\/\/www.tappy.com.br\/empresas\/wp-json\/wp\/v2\/product"}],"about":[{"href":"https:\/\/www.tappy.com.br\/empresas\/wp-json\/wp\/v2\/types\/product"}],"wp:featuredmedia":[{"embeddable":true,"href":"https:\/\/www.tappy.com.br\/empresas\/wp-json\/wp\/v2\/media\/2406"}],"wp:attachment":[{"href":"https:\/\/www.tappy.com.br\/empresas\/wp-json\/wp\/v2\/media?parent=2380"}],"wp:term":[{"taxonomy":"product_brand","embeddable":true,"href":"https:\/\/www.tappy.com.br\/empresas\/wp-json\/wp\/v2\/product_brand?post=2380"},{"taxonomy":"product_cat","embeddable":true,"href":"https:\/\/www.tappy.com.br\/empresas\/wp-json\/wp\/v2\/product_cat?post=2380"},{"taxonomy":"product_tag","embeddable":true,"href":"https:\/\/www.tappy.com.br\/empresas\/wp-json\/wp\/v2\/product_tag?post=2380"}],"curies":[{"name":"wp","href":"https:\/\/api.w.org\/{rel}","templated":true}]}}