{"id":2316,"date":"2024-03-26T11:04:53","date_gmt":"2024-03-26T14:04:53","guid":{"rendered":"https:\/\/www.tappy.com.br\/empresas\/?post_type=product&#038;p=2316"},"modified":"2026-05-06T10:44:30","modified_gmt":"2026-05-06T13:44:30","slug":"tecido-aquatec-lisos-impermeavel-fiama-140cm","status":"publish","type":"product","link":"https:\/\/www.tappy.com.br\/empresas\/p\/tecido-aquatec-lisos-impermeavel-fiama-140cm\/","title":{"rendered":"Tecido Aquatec\u00ae Lisos Imperme\u00e1vel Fiama 140cm"},"content":{"rendered":"<h2>O que \u00e9 Tecido Aquatec Lisos\u00ae?<\/h2>\n<p>\u00c9 um tecido imperme\u00e1vel para sof\u00e1s feito com corpo e barra em Jacquard, acabamento Cotton, pr\u00e9-encolhida e Antipilling. Protege contra a a\u00e7\u00e3o do sol, repele a \u00e1gua e traz mais cor e vida para os estofados de ambientes internos ou externos.<\/p>\n<p>Essa linha de tecidos recebe um tipo de tinturaria espec\u00edfica que \u00e9 bastante uniforme e que deixa as cores vivas e s\u00f3lidas, elas foram cuidadosamente escolhidas para levar bom gosto e contraste para qualquer ambiente, pois s\u00e3o marcantes e delicadas com o toque certo de requinte.<\/p>\n<p>A Fiama originalmente foi a primeira marca a desenvolver um tecido em algod\u00e3o com exclusividade de ser imperme\u00e1vel, mantendo a qualidade e a naturalidade t\u00eaxtil.<\/p>\n<h2>Onde us\u00e1-lo?<\/h2>\n<div class=\"page\" title=\"Page 2\">\n<p style=\"text-align: left;\">Esse tecido \u00e9 um dos mais vers\u00e1teis para decora\u00e7\u00e3o interna e externa, a cole\u00e7\u00e3o Aquatec\u00ae 2024 materializa uma percep\u00e7\u00e3o de bem-estar que nos acolhe, fortalece, ativa e nos d\u00e1 mais vida.<\/p>\n<p>Com suas estampas arrojadas e descontra\u00eddas a decora\u00e7\u00e3o de ambientes feitas com esse tecido ser\u00e3o sempre marcantes e leves, ao ponto de trazer conforto e presen\u00e7a para qualquer pe\u00e7a estofada confeccionada com esse material.<\/p>\n<h2>Tecido Aquatec\u00ae \u00e9 bom?<\/h2>\n<p>Esse tecido \u00e9 o mais conceituado e conhecido tecido estampado para Sof\u00e1s, muitas vezes inclusive sendo alvo de c\u00f3pias que n\u00e3o possuem o mesmo acabamento fant\u00e1stico e capacidade hidrof\u00f3bica.<\/p>\n<p>Fique atento e tenha certeza de estar adquirindo um <strong>Tecido Aquatec\u00ae Lisos <\/strong>original aqui com a Tappy que \u00e9 a distribuidora oficial.<\/p>\n<\/div>\n<h2>Cuidados e manuten\u00e7\u00e3o de Tecidos Aquatec<strong>\u00ae:<\/strong><\/h2>\n<ul>\n<li>N\u00e3o deixar o seu Aquatec\u00ae exposto continuamente \u00e0s condi\u00e7\u00f5es clim\u00e1ticas como sol, chuva e umidade excessiva. Assim, evita-se a forma\u00e7\u00e3o de manchas de bolor e perda de resist\u00eancia do tecido.<\/li>\n<li>Limpar diariamente a superf\u00edcie do tecido, com pano umedecido em \u00e1gua na temperatura ambiente e secar.<\/li>\n<li>Eliminar sujeiras acidentais com pano limpo, esponjado ou papel absorvente, sem comprimir para dentro do tecido. Ap\u00f3s a limpeza, n\u00e3o armazenar seu Aquatec\u00ae em local \u00famido.<\/li>\n<li>Aplicar os tecidos Aquatec\u00ae somente sobre espuma e madeira totalmente tratada com anti-mofo.<\/li>\n<li>Aplicar ilhoses na parte inferior das almofadas, como forma de escape de ar e umidade.<\/li>\n<li>Utilizar agulhas finas e linhas de poli\u00e9ster nas costura e, de prefer\u00eancia, fazer costura dupla.<\/li>\n<li>N\u00e3o utilizar produtos abrasivos, como escovas com cerdas, jatos de \u00e1gua, esponjas abrasivas ou produtos qu\u00edmicos (alcalinos e clorados), tais como detergentes em p\u00f3, solventes, cloro e outros.<\/li>\n<\/ul>\n<p>Confira outros Tecidos Imperme\u00e1veis da Tappy <a title=\"Tecidos Imperme\u00e1veis\" href=\"https:\/\/www.tappy.com.br\/empresas\/c\/tecidos-para-sofas\/tecido-impermeavel-para-sofas\/\" data-schema-attribute=\"\">aqui<\/a>.<\/p>\n<p>Para saber mais sobre o Tecidos Fiama <a href=\"https:\/\/fiama.com.br\/\" rel=\"noopener\">acesse aqui<\/a>.<\/p>\n","protected":false},"excerpt":{"rendered":"<p><strong>Tecido Aquatec\u00ae Lisos Imperme\u00e1vel<\/strong> \u00e9 um tecido para \u00e1reas externas muito resistente, capaz de ficar longos per\u00edodos exposto ao tempo aberto. \u00c9 o tecido do g\u00eanero que n\u00f3s recomendamos.<\/p>\n","protected":false},"featured_media":2346,"template":"","meta":[],"product_brand":[1197,1196],"product_cat":[369,368,20],"product_tag":[835,370,371,52,372,376,25,609,377],"class_list":{"0":"post-2316","1":"product","2":"type-product","3":"status-publish","4":"has-post-thumbnail","6":"product_brand-aquatec","7":"product_brand-tecidos-fiama","8":"product_cat-tecido-impermeavel-para-sofas","9":"product_cat-tecido-gorgurao","10":"product_cat-tecidos-para-sofas","11":"product_tag-imper","12":"product_tag-tecido-algodao","13":"product_tag-tecido-area-externa","14":"product_tag-tecido-estampado","15":"product_tag-tecido-impermeabilizado","16":"product_tag-tecido-impermeavel","17":"product_tag-tecido-para-sofas","18":"product_tag-tecido-pet","19":"product_tag-tecidos-fiama","20":"product_shipping_class-brasil","21":"pa_acabamento-impermeavel-a-substancias-aquosas","22":"pa_acabamento-tecido-anti-uv","23":"pa_acabamento-tecido-antimancha","24":"pa_acabamento-tecido-impermeavel","25":"pa_acabamento-tecido-liso","26":"pa_acabamento-tecido-pet-friendly","27":"pa_cores-de-tecidos-amarelo-ouro","28":"pa_cores-de-tecidos-azul-marinho","29":"pa_cores-de-tecidos-azul-turquesa","30":"pa_cores-de-tecidos-bege-chino","31":"pa_cores-de-tecidos-bege-rato","32":"pa_cores-de-tecidos-bege-savana","33":"pa_cores-de-tecidos-bege-shitake","34":"pa_cores-de-tecidos-branco","35":"pa_cores-de-tecidos-branco-bruma","36":"pa_cores-de-tecidos-cinza","37":"pa_cores-de-tecidos-cinza-claro","38":"pa_cores-de-tecidos-cinza-classic","39":"pa_cores-de-tecidos-cinza-grafite","40":"pa_cores-de-tecidos-laranja","41":"pa_cores-de-tecidos-laranja-salmao","42":"pa_cores-de-tecidos-marrom-cafe","43":"pa_cores-de-tecidos-marrom-caramelo","44":"pa_cores-de-tecidos-marrom-pinha","45":"pa_cores-de-tecidos-off-white-natural","46":"pa_cores-de-tecidos-preto","47":"pa_cores-de-tecidos-verde-cacto","48":"pa_cores-de-tecidos-verde-floresta","49":"pa_cores-de-tecidos-verde-folha","50":"pa_cores-de-tecidos-verde-grama","51":"pa_cores-de-tecidos-verde-musgo","52":"pa_cores-de-tecidos-verde-oliva","53":"pa_cores-de-tecidos-verde-salvia","54":"pa_cores-de-tecidos-vermelho","55":"pa_cores-de-tecidos-vermelho-terracota","56":"tm-no-options","58":"first","59":"instock","60":"featured","61":"shipping-taxable","62":"purchasable","63":"product-type-variable"},"_links":{"self":[{"href":"https:\/\/www.tappy.com.br\/empresas\/wp-json\/wp\/v2\/product\/2316","targetHints":{"allow":["GET"]}}],"collection":[{"href":"https:\/\/www.tappy.com.br\/empresas\/wp-json\/wp\/v2\/product"}],"about":[{"href":"https:\/\/www.tappy.com.br\/empresas\/wp-json\/wp\/v2\/types\/product"}],"wp:featuredmedia":[{"embeddable":true,"href":"https:\/\/www.tappy.com.br\/empresas\/wp-json\/wp\/v2\/media\/2346"}],"wp:attachment":[{"href":"https:\/\/www.tappy.com.br\/empresas\/wp-json\/wp\/v2\/media?parent=2316"}],"wp:term":[{"taxonomy":"product_brand","embeddable":true,"href":"https:\/\/www.tappy.com.br\/empresas\/wp-json\/wp\/v2\/product_brand?post=2316"},{"taxonomy":"product_cat","embeddable":true,"href":"https:\/\/www.tappy.com.br\/empresas\/wp-json\/wp\/v2\/product_cat?post=2316"},{"taxonomy":"product_tag","embeddable":true,"href":"https:\/\/www.tappy.com.br\/empresas\/wp-json\/wp\/v2\/product_tag?post=2316"}],"curies":[{"name":"wp","href":"https:\/\/api.w.org\/{rel}","templated":true}]}}