{"id":228,"date":"2024-03-26T10:09:42","date_gmt":"2024-03-26T13:09:42","guid":{"rendered":"https:\/\/www.tappy.com.br\/empresas\/?post_type=product&#038;p=228"},"modified":"2026-05-02T16:10:38","modified_gmt":"2026-05-02T19:10:38","slug":"grampo-para-tapeceiro-galvanizado-106-8-gramarc","status":"publish","type":"product","link":"https:\/\/www.tappy.com.br\/empresas\/p\/grampo-para-tapeceiro-galvanizado-106-8-gramarc\/","title":{"rendered":"Grampo para Tapeceiro Galvanizado 106\/8 Gramarc"},"content":{"rendered":"<p>Grampo 106\/8 Gramarc de A\u00e7o Galvanizado com pontas divergentes para Tapeceiro para fixa\u00e7\u00e3o de tecidos em madeiras como m\u00f3veis e sof\u00e1s. Caixa com 2.160 Grampos.<\/p>\n<h2>O que \u00e9?<\/h2>\n<p>S\u00e3o filamentos de a\u00e7o para fixa\u00e7\u00e3o dos mais variados componentes com aux\u00edlio de Grampeadores Pneum\u00e1ticos ou Manuais. Possui medidas padronizadas que proporcionam zero perda de grampos, evitando tamb\u00e9m engasgos e desgastes dos grampeadores.<\/p>\n<p>Possui pentes 25% maiores para uso total da capacidade dos grampeadores, reduzindo assim os tempos de trocas.<\/p>\n<h2>Onde us\u00e1-lo?<\/h2>\n<p>O grampo 106\/8 deve ser usado exclusivamente em grampeadores que portem essa largura de grampos, como por exemplo alguns grampeadores que temos aqui na Tappy mesmo.<\/p>\n<a href=\"https:\/\/www.tappy.com.br\/empresas\/c\/acessorios-para-tapecaria\/grampeadores-de-tapeceiro\/\" class=\"button secondary is-secondary is-medium\" >\n\t\t<span>Grampeadores<\/span>\n\t<\/a>\n\n","protected":false},"excerpt":{"rendered":"<p>Grampo 106\/8 Gramarc de A\u00e7o Galvanizado com pontas divergentes para Tapeceiro para fixa\u00e7\u00e3o de tecidos em madeiras como m\u00f3veis e sof\u00e1s. Caixa com 2.160 Grampos. O que \u00e9? S\u00e3o filamentos de a\u00e7o para fixa\u00e7\u00e3o dos mais variados componentes com aux\u00edlio de Grampeadores Pneum\u00e1ticos ou Manuais. Possui medidas padronizadas que proporcionam zero perda de grampos, evitando [&#8230;]\n","protected":false},"featured_media":4224,"template":"","meta":[],"product_brand":[1193],"product_cat":[230,30],"product_tag":[231,232],"class_list":{"0":"post-228","1":"product","2":"type-product","3":"status-publish","4":"has-post-thumbnail","6":"product_brand-imeco","7":"product_cat-grampo-de-tapeceiro-industrial","8":"product_cat-acessorios-para-tapecaria","9":"product_tag-grampo","10":"product_tag-grampo-80","11":"product_shipping_class-brasil","12":"tm-no-options","14":"first","15":"instock","16":"shipping-taxable","17":"purchasable","18":"product-type-simple"},"_links":{"self":[{"href":"https:\/\/www.tappy.com.br\/empresas\/wp-json\/wp\/v2\/product\/228","targetHints":{"allow":["GET"]}}],"collection":[{"href":"https:\/\/www.tappy.com.br\/empresas\/wp-json\/wp\/v2\/product"}],"about":[{"href":"https:\/\/www.tappy.com.br\/empresas\/wp-json\/wp\/v2\/types\/product"}],"wp:featuredmedia":[{"embeddable":true,"href":"https:\/\/www.tappy.com.br\/empresas\/wp-json\/wp\/v2\/media\/4224"}],"wp:attachment":[{"href":"https:\/\/www.tappy.com.br\/empresas\/wp-json\/wp\/v2\/media?parent=228"}],"wp:term":[{"taxonomy":"product_brand","embeddable":true,"href":"https:\/\/www.tappy.com.br\/empresas\/wp-json\/wp\/v2\/product_brand?post=228"},{"taxonomy":"product_cat","embeddable":true,"href":"https:\/\/www.tappy.com.br\/empresas\/wp-json\/wp\/v2\/product_cat?post=228"},{"taxonomy":"product_tag","embeddable":true,"href":"https:\/\/www.tappy.com.br\/empresas\/wp-json\/wp\/v2\/product_tag?post=228"}],"curies":[{"name":"wp","href":"https:\/\/api.w.org\/{rel}","templated":true}]}}