{"id":2266,"date":"2024-03-26T11:04:34","date_gmt":"2024-03-26T14:04:34","guid":{"rendered":"https:\/\/www.tappy.com.br\/empresas\/?post_type=product&#038;p=2266"},"modified":"2025-04-25T13:01:09","modified_gmt":"2025-04-25T16:01:09","slug":"mostruario-tecido-linho-berna-impermeabilizado-tappy","status":"publish","type":"product","link":"https:\/\/www.tappy.com.br\/empresas\/p\/mostruario-tecido-linho-berna-impermeabilizado-tappy\/","title":{"rendered":"Mostru\u00e1rio Tecido Linho Berna Impermeabilizado Tappy"},"content":{"rendered":"<p>Mostru\u00e1rio do Tecido Linho Berna para estofados Tappy Cole\u00e7\u00e3o 2023\/2024.<\/p>\n<p>Cont\u00e9m a linha completa de tecidos, dos produtos abaixo:<\/p>\n\t\n  \n    <div class=\"row  equalize-box large-columns-3 medium-columns- small-columns-2 row-small has-shadow row-box-shadow-1-hover\" >\n  <\/div>\n","protected":false},"excerpt":{"rendered":"<p><strong>Tecido Linho Impermeabilizado Berna Ecomobili<\/strong> \u00e9 um tecido tramado com aspecto de linho, fabricado com fibras ecol\u00f3gicas, naturais, mistas e r\u00fasticas de toque extra macio.<\/p>\n","protected":false},"featured_media":2302,"template":"","meta":[],"product_brand":[],"product_cat":[328],"product_tag":[],"class_list":{"0":"post-2266","1":"product","2":"type-product","3":"status-publish","4":"has-post-thumbnail","6":"product_cat-mostruario-de-tecidos","7":"product_shipping_class-brasil","8":"tm-no-options","10":"first","11":"instock","12":"sold-individually","13":"shipping-taxable","14":"purchasable","15":"product-type-simple"},"_links":{"self":[{"href":"https:\/\/www.tappy.com.br\/empresas\/wp-json\/wp\/v2\/product\/2266","targetHints":{"allow":["GET"]}}],"collection":[{"href":"https:\/\/www.tappy.com.br\/empresas\/wp-json\/wp\/v2\/product"}],"about":[{"href":"https:\/\/www.tappy.com.br\/empresas\/wp-json\/wp\/v2\/types\/product"}],"wp:featuredmedia":[{"embeddable":true,"href":"https:\/\/www.tappy.com.br\/empresas\/wp-json\/wp\/v2\/media\/2302"}],"wp:attachment":[{"href":"https:\/\/www.tappy.com.br\/empresas\/wp-json\/wp\/v2\/media?parent=2266"}],"wp:term":[{"taxonomy":"product_brand","embeddable":true,"href":"https:\/\/www.tappy.com.br\/empresas\/wp-json\/wp\/v2\/product_brand?post=2266"},{"taxonomy":"product_cat","embeddable":true,"href":"https:\/\/www.tappy.com.br\/empresas\/wp-json\/wp\/v2\/product_cat?post=2266"},{"taxonomy":"product_tag","embeddable":true,"href":"https:\/\/www.tappy.com.br\/empresas\/wp-json\/wp\/v2\/product_tag?post=2266"}],"curies":[{"name":"wp","href":"https:\/\/api.w.org\/{rel}","templated":true}]}}