{"id":2258,"date":"2024-03-26T11:04:34","date_gmt":"2024-03-26T14:04:34","guid":{"rendered":"https:\/\/www.tappy.com.br\/empresas\/?post_type=product&#038;p=2258"},"modified":"2026-03-25T10:32:12","modified_gmt":"2026-03-25T13:32:12","slug":"mostruario-tecido-linho-luxor-impermeabilizado-tappy-23-24","status":"publish","type":"product","link":"https:\/\/www.tappy.com.br\/empresas\/p\/mostruario-tecido-linho-luxor-impermeabilizado-tappy-23-24\/","title":{"rendered":"Mostru\u00e1rio Tecido Linho Luxor Impermeabilizado Tappy 23\/24"},"content":{"rendered":"<p>Mostru\u00e1rio de Tecidos para estofados Tappy Luxor Cole\u00e7\u00e3o 2023\/2024.<\/p>\n<p>Cont\u00e9m a linha completa de tecidos, dos produtos abaixo:<\/p>\n\t\n  \n    <div class=\"row  equalize-box large-columns-4 medium-columns-3 small-columns-2 row-small has-shadow row-box-shadow-1-hover\" >\n  <\/div>\n","protected":false},"excerpt":{"rendered":"<p><strong>Tecido Linho Natural Imperme\u00e1vel Luxor\u00a0<\/strong>\u00e9 produzido usando somente fibras naturais com acabamento Imperme\u00e1vel. <strong>Veja a Descri\u00e7\u00e3o e saiba mais<\/strong>.<\/p>\n","protected":false},"featured_media":2290,"template":"","meta":[],"product_brand":[],"product_cat":[328],"product_tag":[],"class_list":{"0":"post-2258","1":"product","2":"type-product","3":"status-publish","4":"has-post-thumbnail","6":"product_cat-mostruario-de-tecidos","7":"product_shipping_class-brasil","8":"tm-no-options","10":"first","11":"outofstock","12":"sold-individually","13":"shipping-taxable","14":"purchasable","15":"product-type-simple"},"_links":{"self":[{"href":"https:\/\/www.tappy.com.br\/empresas\/wp-json\/wp\/v2\/product\/2258","targetHints":{"allow":["GET"]}}],"collection":[{"href":"https:\/\/www.tappy.com.br\/empresas\/wp-json\/wp\/v2\/product"}],"about":[{"href":"https:\/\/www.tappy.com.br\/empresas\/wp-json\/wp\/v2\/types\/product"}],"wp:featuredmedia":[{"embeddable":true,"href":"https:\/\/www.tappy.com.br\/empresas\/wp-json\/wp\/v2\/media\/2290"}],"wp:attachment":[{"href":"https:\/\/www.tappy.com.br\/empresas\/wp-json\/wp\/v2\/media?parent=2258"}],"wp:term":[{"taxonomy":"product_brand","embeddable":true,"href":"https:\/\/www.tappy.com.br\/empresas\/wp-json\/wp\/v2\/product_brand?post=2258"},{"taxonomy":"product_cat","embeddable":true,"href":"https:\/\/www.tappy.com.br\/empresas\/wp-json\/wp\/v2\/product_cat?post=2258"},{"taxonomy":"product_tag","embeddable":true,"href":"https:\/\/www.tappy.com.br\/empresas\/wp-json\/wp\/v2\/product_tag?post=2258"}],"curies":[{"name":"wp","href":"https:\/\/api.w.org\/{rel}","templated":true}]}}