{"id":225,"date":"2024-03-26T10:09:41","date_gmt":"2024-03-26T13:09:41","guid":{"rendered":"https:\/\/www.tappy.com.br\/empresas\/?post_type=product&#038;p=225"},"modified":"2026-05-05T17:55:09","modified_gmt":"2026-05-05T20:55:09","slug":"tecido-linho-premium-carrara-varias-cores-145cm","status":"publish","type":"product","link":"https:\/\/www.tappy.com.br\/empresas\/p\/tecido-linho-premium-carrara-varias-cores-145cm\/","title":{"rendered":"Tecido Linho Premium Carrara V\u00e1rias Cores 145cm"},"content":{"rendered":"<h2>O que \u00e9 Linho Carrara?<\/h2>\n<p>Tecido Linho Premium Carrara \u00e9 ideal para quem busca um tecido de alta qualidade e durabilidade para estofados, cortinas, almofadas e outros itens de decora\u00e7\u00e3o. Al\u00e9m disso, sua textura macia e semi lisa proporciona um toque agrad\u00e1vel e confort\u00e1vel ao contato com a pele.<\/p>\n<p>\u00c9 um tecido de f\u00e1cil manuten\u00e7\u00e3o e limpeza, resistente a manchas e desgaste natural do uso. Em resumo, o Linho Premium \u00e9 a escolha perfeita para quem busca sofistica\u00e7\u00e3o, qualidade e durabilidade em um tecido para decora\u00e7\u00e3o.<\/p>\n<p>Dedicamos esse tecido \u00e0 Carrara que \u00e9 uma cidade localizada na regi\u00e3o da Toscana, na It\u00e1lia. \u00c9 conhecida mundialmente por ser o principal centro produtor de m\u00e1rmore branco, extra\u00eddo nas montanhas pr\u00f3ximas \u00e0 cidade. O m\u00e1rmore de Carrara \u00e9 considerado um dos mais belos e valorizados do mundo, sendo utilizado em importantes constru\u00e7\u00f5es hist\u00f3ricas, como o Pantheon e a Bas\u00edlica de S\u00e3o Pedro, em Roma, al\u00e9m de esculturas famosas, como o David, de Michelangelo.<\/p>\n<p>A gramatura deste<strong>\u00a0Linho Sint\u00e9tico<\/strong> para sof\u00e1s \u00e9 capaz de garantir uma dura\u00e7\u00e3o excepcional j\u00e1 que ele pesa 464g por metro linear ou 320g\/m\u00b2. Como esse material cont\u00e9m forro, a sua face (felpa) \u00e9 um pouco mais fina, tendo 280g\/m\u00b2. As 40g\/m\u00b2 restantes pertencem a seu forro que \u00e9 necess\u00e1rio para garantir maior resist\u00eancia.<\/p>\n<h2>Onde us\u00e1-lo?<\/h2>\n<p>Pode ser aplicado em todos os tipos de estofamentos decorativos, desde sof\u00e1s inteiros, at\u00e9 puffs. Como \u00e9 um dos melhores tecidos e mais resistentes que voc\u00ea encontrar\u00e1 no mercado, o que manda \u00e9 sua criatividade.<\/p>\n<p>Esse Linho possui fibras de espessuras especiais para facilitar sua limpeza, que pode ser feita em casa de forma bem f\u00e1cil. Sua robustez permite inclusive a lavagem, seguindo algumas recomenda\u00e7\u00f5es.<\/p>\n<h2>Tecido Linho para Sof\u00e1s Premium Carrara \u00e9 bom?<\/h2>\n<p>Ele \u00e9 uma das melhores escolhas quando se trata de Linho para sof\u00e1s, j\u00e1 que possui a maior gama de cores da Tappy e todas as especifica\u00e7\u00f5es de um produto realmente diferenciado, elegante, resistente e macio. \u00c9 um tecido para sof\u00e1s muito nobre e f\u00e1cil de ser combinado em projetos de alta decora\u00e7\u00e3o.<\/p>\n<p>Al\u00e9m disso, o Linho Premium Carrara possui uma trama mais fechada, o que garante maior durabilidade e resist\u00eancia ao desgaste, al\u00e9m de ser f\u00e1cil de limpar e manter. Sua textura suave e macia proporciona um conforto extra aos usu\u00e1rios do sof\u00e1, tornando-o ideal para ambientes de conviv\u00eancia e relaxamento. Portanto, se voc\u00ea est\u00e1 procurando um tecido de alta qualidade para sof\u00e1s, o Linho Premium Carrara \u00e9 uma excelente op\u00e7\u00e3o.<\/p>\n<p><span style=\"font-size: 130%;\"><em><strong>Outras Caracter\u00edsticas T\u00e9cnicas:<\/strong><\/em><\/span><\/p>\n<p><em>Tecido plano dublado, face constru\u00e7\u00e3o maquinetado, tinto em pe\u00e7a formado por filamentos de poli\u00e9ster reunidos por colagem com um n\u00e3o tecido formado por fibras de poli\u00e9ster. Tecido plano em 100% poli\u00e9ster com 1,45m de largura, aspecto de linho, dublado e boa resist\u00eancia.<\/em><\/p>\n","protected":false},"excerpt":{"rendered":"<p><strong>Tecido Linho Premium Carrara<\/strong> possui uma incr\u00edvel variedade de cores e qualidade. \u00c9 o linho favorito dos nossos clientes. <a href=\"#vantagens\">Veja outras vantagens.<\/a><\/p>\n","protected":false},"featured_media":263,"template":"","meta":[],"product_brand":[1108],"product_cat":[56,20],"product_tag":[57,58,59,60,25,55,302,27,28],"class_list":{"0":"post-225","1":"product","2":"type-product","3":"status-publish","4":"has-post-thumbnail","6":"product_brand-tappy","7":"product_cat-tecido-linho-para-sofas","8":"product_cat-tecidos-para-sofas","9":"product_tag-linho","10":"product_tag-linho-para-sofas","11":"product_tag-linho-sintetico","12":"product_tag-tecido-linho","13":"product_tag-tecido-para-sofas","14":"product_tag-tecido-poliester","15":"product_tag-tecido-sintetico","16":"product_tag-tecido-texturizado","17":"product_tag-tecidos-tappy","18":"product_shipping_class-brasil","19":"pa_acabamento-tecido-texturizado","20":"pa_acabamento-tecido-tramado","21":"pa_cores-de-tecidos-amarelo-dijon","22":"pa_cores-de-tecidos-bege-sisal","23":"pa_cores-de-tecidos-branco-bruma","24":"pa_cores-de-tecidos-cinza-dark-side","25":"pa_cores-de-tecidos-cinza-grafite","26":"pa_cores-de-tecidos-cinza-lunar","27":"pa_cores-de-tecidos-marrom-taupe","28":"pa_cores-de-tecidos-off-white-natural","29":"pa_cores-de-tecidos-rosa-coral","30":"pa_cores-de-tecidos-rosa-pancake","31":"pa_cores-de-tecidos-verde-glacial","32":"pa_cores-de-tecidos-verde-jade","33":"pa_cores-de-tecidos-verde-samambaia","34":"pa_cores-de-tecidos-vermelho","35":"pa_cores-de-tecidos-vermelho-terracota","36":"tm-no-options","38":"first","39":"instock","40":"featured","41":"shipping-taxable","42":"purchasable","43":"product-type-variable"},"_links":{"self":[{"href":"https:\/\/www.tappy.com.br\/empresas\/wp-json\/wp\/v2\/product\/225","targetHints":{"allow":["GET"]}}],"collection":[{"href":"https:\/\/www.tappy.com.br\/empresas\/wp-json\/wp\/v2\/product"}],"about":[{"href":"https:\/\/www.tappy.com.br\/empresas\/wp-json\/wp\/v2\/types\/product"}],"wp:featuredmedia":[{"embeddable":true,"href":"https:\/\/www.tappy.com.br\/empresas\/wp-json\/wp\/v2\/media\/263"}],"wp:attachment":[{"href":"https:\/\/www.tappy.com.br\/empresas\/wp-json\/wp\/v2\/media?parent=225"}],"wp:term":[{"taxonomy":"product_brand","embeddable":true,"href":"https:\/\/www.tappy.com.br\/empresas\/wp-json\/wp\/v2\/product_brand?post=225"},{"taxonomy":"product_cat","embeddable":true,"href":"https:\/\/www.tappy.com.br\/empresas\/wp-json\/wp\/v2\/product_cat?post=225"},{"taxonomy":"product_tag","embeddable":true,"href":"https:\/\/www.tappy.com.br\/empresas\/wp-json\/wp\/v2\/product_tag?post=225"}],"curies":[{"name":"wp","href":"https:\/\/api.w.org\/{rel}","templated":true}]}}