{"id":224,"date":"2024-03-26T10:09:41","date_gmt":"2024-03-26T13:09:41","guid":{"rendered":"https:\/\/www.tappy.com.br\/empresas\/?post_type=product&#038;p=224"},"modified":"2026-05-06T01:09:10","modified_gmt":"2026-05-06T04:09:10","slug":"tecido-suede-premium-joli-145cm-super-veludo","status":"publish","type":"product","link":"https:\/\/www.tappy.com.br\/empresas\/p\/tecido-suede-premium-joli-145cm-super-veludo\/","title":{"rendered":"Tecido Suede Premium Joli 145cm, Super Veludo"},"content":{"rendered":"<h2>O que \u00e9 Suede Premium?<\/h2>\n<p><strong>Suede Premium<\/strong> \u00e9 um termo criado pela Tappy, que depois foi adotado por outras lojas, esse tecido \u00e9 conhecido tamb\u00e9m pelos nomes de Veludo Premium, Jolie, New Velu, Inca ou simplesmente Suede Joli.<\/p>\n<p>Nosso <strong>Suede Verdadeiramente Premium<\/strong> possui uma gramatura muito superior a todos esses, em m\u00e9dia 30% mais pesado, mais macio e mais resistente, podemos garantir que n\u00e3o h\u00e1 outro suede liso, suede veludo ou aveludado na mesma faixa de pre\u00e7o com a mesma qualidade.<\/p>\n<p>Esse material \u00e9 um Suede para Sof\u00e1s Liso pesado, isso garante o m\u00e1ximo de durabilidade e resist\u00eancia a ele sendo que sua composi\u00e7\u00e3o tamb\u00e9m o torna semiperme\u00e1vel. Sua textura \u00e9 extremamente macia de cor muito fixa e cintilante, portanto, \u00e9 um tecido muito nobre.<\/p>\n<p>Sua gramatura \u00e9 capaz de garantir uma dura\u00e7\u00e3o excepcional j\u00e1 que ele pesa <strong>364g por metro linear e 260g\/m\u00b2<\/strong>, tudo isso sem forro no verso, algo ben\u00e9fico para esse tipo de tecido, pois dessa forma ele se torna ainda mais macio e t\u00e3o resistente quanto qualquer outro.<\/p>\n<h2>Onde us\u00e1-lo?<\/h2>\n<p>Pode ser aplicado em todos os tipos de estofamentos decorativos, desde sof\u00e1s inteiros, at\u00e9 puffs. Us\u00e1-lo ser\u00e1 bem f\u00e1cil, j\u00e1 que ele \u00e9 um dos melhores e mais resistentes tecidos que voc\u00ea encontrar\u00e1 no mercado, o que manda \u00e9 a sua criatividade.<\/p>\n<p>Ele possui fibras de espessura especiais, justamente para facilitar sua limpeza. Isso pode ser feito em casa de forma bem f\u00e1cil, somente tomando alguns cuidados, facilidade \u00e9 uma das propostas desse tecido.<\/p>\n<h2>Tecido Suede Premium Joli \u00e9 bom?<\/h2>\n<p>Esse produto \u00e9 definitivamente uma das melhores escolhas quando se trata de diferencia\u00e7\u00e3o, resist\u00eancia e beleza, o que em resumo justifica o seu investimento um pouco maio. As vantagens s\u00e3o tantas que esse \u00e9 o tecido para sof\u00e1s mais usado no Brasil atualmente.<\/p>\n<p>Se ainda tem d\u00favidas siga nosso guia para solicitar uma amostra, j\u00e1 esse \u00e9 um produto que n\u00f3s realmente recomendamos.<\/p>\n<p><span style=\"font-size: 130%;\"><em><strong>Outras Caracter\u00edsticas T\u00e9cnicas:<\/strong><\/em><\/span><\/p>\n<p><em>Tecido de malha de urdume, face superior aveludada, formado por filamentos de poli\u00e9ster, tinto em pe\u00e7a.<\/em><\/p>\n","protected":false},"excerpt":{"rendered":"<p><strong>Tecido Suede Premium Joli<\/strong> \u00e9 conhecido tamb\u00e9m como Super Veludo. Possui a maior gramatura do mercado e qualidade incompar\u00e1vel. <a href=\"#vantagens\">Veja outras vantagens.<\/a><\/p>\n","protected":false},"featured_media":3850,"template":"","meta":[],"product_brand":[1108],"product_cat":[21,20],"product_tag":[22,23,24,25,26,28,40,41],"class_list":{"0":"post-224","1":"product","2":"type-product","3":"status-publish","4":"has-post-thumbnail","6":"product_brand-tappy","7":"product_cat-tecido-suede-para-sofas","8":"product_cat-tecidos-para-sofas","9":"product_tag-suede","10":"product_tag-suede-para-sofas","11":"product_tag-tecido-para-estofados","12":"product_tag-tecido-para-sofas","13":"product_tag-tecido-suede","14":"product_tag-tecidos-tappy","15":"product_tag-veludo","16":"product_tag-veludo-macio","17":"product_shipping_class-brasil","18":"pa_acabamento-tecido-liso","19":"pa_acabamento-tecido-pet-friendly","20":"pa_cores-de-tecidos-amarelo-dijon","21":"pa_cores-de-tecidos-amarelo-ouro","22":"pa_cores-de-tecidos-azul-marinho","23":"pa_cores-de-tecidos-azul-petroleo","24":"pa_cores-de-tecidos-azul-turquesa","25":"pa_cores-de-tecidos-bege-funghi","26":"pa_cores-de-tecidos-cinza-ardosia","27":"pa_cores-de-tecidos-cinza-claro","28":"pa_cores-de-tecidos-cinza-classic","29":"pa_cores-de-tecidos-cinza-taupe","30":"pa_cores-de-tecidos-marrom-bison","31":"pa_cores-de-tecidos-marrom-caramelo","32":"pa_cores-de-tecidos-marrom-tabaco","33":"pa_cores-de-tecidos-off-white-natural","34":"pa_cores-de-tecidos-preto","35":"pa_cores-de-tecidos-rosa-coral","36":"pa_cores-de-tecidos-rosa-envelhecido","37":"pa_cores-de-tecidos-roxo-cardeal","38":"pa_cores-de-tecidos-verde-agua","39":"pa_cores-de-tecidos-verde-floresta","40":"pa_cores-de-tecidos-verde-samambaia","41":"pa_cores-de-tecidos-vermelho-terracota","42":"pa_cores-de-tecidos-vinho-deep-wine","43":"tm-no-options","45":"first","46":"instock","47":"featured","48":"shipping-taxable","49":"purchasable","50":"product-type-variable"},"_links":{"self":[{"href":"https:\/\/www.tappy.com.br\/empresas\/wp-json\/wp\/v2\/product\/224","targetHints":{"allow":["GET"]}}],"collection":[{"href":"https:\/\/www.tappy.com.br\/empresas\/wp-json\/wp\/v2\/product"}],"about":[{"href":"https:\/\/www.tappy.com.br\/empresas\/wp-json\/wp\/v2\/types\/product"}],"wp:featuredmedia":[{"embeddable":true,"href":"https:\/\/www.tappy.com.br\/empresas\/wp-json\/wp\/v2\/media\/3850"}],"wp:attachment":[{"href":"https:\/\/www.tappy.com.br\/empresas\/wp-json\/wp\/v2\/media?parent=224"}],"wp:term":[{"taxonomy":"product_brand","embeddable":true,"href":"https:\/\/www.tappy.com.br\/empresas\/wp-json\/wp\/v2\/product_brand?post=224"},{"taxonomy":"product_cat","embeddable":true,"href":"https:\/\/www.tappy.com.br\/empresas\/wp-json\/wp\/v2\/product_cat?post=224"},{"taxonomy":"product_tag","embeddable":true,"href":"https:\/\/www.tappy.com.br\/empresas\/wp-json\/wp\/v2\/product_tag?post=224"}],"curies":[{"name":"wp","href":"https:\/\/api.w.org\/{rel}","templated":true}]}}