{"id":2144,"date":"2024-03-26T11:03:57","date_gmt":"2024-03-26T14:03:57","guid":{"rendered":"https:\/\/www.tappy.com.br\/empresas\/?post_type=product&#038;p=2144"},"modified":"2026-03-10T18:43:58","modified_gmt":"2026-03-10T21:43:58","slug":"enchimento-fibra-siliconada-oca-sintetica-2m-1kg-pet-ecologico","status":"publish","type":"product","link":"https:\/\/www.tappy.com.br\/empresas\/p\/enchimento-fibra-siliconada-oca-sintetica-2m-1kg-pet-ecologico\/","title":{"rendered":"Enchimento Fibra Siliconada Oca Sint\u00e9tica 2M 1Kg &#8211; PET Ecol\u00f3gico"},"content":{"rendered":"<h2>O que \u00e9 Fibra Siliconada PET?<\/h2>\n<p>Enchimento Fibra Siliconada Oca Sint\u00e9tica de ecol\u00f3gica \u00e9 um tipo de enchimento utilizado em produtos t\u00eaxteis, como almofadas, travesseiros, bichos de pel\u00facia, entre outros. \u00c9 composto por fibras sint\u00e9ticas siliconadas e ocas, extra\u00edda de produtos como garrafas PETs e outros pol\u00edmeros recicl\u00e1veis.<\/p>\n<p>Esse tipo de enchimento \u00e9 muito utilizado devido \u00e0s suas caracter\u00edsticas de leveza, resist\u00eancia e durabilidade. Al\u00e9m disso, a fibra siliconada oca sint\u00e9tica possui propriedades antial\u00e9rgicas, sendo segura para pessoas com sensibilidade a alergias.<\/p>\n<h2>Onde usa-lo?<\/h2>\n<p>A fibra n\u00e3o embola ou empelota e \u00e9 anti-al\u00e9rgica. Muito utilizada para enchimento de almofadas, sof\u00e1s, colch\u00f5es, bonecas e artesanatos.<\/p>\n<h2>Fibra Siliconada 2M Petfibra \u00e9 boa?<\/h2>\n<p>O enchimento de alto volume proporciona um toque macio e fofo aos produtos, tornando-os mais confort\u00e1veis e agrad\u00e1veis ao toque. Ele tamb\u00e9m mant\u00e9m sua forma por mais tempo, evitando que o item fique amassado ou deformado com o uso.<\/p>\n<p>No geral, o enchimento fibra siliconada oca sint\u00e9tica PET \u00e9 uma escolha popular na ind\u00fastria t\u00eaxtil devido \u00e0 sua qualidade, conforto e praticidade.<\/p>\n<h2>Qual a diferen\u00e7a entre as Fibras Soft Max x 2M x PET?<\/h2>\n<p>Todas s\u00e3o indicadas para a mesma finalidade de enchimento, mas h\u00e1 diferen\u00e7a entre elas, veja a tabela abaixo.<\/p>\n","protected":false},"excerpt":{"rendered":"<p><strong>Enchimento 2M PET ecol\u00f3gico<\/strong> proporciona um toque macio e fofo tornando os estofamentos mais confort\u00e1veis. <a href=\"#tabela-fibra\">Veja a tabela de compara\u00e7\u00e3o para saber mais<\/a><\/p>\n","protected":false},"featured_media":2180,"template":"","meta":[],"product_brand":[],"product_cat":[465,50,466],"product_tag":[],"class_list":{"0":"post-2144","1":"product","2":"type-product","3":"status-publish","4":"has-post-thumbnail","6":"product_cat-enchimento-para-almofadas","7":"product_cat-espumas-e-enchimentos","8":"product_cat-plumantes","9":"product_shipping_class-volumetric-weight","10":"tm-no-options","12":"first","13":"onbackorder","14":"shipping-taxable","15":"purchasable","16":"product-type-simple"},"_links":{"self":[{"href":"https:\/\/www.tappy.com.br\/empresas\/wp-json\/wp\/v2\/product\/2144","targetHints":{"allow":["GET"]}}],"collection":[{"href":"https:\/\/www.tappy.com.br\/empresas\/wp-json\/wp\/v2\/product"}],"about":[{"href":"https:\/\/www.tappy.com.br\/empresas\/wp-json\/wp\/v2\/types\/product"}],"wp:featuredmedia":[{"embeddable":true,"href":"https:\/\/www.tappy.com.br\/empresas\/wp-json\/wp\/v2\/media\/2180"}],"wp:attachment":[{"href":"https:\/\/www.tappy.com.br\/empresas\/wp-json\/wp\/v2\/media?parent=2144"}],"wp:term":[{"taxonomy":"product_brand","embeddable":true,"href":"https:\/\/www.tappy.com.br\/empresas\/wp-json\/wp\/v2\/product_brand?post=2144"},{"taxonomy":"product_cat","embeddable":true,"href":"https:\/\/www.tappy.com.br\/empresas\/wp-json\/wp\/v2\/product_cat?post=2144"},{"taxonomy":"product_tag","embeddable":true,"href":"https:\/\/www.tappy.com.br\/empresas\/wp-json\/wp\/v2\/product_tag?post=2144"}],"curies":[{"name":"wp","href":"https:\/\/api.w.org\/{rel}","templated":true}]}}