{"id":2133,"date":"2024-03-26T11:03:55","date_gmt":"2024-03-26T14:03:55","guid":{"rendered":"https:\/\/www.tappy.com.br\/empresas\/?post_type=product&#038;p=2133"},"modified":"2024-10-29T21:27:02","modified_gmt":"2024-10-30T00:27:02","slug":"matriz-para-forrar-botao-de-16mm-bombe-graziano","status":"publish","type":"product","link":"https:\/\/www.tappy.com.br\/empresas\/p\/matriz-para-forrar-botao-de-16mm-bombe-graziano\/","title":{"rendered":"Matriz para Forrar Bot\u00e3o de 16mm Bomb\u00ea &#8211; Graziano"},"content":{"rendered":"<h2>O que \u00e9 Matriz de Bot\u00e3o 16?<\/h2>\n<p>Uma matriz para forrar bot\u00e3o \u00e9 um molde utilizado para cobrir o bot\u00e3o com um tecido ou material espec\u00edfico. \u00c9 composto por duas partes, uma superior e uma inferior, feitas de metal, que se encaixam pelo centro. O tecido \u00e9 colocado no centro da matriz inferior e o bot\u00e3o \u00e9 encaixado sobre ele. A matriz superior \u00e9 ent\u00e3o pressionada sobre a inferior com uma m\u00e1quina ou manualmente, for\u00e7ando o tecido a se ajustar ao formato do bot\u00e3o e fixando-o no lugar. O resultado final \u00e9 um bot\u00e3o forrado com um tecido escolhido pelo usu\u00e1rio, que pode ser utilizado em pe\u00e7as de roupa, acess\u00f3rios e outros itens de decora\u00e7\u00e3o.<\/p>\n<h2>Onde usa-la?<\/h2>\n<p>\u00c9 usada para cortar e moldar tecidos de forma precisa para forrar bot\u00f5es, criando um acabamento profissional em pe\u00e7as como roupas, artesanato e claro, estofados.<\/p>\n<h2>Matriz de Bot\u00e3o Graziano \u00e9 boa?<\/h2>\n<p>A marca Graziano \u00e9 bem estabelecida no mercado de artesanato e costura, e seus produtos costumam ter \u00f3tima reputa\u00e7\u00e3o entre os consumidores, al\u00e9m disso a matriz \u00e9 uma ferramenta \u00fatil para quem deseja forrar bot\u00f5es de maneira r\u00e1pida e f\u00e1cil.<\/p>\n","protected":false},"excerpt":{"rendered":"<p><strong>Matriz para forrar bot\u00e3o 16mm<\/strong> \u00e9 um molde utilizado para cobrir o bot\u00e3o com um tecido ou material espec\u00edfico composto por duas partes.<\/p>\n","protected":false},"featured_media":2163,"template":"","meta":[],"product_brand":[],"product_cat":[30,43],"product_tag":[605,606,607,608],"class_list":{"0":"post-2133","1":"product","2":"type-product","3":"status-publish","4":"has-post-thumbnail","6":"product_cat-acessorios-para-tapecaria","7":"product_cat-ferramentas-para-tapeceiros","8":"product_tag-graziano-ferramentas","9":"product_tag-matriz-de-botao","10":"product_tag-matriz-de-forrar","11":"product_tag-matriz-graziano","12":"product_shipping_class-brasil","13":"tm-no-options","15":"first","16":"outofstock","17":"shipping-taxable","18":"purchasable","19":"product-type-simple"},"_links":{"self":[{"href":"https:\/\/www.tappy.com.br\/empresas\/wp-json\/wp\/v2\/product\/2133","targetHints":{"allow":["GET"]}}],"collection":[{"href":"https:\/\/www.tappy.com.br\/empresas\/wp-json\/wp\/v2\/product"}],"about":[{"href":"https:\/\/www.tappy.com.br\/empresas\/wp-json\/wp\/v2\/types\/product"}],"wp:featuredmedia":[{"embeddable":true,"href":"https:\/\/www.tappy.com.br\/empresas\/wp-json\/wp\/v2\/media\/2163"}],"wp:attachment":[{"href":"https:\/\/www.tappy.com.br\/empresas\/wp-json\/wp\/v2\/media?parent=2133"}],"wp:term":[{"taxonomy":"product_brand","embeddable":true,"href":"https:\/\/www.tappy.com.br\/empresas\/wp-json\/wp\/v2\/product_brand?post=2133"},{"taxonomy":"product_cat","embeddable":true,"href":"https:\/\/www.tappy.com.br\/empresas\/wp-json\/wp\/v2\/product_cat?post=2133"},{"taxonomy":"product_tag","embeddable":true,"href":"https:\/\/www.tappy.com.br\/empresas\/wp-json\/wp\/v2\/product_tag?post=2133"}],"curies":[{"name":"wp","href":"https:\/\/api.w.org\/{rel}","templated":true}]}}