{"id":2081,"date":"2024-03-26T11:03:37","date_gmt":"2024-03-26T14:03:37","guid":{"rendered":"https:\/\/www.tappy.com.br\/empresas\/?post_type=product&#038;p=2081"},"modified":"2026-05-06T09:43:35","modified_gmt":"2026-05-06T12:43:35","slug":"tecido-boucle-harpan-varias-cores-145cm","status":"publish","type":"product","link":"https:\/\/www.tappy.com.br\/empresas\/p\/tecido-boucle-harpan-varias-cores-145cm\/","title":{"rendered":"Tecido Boucl\u00e9 Harpan V\u00e1rias Cores 145cm"},"content":{"rendered":"<h2>O que \u00e9 Tecido Boucl\u00e9 Harpan?<\/h2>\n<p>\u00c9 um <strong>Tecido Boucl\u00e9 para Sof\u00e1s <\/strong>feito com fibras macias especiais de alta qualidade. Possui cores das tend\u00eancias 2023\/24 para decora\u00e7\u00e3o interna, escolhidas especialmente para combinar com seu projeto de arquitetura contempor\u00e2nea.<\/p>\n<p>O nome Harpan (\u02c8har\u0325pa) foi inspirado pelo centro de m\u00fasica e arte localizado em Reykjavik, capital da Isl\u00e2ndia. Inaugurada em 2011, a Harpa se tornou um marco arquitet\u00f4nico e cultural importante no pa\u00eds. Seu nome, &#8220;Harpa&#8221;, \u00e9 derivado da palavra islandesa para harpa, um instrumento musical tradicionalmente associado \u00e0 cultura islandesa.<\/p>\n<p>A gramatura deste <strong>Tecido Boucl\u00e9 <\/strong>\u00e9 capaz de garantir uma dura\u00e7\u00e3o insuper\u00e1vel j\u00e1 que ele pesa 670g por metro linear e 470g\/m\u00b2. Na categoria de tecidos com fibras naturais \u00e9 tamb\u00e9m nosso tecido mais pesado at\u00e9 o momento.<\/p>\n<h2>Onde us\u00e1-lo?<\/h2>\n<p>Pode ser aplicado em todos os tipos de estofamentos decorativos, desde sof\u00e1s inteiros, almofadas, cabeceiras de cama, cadeiras, poltronas, puffs e at\u00e9 artesanatos.<\/p>\n<p>Esse tecido para sof\u00e1s possui fibras de espessuras especiais para facilitar sua limpeza, isso pode ser feito em casa de forma bem f\u00e1cil, sempre tomando alguns cuidados.<\/p>\n<h2>Tecido Boucl\u00e9 \u00e9 bom?<\/h2>\n<p>O tecido boucl\u00e9 muitas vezes est\u00e1 associado a um alt\u00edssimo custo, sendo at\u00e9 inacess\u00edvel para grande parte das pessoas. No entanto ap\u00f3s longo meses de desenvolvimento e pesquisa, n\u00f3s conseguimos o equil\u00edbrio perfeito entre custo e qualidade para esse tipo de material. Acredite, poucos tecidos em nossa loja tem tanto potencial de surpreende-lo quanto este aqui.<\/p>\n<p>\u00c9 um tecido extremamente macio, elegante, de cores s\u00f3lidas e modernas e com baixa probabilidade de forma\u00e7\u00e3o de bolinhas (comum para tecidos do g\u00eanero). Esteja certo que de que o investimento nesse material certamente ser\u00e1 compensado, pois estamos falando aqui de um custo benef\u00edcio imbat\u00edvel, mesmo.<\/p>\n<p><span style=\"font-size: 130%;\"><em><strong>Outras Caracter\u00edsticas T\u00e9cnicas:<\/strong><\/em><\/span><\/p>\n<div class=\"page\" title=\"Page 1\">\n<div class=\"layoutArea\">\n<div class=\"column\">\n<p><em>Tecido dublado, avesso na\u0303o 100% por e tecido 100% poli\u00e9ster, composto por fios fantasias de poli\u00e9ster e fios fiados de algoda\u0303o e outras fibras na trama e fios <span style=\"font-size: 14.4px;\">filamentados<\/span> de poli\u00e9ster no urdume, fio tinto.<\/em><\/p>\n<\/div>\n<\/div>\n<\/div>\n","protected":false},"excerpt":{"rendered":"<p><strong>Tecido Boucl\u00e9 Harpan<\/strong> \u00e9 feito com fibras especialmente macias de alta gramatura e qualidade. Possui cores especiais para ambientes inovadores e bem decorados. <a href=\"#vantagens\">Veja outras vantagens.<\/a><\/p>\n","protected":false},"featured_media":2107,"template":"","meta":[],"product_brand":[1108],"product_cat":[858,20],"product_tag":[57,58,59,60,25,55,302,27,28],"class_list":{"0":"post-2081","1":"product","2":"type-product","3":"status-publish","4":"has-post-thumbnail","6":"product_brand-tappy","7":"product_cat-tecido-boucle-para-estofados","8":"product_cat-tecidos-para-sofas","9":"product_tag-linho","10":"product_tag-linho-para-sofas","11":"product_tag-linho-sintetico","12":"product_tag-tecido-linho","13":"product_tag-tecido-para-sofas","14":"product_tag-tecido-poliester","15":"product_tag-tecido-sintetico","16":"product_tag-tecido-texturizado","17":"product_tag-tecidos-tappy","18":"product_shipping_class-brasil","19":"pa_acabamento-tecido-texturizado","20":"pa_cores-de-tecidos-azul-marinho-profundo","21":"pa_cores-de-tecidos-azul-turquesa","22":"pa_cores-de-tecidos-bege-sisal","23":"pa_cores-de-tecidos-branco-bruma","24":"pa_cores-de-tecidos-cinza-grafite","25":"pa_cores-de-tecidos-cinza-lunar","26":"pa_cores-de-tecidos-cinza-titanio","27":"pa_cores-de-tecidos-off-white-natural","28":"pa_cores-de-tecidos-rosa-pancake","29":"pa_cores-de-tecidos-verde-cacto","30":"pa_cores-de-tecidos-verde-menta","31":"pa_cores-de-tecidos-vermelho-terracota","32":"tm-no-options","34":"first","35":"instock","36":"featured","37":"shipping-taxable","38":"purchasable","39":"product-type-variable"},"_links":{"self":[{"href":"https:\/\/www.tappy.com.br\/empresas\/wp-json\/wp\/v2\/product\/2081","targetHints":{"allow":["GET"]}}],"collection":[{"href":"https:\/\/www.tappy.com.br\/empresas\/wp-json\/wp\/v2\/product"}],"about":[{"href":"https:\/\/www.tappy.com.br\/empresas\/wp-json\/wp\/v2\/types\/product"}],"wp:featuredmedia":[{"embeddable":true,"href":"https:\/\/www.tappy.com.br\/empresas\/wp-json\/wp\/v2\/media\/2107"}],"wp:attachment":[{"href":"https:\/\/www.tappy.com.br\/empresas\/wp-json\/wp\/v2\/media?parent=2081"}],"wp:term":[{"taxonomy":"product_brand","embeddable":true,"href":"https:\/\/www.tappy.com.br\/empresas\/wp-json\/wp\/v2\/product_brand?post=2081"},{"taxonomy":"product_cat","embeddable":true,"href":"https:\/\/www.tappy.com.br\/empresas\/wp-json\/wp\/v2\/product_cat?post=2081"},{"taxonomy":"product_tag","embeddable":true,"href":"https:\/\/www.tappy.com.br\/empresas\/wp-json\/wp\/v2\/product_tag?post=2081"}],"curies":[{"name":"wp","href":"https:\/\/api.w.org\/{rel}","templated":true}]}}