{"id":2076,"date":"2024-03-26T11:03:37","date_gmt":"2024-03-26T14:03:37","guid":{"rendered":"https:\/\/www.tappy.com.br\/empresas\/?post_type=product&#038;p=2076"},"modified":"2024-10-29T20:53:13","modified_gmt":"2024-10-29T23:53:13","slug":"botao-de-forrar-baxmann-bombe-para-capitone-18mm","status":"publish","type":"product","link":"https:\/\/www.tappy.com.br\/empresas\/p\/botao-de-forrar-baxmann-bombe-para-capitone-18mm\/","title":{"rendered":"Bot\u00e3o de Forrar Baxmann Bomb\u00ea para Capiton\u00ea &#8211; 18mm"},"content":{"rendered":"<h2>O que \u00e9 Bot\u00e3o de Forrar 18mm?<\/h2>\n<p>O <strong>Bot\u00e3o de Forrar Baxmann<\/strong> Bomb\u00ea para Capiton\u00ea de 18mm \u00e9 o acess\u00f3rio ideal para quem quer dar acabamento profissional a trabalhos de estofamento. Feito com material de alta qualidade, \u00e9 resistente e dur\u00e1vel, garantindo um resultado impec\u00e1vel. F\u00e1cil de instalar, ele \u00e9 perfeito para quem busca praticidade e beleza nos detalhes.<\/p>\n<h2>Onde us\u00e1-lo?<\/h2>\n<p>Esses bot\u00f5es tamb\u00e9m s\u00e3o conhecidos pelos nomes de Capiton\u00ea ou Bomb\u00ea, s\u00e3o componentes met\u00e1licos que permitem ser revestidos por tecidos e utilizados principalmente em tape\u00e7arias na fabrica\u00e7\u00e3o sof\u00e1s, poltronas, cadeiras, colch\u00f5es, artesanatos, entre outros objetos.<\/p>\n<h2>Bot\u00e3o Baxmann \u00e9 bom?<\/h2>\n<p>O Bot\u00e3o Baxmann para Capiton\u00ea \u00e9 o acess\u00f3rio mais tradicional do mercado, possuindo mais de 50 anos de hist\u00f3ria. \u00c9 ideal para quem quer dar acabamento profissional a trabalhos de estofamento. Feito com material de alta qualidade, \u00e9 resistente, dur\u00e1vel e inoxid\u00e1vel garantindo um resultado impec\u00e1vel.<\/p>\n","protected":false},"excerpt":{"rendered":"<p><strong>Bot\u00e3o de Forrar Baxmann 18mm<\/strong> de alum\u00ednio anti-oxid\u00e1veis. Ideal para acabamento de estofados com capiton\u00ea e para serem forrados com tecido.<\/p>\n","protected":false},"featured_media":2097,"template":"","meta":[],"product_brand":[],"product_cat":[30,467],"product_tag":[468,469,470],"class_list":{"0":"post-2076","1":"product","2":"type-product","3":"status-publish","4":"has-post-thumbnail","6":"product_cat-acessorios-para-tapecaria","7":"product_cat-botoes-de-forrar","8":"product_tag-botao-capitone","9":"product_tag-botao-de-forrar","10":"product_tag-botoes-baxmann","11":"product_shipping_class-brasil","12":"tm-no-options","14":"first","15":"outofstock","16":"shipping-taxable","17":"purchasable","18":"product-type-simple"},"_links":{"self":[{"href":"https:\/\/www.tappy.com.br\/empresas\/wp-json\/wp\/v2\/product\/2076","targetHints":{"allow":["GET"]}}],"collection":[{"href":"https:\/\/www.tappy.com.br\/empresas\/wp-json\/wp\/v2\/product"}],"about":[{"href":"https:\/\/www.tappy.com.br\/empresas\/wp-json\/wp\/v2\/types\/product"}],"wp:featuredmedia":[{"embeddable":true,"href":"https:\/\/www.tappy.com.br\/empresas\/wp-json\/wp\/v2\/media\/2097"}],"wp:attachment":[{"href":"https:\/\/www.tappy.com.br\/empresas\/wp-json\/wp\/v2\/media?parent=2076"}],"wp:term":[{"taxonomy":"product_brand","embeddable":true,"href":"https:\/\/www.tappy.com.br\/empresas\/wp-json\/wp\/v2\/product_brand?post=2076"},{"taxonomy":"product_cat","embeddable":true,"href":"https:\/\/www.tappy.com.br\/empresas\/wp-json\/wp\/v2\/product_cat?post=2076"},{"taxonomy":"product_tag","embeddable":true,"href":"https:\/\/www.tappy.com.br\/empresas\/wp-json\/wp\/v2\/product_tag?post=2076"}],"curies":[{"name":"wp","href":"https:\/\/api.w.org\/{rel}","templated":true}]}}