{"id":1909,"date":"2024-03-26T11:02:50","date_gmt":"2024-03-26T14:02:50","guid":{"rendered":"https:\/\/www.tappy.com.br\/empresas\/?post_type=product&#038;p=1909"},"modified":"2026-05-01T00:43:01","modified_gmt":"2026-05-01T03:43:01","slug":"tecido-boucle-elba-varias-cores-145cm","status":"publish","type":"product","link":"https:\/\/www.tappy.com.br\/empresas\/p\/tecido-boucle-elba-varias-cores-145cm\/","title":{"rendered":"Tecido Boucl\u00e9 Elba V\u00e1rias Cores 145cm"},"content":{"rendered":"<h2>O que \u00e9 Tecido Boucl\u00e9 Elba?<\/h2>\n<p>\u00c9 um <strong>Tecido Boucl\u00e9 para Sof\u00e1s <\/strong>feito com fibras macias especiais de alta qualidade. Possui cores das tend\u00eancias 2023\/24 para decora\u00e7\u00e3o interna, escolhidas especialmente para combinar com seu projeto de arquitetura contempor\u00e2nea.<\/p>\n<p>O nome Elba (Elbphi) foi inspirado pela sala de concertos em Hamburgo, Alemanha, conhecida por sua arquitetura distintiva e impressionante. As paredes da Elbphilharmonie s\u00e3o feitas de vidro e ondulam suavemente, criando uma apar\u00eancia de movimento e fluidez. Al\u00e9m disso, a sala de concertos \u00e9 revestida por uma cobertura de telhado em forma de onda, que se assemelha a um navio navegando pelo rio Elba.<\/p>\n<p>A gramatura deste <strong>Tecido Boucl\u00e9 <\/strong>\u00e9 capaz de garantir uma dura\u00e7\u00e3o insuper\u00e1vel j\u00e1 que ele pesa 670g por metro linear e 470g\/m\u00b2. Na categoria de tecidos com fibras naturais \u00e9 tamb\u00e9m nosso tecido mais pesado at\u00e9 o momento.<\/p>\n<h2>Onde us\u00e1-lo?<\/h2>\n<p>Pode ser aplicado em todos os tipos de estofamentos decorativos, desde sof\u00e1s inteiros, almofadas, cabeceiras de cama, cadeiras, poltronas, puffs e at\u00e9 artesanatos.<\/p>\n<p>Esse tecido para sof\u00e1s possui fibras de espessuras especiais para facilitar sua limpeza, isso pode ser feito em casa de forma bem f\u00e1cil, sempre tomando alguns cuidados.<\/p>\n<h2>Tecido Boucl\u00e9 \u00e9 bom?<\/h2>\n<p>Sendo nosso melhor material para estofados diponibilizado at\u00e9 o momento, adjetivos \u00e9 o que n\u00e3o faltam para descrever o qu\u00e3o incr\u00edvel \u00e9 esse produto. Seja por sua textura, maciez ou apar\u00eancia arrojada, temos certeza que se poss\u00edvel esse tecido deve ser o primeiro da sua lista de tecidos para decora\u00e7\u00e3o de estofados.<\/p>\n<p><span style=\"font-size: 130%;\"><em><strong>Outras Caracter\u00edsticas T\u00e9cnicas:<\/strong><\/em><\/span><\/p>\n<div class=\"page\" title=\"Page 1\">\n<div class=\"layoutArea\">\n<div class=\"column\">\n<p><em>Tecido dublado, avesso na\u0303o 100% por e tecido 100% poliester, composto por fios fantasias de poliester e fios fiados de algoda\u0303o e outras fibras na trama e fios filamentados de poliester no urdume, fio tinto.<\/em><\/p>\n<\/div>\n<\/div>\n<\/div>\n","protected":false},"excerpt":{"rendered":"<p><strong>Tecido Boucl\u00e9 Elba<\/strong>\u00a0\u00e9 feito com fibras macias de alta qualidade e gramatura. Possui cores calmas e neutras para decora\u00e7\u00e3o interna. <a href=\"#vantagens\">Veja outras vantagens.<\/a><\/p>\n","protected":false},"featured_media":4738,"template":"","meta":[],"product_brand":[1108],"product_cat":[858,20],"product_tag":[57,58,59,60,25,55,302,27,28],"class_list":{"0":"post-1909","1":"product","2":"type-product","3":"status-publish","4":"has-post-thumbnail","6":"product_brand-tappy","7":"product_cat-tecido-boucle-para-estofados","8":"product_cat-tecidos-para-sofas","9":"product_tag-linho","10":"product_tag-linho-para-sofas","11":"product_tag-linho-sintetico","12":"product_tag-tecido-linho","13":"product_tag-tecido-para-sofas","14":"product_tag-tecido-poliester","15":"product_tag-tecido-sintetico","16":"product_tag-tecido-texturizado","17":"product_tag-tecidos-tappy","18":"product_shipping_class-brasil","19":"pa_acabamento-tecido-texturizado","20":"pa_cores-de-tecidos-bege-sisal","21":"pa_cores-de-tecidos-branco-bruma","22":"pa_cores-de-tecidos-cinza-titanio","23":"pa_cores-de-tecidos-off-white-natural","24":"tm-no-options","26":"first","27":"instock","28":"shipping-taxable","29":"purchasable","30":"product-type-variable"},"_links":{"self":[{"href":"https:\/\/www.tappy.com.br\/empresas\/wp-json\/wp\/v2\/product\/1909","targetHints":{"allow":["GET"]}}],"collection":[{"href":"https:\/\/www.tappy.com.br\/empresas\/wp-json\/wp\/v2\/product"}],"about":[{"href":"https:\/\/www.tappy.com.br\/empresas\/wp-json\/wp\/v2\/types\/product"}],"wp:featuredmedia":[{"embeddable":true,"href":"https:\/\/www.tappy.com.br\/empresas\/wp-json\/wp\/v2\/media\/4738"}],"wp:attachment":[{"href":"https:\/\/www.tappy.com.br\/empresas\/wp-json\/wp\/v2\/media?parent=1909"}],"wp:term":[{"taxonomy":"product_brand","embeddable":true,"href":"https:\/\/www.tappy.com.br\/empresas\/wp-json\/wp\/v2\/product_brand?post=1909"},{"taxonomy":"product_cat","embeddable":true,"href":"https:\/\/www.tappy.com.br\/empresas\/wp-json\/wp\/v2\/product_cat?post=1909"},{"taxonomy":"product_tag","embeddable":true,"href":"https:\/\/www.tappy.com.br\/empresas\/wp-json\/wp\/v2\/product_tag?post=1909"}],"curies":[{"name":"wp","href":"https:\/\/api.w.org\/{rel}","templated":true}]}}