{"id":1825,"date":"2024-03-26T11:02:27","date_gmt":"2024-03-26T14:02:27","guid":{"rendered":"https:\/\/www.tappy.com.br\/empresas\/?post_type=product&#038;p=1825"},"modified":"2026-03-14T17:20:12","modified_gmt":"2026-03-14T20:20:12","slug":"tecido-torckouro-new-sky-varias-cores-140cm","status":"publish","type":"product","link":"https:\/\/www.tappy.com.br\/empresas\/p\/tecido-torckouro-new-sky-varias-cores-140cm\/","title":{"rendered":"Tecido Torckouro\u00ae New Sky V\u00e1rias Cores 140cm"},"content":{"rendered":"<h2>O que \u00e9 Tecido Torckouro\u00ae New Sky?<\/h2>\n<p>Tamb\u00e9m conhecido pelos nomes de Cour\u00edssimo, Courvim entre outros o Tecido Torckouro\u00ae \u00e9 um produto extremamente similar ao couro, Ele \u00e9 produzido com a mais moderna tecnologia e controle de qualidade e est\u00e1 dispon\u00edvel em v\u00e1rias cores.<\/p>\n<p>Esse tecido para estofados tr\u00e1s modernidade e alta tecnologia em revestimentos sint\u00e9ticos para estofados, pois \u00e9 uma linha feita sob rigoroso controle de qualidade, ideal para ambientes de uso intenso, como salas de TV, estar e varandas.<\/p>\n<h3>Onde us\u00e1-lo?<\/h3>\n<p>Sendo um material de extrema resist\u00eancia esse Courvin \u00e9 sem d\u00favidas um dos mais nobres dispon\u00edveis no Brasil, sendo a maior refer\u00eancia em materiais com aspecto de couro natural, por\u00e9m ecol\u00f3gico, sustent\u00e1vel e incrivelmente fiel a textura de pele de animais.<\/p>\n<p>Para personalizar casas e escrit\u00f3rios com estilo e versatilidade, os m\u00f3veis precisam ser confort\u00e1veis e valorizar os ambientes. Torckouro\u00ae \u00e9 o revestimento sint\u00e9tico ideal para estofados residenciais e de escrit\u00f3rios de alto fluxo.<\/p>\n<p><strong>Tecido Torckouro\u00ae<\/strong>\u00a0valoriza a sua escolha, valoriza os seus momentos e otimiza o seu investimento.<\/p>\n<ul>\n<li>Textura: Oferece toque real, muito similar a pede de couro natural;<\/li>\n<li>Confort\u00e1vel: Acabamento que proporciona mais suavidade ao toque;<\/li>\n<li>Resistente: \u00c9 ideal para ambientes com crian\u00e7as, animais de estima\u00e7\u00e3o e para locais de uso intenso, como sala de TV, estar e varandas;<\/li>\n<li>Pr\u00e1tico: \u00c9 imperme\u00e1vel, n\u00e3o ret\u00e9m poeira e \u00e9 f\u00e1cil de limpar;<\/li>\n<li>Econ\u00f4mico: Tem apar\u00eancia de pele de animais e pre\u00e7o mais acess\u00edvel em compara\u00e7\u00e3o a couro natural.<\/li>\n<\/ul>\n<h3>Tecido Torckcouro \u00e9 bom?<\/h3>\n<p>Esse tecido \u00e9 o Courvim de alto padr\u00e3o mais conceituado e conhecido do mercado, muitas vezes inclusive sendo alvo de c\u00f3pias que n\u00e3o possuem a mesma qualidade e principalmente durabilidade.<\/p>\n<p>Caso voc\u00ea n\u00e3o queira usar o Couro Natural para finalizar o acabamento do seu sof\u00e1 e precise de algo de \u00f3tima qualidade, voc\u00ea deve ent\u00e3o considerar o uso desse tecido, que com certeza valer\u00e1 seu investimento.<\/p>\n<p><strong><span style=\"font-size: 130%;\">Veja como limpar e conservar seu Tecido Torckouro\u00ae:<\/span><\/strong><\/p>\n<ul>\n<li>\u00c9 indicada a limpeza peri\u00f3dica semanal do revestimento a fim de prevenir o ac\u00famulo de sujeira e outros contaminantes que possam deterior\u00e1-lo e (ou) alterar sua apar\u00eancia;<\/li>\n<li>Manchas e derramamentos devem ser limpos em no m\u00e1ximo 5 minutos para prevenir dano permanente do revestimento;<\/li>\n<li>Realizando uma limpeza r\u00e1pida, muitas das manchas comuns do dia a dia como: gorduras, tintas de canetas, sucos entre outras, podem ser removidas de maneira efetiva. Utilizar sempre \u00e1gua e sab\u00e3o neutro;<\/li>\n<li>Deve ser evitada a utiliza\u00e7\u00e3o de esponjas e outros mat\u00e9rias abrasivos. Solventes como acetonas e Thinner, pois eles podem ser muito eficientes na remo\u00e7\u00e3o de manchas, mas tamb\u00e9m podem causar danos imediatos e permanentes, al\u00e9m de contribuir para a deteriora\u00e7\u00e3o do revestimento;<\/li>\n<li>Produtos multiuso e \u00e1lcool podem ser utilizados casualmente, para remo\u00e7\u00e3o de todo res\u00edduo existente. O procedimento acima efetuado com frequ\u00eancia pode causar danos permanentes no revestimento;<\/li>\n<li>Calor e Sol e demais intemp\u00e9ries podem danificar o material por exposi\u00e7\u00e3o prolongada.<\/li>\n<\/ul>\n","protected":false},"excerpt":{"rendered":"<p><strong>Tecido Torckouro\u00ae New Sky<\/strong> \u00e9 um tipo de Corino para sof\u00e1s extremamente similar ao \u201ccouro\u201d. Sua resist\u00eancia \u00e9 incompar\u00e1vel a de outros materiais de Courvin ou sint\u00e9ticos. <strong>Veja a Descri\u00e7\u00e3o e saiba mais<\/strong>.<\/p>\n","protected":false},"featured_media":1854,"template":"","meta":[],"product_brand":[],"product_cat":[335,20],"product_tag":[378,340,376,24,25,302,743,744],"class_list":{"0":"post-1825","1":"product","2":"type-product","3":"status-publish","4":"has-post-thumbnail","6":"product_cat-corino-para-sofas","7":"product_cat-tecidos-para-sofas","8":"product_tag-tecido","9":"product_tag-tecido-corino","10":"product_tag-tecido-impermeavel","11":"product_tag-tecido-para-estofados","12":"product_tag-tecido-para-sofas","13":"product_tag-tecido-sintetico","14":"product_tag-tecidos-torck","15":"product_tag-torckouro","16":"product_shipping_class-brasil","17":"pa_acabamento-impermeavel-a-substancias-aquosas","18":"pa_acabamento-impermeavel-a-substancias-aquosas-e-oleosas","19":"pa_acabamento-tecido-anti-uv","20":"pa_acabamento-tecido-antimancha","21":"pa_acabamento-tecido-impermeavel","22":"pa_acabamento-tecido-texturizado","23":"pa_cores-de-tecidos-bege-fendi","24":"pa_cores-de-tecidos-bege-savana","25":"pa_cores-de-tecidos-branco","26":"pa_cores-de-tecidos-cinza-taupe","27":"pa_cores-de-tecidos-marrom-tabaco","28":"pa_cores-de-tecidos-preto","29":"pa_cores-de-tecidos-verde-escuro","30":"tm-no-options","32":"first","33":"instock","34":"sale","35":"shipping-taxable","36":"purchasable","37":"product-type-variable"},"_links":{"self":[{"href":"https:\/\/www.tappy.com.br\/empresas\/wp-json\/wp\/v2\/product\/1825","targetHints":{"allow":["GET"]}}],"collection":[{"href":"https:\/\/www.tappy.com.br\/empresas\/wp-json\/wp\/v2\/product"}],"about":[{"href":"https:\/\/www.tappy.com.br\/empresas\/wp-json\/wp\/v2\/types\/product"}],"wp:featuredmedia":[{"embeddable":true,"href":"https:\/\/www.tappy.com.br\/empresas\/wp-json\/wp\/v2\/media\/1854"}],"wp:attachment":[{"href":"https:\/\/www.tappy.com.br\/empresas\/wp-json\/wp\/v2\/media?parent=1825"}],"wp:term":[{"taxonomy":"product_brand","embeddable":true,"href":"https:\/\/www.tappy.com.br\/empresas\/wp-json\/wp\/v2\/product_brand?post=1825"},{"taxonomy":"product_cat","embeddable":true,"href":"https:\/\/www.tappy.com.br\/empresas\/wp-json\/wp\/v2\/product_cat?post=1825"},{"taxonomy":"product_tag","embeddable":true,"href":"https:\/\/www.tappy.com.br\/empresas\/wp-json\/wp\/v2\/product_tag?post=1825"}],"curies":[{"name":"wp","href":"https:\/\/api.w.org\/{rel}","templated":true}]}}