{"id":1762,"date":"2024-03-26T11:02:08","date_gmt":"2024-03-26T14:02:08","guid":{"rendered":"https:\/\/www.tappy.com.br\/empresas\/?post_type=product&#038;p=1762"},"modified":"2026-03-30T15:32:28","modified_gmt":"2026-03-30T18:32:28","slug":"kit-de-reparo-para-grampeadores-pacar-80-brasileirinho-ou-tg","status":"publish","type":"product","link":"https:\/\/www.tappy.com.br\/empresas\/p\/kit-de-reparo-para-grampeadores-pacar-80-brasileirinho-ou-tg\/","title":{"rendered":"Kit de Reparo para Grampeadores Pacar 80, Brasileirinho ou TG"},"content":{"rendered":"<h2>O que \u00e9 Kit de Reparo para Grampeadores Pacar?<\/h2>\n<p>\u00c9 um kit para reparo manual de grampeadores Pacar brasileirinho ou 80W-TG. \u00c9 um kit de pe\u00e7as originais produzidos pela pr\u00f3pria fabricante e fornecido como forma de prolongar a vida \u00fatil das respectivas ferramentas.<\/p>\n<ul>\n<li>203\/1 &#8211; Pist\u00e3o com Martelo<\/li>\n<li>203\/A &#8211; Anel Oring<\/li>\n<li>1504 &#8211; Batente<\/li>\n<\/ul>\n<h2>Onde us\u00e1-lo?<\/h2>\n<p>Ideal para ser usado com os grampeadores modelos Pacar brasileirinho 80\/16, ou modelo Pacar 80W TG 80\/14.<\/p>\n<h2>Kit de Reparo Pacar \u00e9 bom?<\/h2>\n<p>Esse kit de pe\u00e7as \u00e9 capaz de restaurar a vida \u00fatil das ferramentas a quais se destinam, caso apresentem desgaste por uso prolongado ou ap\u00f3s o termino de suas vidas \u00fateis. O fornecimento de pe\u00e7as de reparo \u00e9 mais uma vantagem exclusiva Pacar, tornando suas ferramentas dur\u00e1veis por muito mais tempo.<\/p>\n<p>Gostaria de entender ainda mais sobre ferramentas Pacar? Que tal esse link?<\/p>\n<p><a title=\"Grampeadores Pacar\" href=\"https:\/\/www.pacar.com.br\/site\/index.php\/pt\/produtos\/acessorios-e-consumiveis\/mangueiras\/product\/201-mangueiras\" rel=\"noopener\">Pacar Ferramentas Pneum\u00e1ticas<\/a><\/p>\n","protected":false},"excerpt":{"rendered":"<p>Kit de reparo para grampeadores modelos Pacar brasileirinho 80\/16, ou modelo Pacar 80W TG 80\/14. <strong>Veja a descri\u00e7\u00e3o e saiba mais<\/strong>.<\/p>\n","protected":false},"featured_media":1807,"template":"","meta":[],"product_brand":[1129],"product_cat":[30,233],"product_tag":[234,732,237,231,232,238,239],"class_list":{"0":"post-1762","1":"product","2":"type-product","3":"status-publish","4":"has-post-thumbnail","6":"product_brand-pacar-ferramentas","7":"product_cat-acessorios-para-tapecaria","8":"product_cat-grampeadores-de-tapeceiro","9":"product_tag-grampeador","10":"product_tag-grampeador-de-tapecaria","11":"product_tag-grampeador-pneumatico","12":"product_tag-grampo","13":"product_tag-grampo-80","14":"product_tag-pacar","15":"product_tag-pacar-ferramentas","16":"product_shipping_class-brasil","17":"tm-no-options","19":"first","20":"instock","21":"shipping-taxable","22":"purchasable","23":"product-type-variable"},"_links":{"self":[{"href":"https:\/\/www.tappy.com.br\/empresas\/wp-json\/wp\/v2\/product\/1762","targetHints":{"allow":["GET"]}}],"collection":[{"href":"https:\/\/www.tappy.com.br\/empresas\/wp-json\/wp\/v2\/product"}],"about":[{"href":"https:\/\/www.tappy.com.br\/empresas\/wp-json\/wp\/v2\/types\/product"}],"wp:featuredmedia":[{"embeddable":true,"href":"https:\/\/www.tappy.com.br\/empresas\/wp-json\/wp\/v2\/media\/1807"}],"wp:attachment":[{"href":"https:\/\/www.tappy.com.br\/empresas\/wp-json\/wp\/v2\/media?parent=1762"}],"wp:term":[{"taxonomy":"product_brand","embeddable":true,"href":"https:\/\/www.tappy.com.br\/empresas\/wp-json\/wp\/v2\/product_brand?post=1762"},{"taxonomy":"product_cat","embeddable":true,"href":"https:\/\/www.tappy.com.br\/empresas\/wp-json\/wp\/v2\/product_cat?post=1762"},{"taxonomy":"product_tag","embeddable":true,"href":"https:\/\/www.tappy.com.br\/empresas\/wp-json\/wp\/v2\/product_tag?post=1762"}],"curies":[{"name":"wp","href":"https:\/\/api.w.org\/{rel}","templated":true}]}}