{"id":1711,"date":"2024-03-26T11:01:51","date_gmt":"2024-03-26T14:01:51","guid":{"rendered":"https:\/\/www.tappy.com.br\/empresas\/?post_type=product&#038;p=1711"},"modified":"2026-05-05T08:14:28","modified_gmt":"2026-05-05T11:14:28","slug":"tecido-suede-camurca-impermeabilizada-varias-cores-145cm","status":"publish","type":"product","link":"https:\/\/www.tappy.com.br\/empresas\/p\/tecido-suede-camurca-impermeabilizada-varias-cores-145cm\/","title":{"rendered":"Tecido Suede Camur\u00e7a Impermeabilizada V\u00e1rias Cores 145cm"},"content":{"rendered":"<h2>O que \u00e9 Camur\u00e7a Impermeabilizada?<\/h2>\n<p>\u00c9 um tipo de camur\u00e7a de alta fidelidade \u00e0 camada interior do couro natural, com toque e apar\u00eancia extremamente fiel ao da pele curtida de animais. Possui todas as vantagens de um tecido de camur\u00e7a sint\u00e9tica, como seguran\u00e7a superior contra gatos e arranh\u00f5es, maior durabilidade e \u00f3tima longevidade da cor.<\/p>\n<p>A gramatura deste tecido ir\u00e1 garantir \u00f3tima dura\u00e7\u00e3o j\u00e1 que ele conta com um forro no verso para refor\u00e7\u00e1-lo. Falando nisso, esse tecido tem 348g por metro linear e 240g\/m\u00b2 sendo assim, 40g\/m\u00b2 pertencem a tela do forro e os 200g\/m\u00b2 restantes, \u00e0 face do tecido.<\/p>\n<h2>Onde us\u00e1-la?<\/h2>\n<p>\u00c9 um tecido democr\u00e1tico que pode ser usado em grandes pe\u00e7as, como sof\u00e1s por exemplo, mas tamb\u00e9m em estofamentos menores como puffs e almofadas. Sua versatilidade permite at\u00e9 a aplica\u00e7\u00e3o em paredes. Uma possibilidade seria mesclar esse suede com algum outro de linho sint\u00e9tico, fica incr\u00edvel.<\/p>\n<p>Para sua limpeza \u00e9 indicado contratar um servi\u00e7o especializado, j\u00e1 que friccionar esse tecido n\u00e3o \u00e9 algo muito indicado, pois sua estampa pode perder defini\u00e7\u00e3o ou manchar.<\/p>\n<h2>Tecido Camur\u00e7a Impermeabilizada \u00e9 bom?<\/h2>\n<p>O <b>Suede Camur\u00e7a Impermeabilizada<\/b>\u00a0\u00e9 um tecido incompar\u00e1vel, sendo distribu\u00eddo exclusivamente pela Tappy, sem qualquer similar no mercado nacional. Sua impermeabiliza\u00e7\u00e3o \u00e9 ideal para aqueles acidentes do dia a dia como o derramamento de l\u00edquidos n\u00e3o oleosos ou \u00e1cidos em todo tipo de estofado de \u00e1rea interna.<\/p>\n<p>Para os amantes de texturas naturais e ambientes mais r\u00fasticos a camur\u00e7a pode ser a escolha ideal, considere solicitar uma amostra desse incr\u00edvel material e se apaixone.<\/p>\n<p>Gostaria de entender ainda mais sobre o Suede Camur\u00e7a? Que tal esses links?<\/p>\n<p><a href=\"https:\/\/www.tappy.com.br\/blog\/tudo-sobre-tecido-suede\/\">Tudo sobre Tecido Suede<\/a><\/p>\n","protected":false},"excerpt":{"rendered":"<p><strong>Tecido Suede Camur\u00e7a Impermeabilizada<\/strong> \u00e9 um tecido para estofados com tinturaria superior, alta gramatura e toque \u00fanico de pelagem do tipo camur\u00e7a.<\/p>\n","protected":false},"featured_media":1741,"template":"","meta":[],"product_brand":[1108],"product_cat":[369,21,20],"product_tag":[22,23,372,376,24,25,26,27,28],"class_list":{"0":"post-1711","1":"product","2":"type-product","3":"status-publish","4":"has-post-thumbnail","6":"product_brand-tappy","7":"product_cat-tecido-impermeavel-para-sofas","8":"product_cat-tecido-suede-para-sofas","9":"product_cat-tecidos-para-sofas","10":"product_tag-suede","11":"product_tag-suede-para-sofas","12":"product_tag-tecido-impermeabilizado","13":"product_tag-tecido-impermeavel","14":"product_tag-tecido-para-estofados","15":"product_tag-tecido-para-sofas","16":"product_tag-tecido-suede","17":"product_tag-tecido-texturizado","18":"product_tag-tecidos-tappy","19":"product_shipping_class-brasil","20":"pa_acabamento-impermeavel-a-substancias-aquosas","21":"pa_acabamento-tecido-impermeavel","22":"pa_acabamento-tecido-liso","23":"pa_acabamento-tecido-pet-friendly","24":"pa_cores-de-tecidos-azul-royal","25":"pa_cores-de-tecidos-bege-funghi","26":"pa_cores-de-tecidos-bege-sisal","27":"pa_cores-de-tecidos-cinza-classic","28":"pa_cores-de-tecidos-cinza-taupe","29":"pa_cores-de-tecidos-marrom-tabaco","30":"pa_cores-de-tecidos-off-white-natural","31":"tm-no-options","33":"first","34":"instock","35":"sale","36":"shipping-taxable","37":"purchasable","38":"product-type-variable"},"_links":{"self":[{"href":"https:\/\/www.tappy.com.br\/empresas\/wp-json\/wp\/v2\/product\/1711","targetHints":{"allow":["GET"]}}],"collection":[{"href":"https:\/\/www.tappy.com.br\/empresas\/wp-json\/wp\/v2\/product"}],"about":[{"href":"https:\/\/www.tappy.com.br\/empresas\/wp-json\/wp\/v2\/types\/product"}],"wp:featuredmedia":[{"embeddable":true,"href":"https:\/\/www.tappy.com.br\/empresas\/wp-json\/wp\/v2\/media\/1741"}],"wp:attachment":[{"href":"https:\/\/www.tappy.com.br\/empresas\/wp-json\/wp\/v2\/media?parent=1711"}],"wp:term":[{"taxonomy":"product_brand","embeddable":true,"href":"https:\/\/www.tappy.com.br\/empresas\/wp-json\/wp\/v2\/product_brand?post=1711"},{"taxonomy":"product_cat","embeddable":true,"href":"https:\/\/www.tappy.com.br\/empresas\/wp-json\/wp\/v2\/product_cat?post=1711"},{"taxonomy":"product_tag","embeddable":true,"href":"https:\/\/www.tappy.com.br\/empresas\/wp-json\/wp\/v2\/product_tag?post=1711"}],"curies":[{"name":"wp","href":"https:\/\/api.w.org\/{rel}","templated":true}]}}