{"id":1598,"date":"2024-03-26T11:01:14","date_gmt":"2024-03-26T14:01:14","guid":{"rendered":"https:\/\/www.tappy.com.br\/empresas\/?post_type=product&#038;p=1598"},"modified":"2026-04-08T12:34:50","modified_gmt":"2026-04-08T15:34:50","slug":"grampeador-e-pinador-pacar-90-40-pneumatico-conector","status":"publish","type":"product","link":"https:\/\/www.tappy.com.br\/empresas\/p\/grampeador-e-pinador-pacar-90-40-pneumatico-conector\/","title":{"rendered":"Grampeador e Pinador Pacar 90\/40 Pneum\u00e1tico + Conector"},"content":{"rendered":"<h2>O que \u00e9 Grampeador e Pinador Pacar?<\/h2>\n<p>\u00c9 um Grampeador e Pinador multifun\u00e7\u00e3o que funciona a partir de ar comprimido. Foi projetado para uso em maior escala, como no segmento industrial ou em tape\u00e7arias e marcenarias, por exemplo.<\/p>\n<p>Esse Grampeador Pacar 90\/40 comporta at\u00e9 120 grampos de uma vez, com sua alt\u00edssima taxa de disparo e \u00e9 capaz de utilizar todos esses grampos t\u00e3o r\u00e1pido quanto seu utilizador precisar. Ele \u00e9 bastante leve devido ao corpo de alum\u00ednio e permite o uso por longas horas.<\/p>\n<p>Esse Grampeador 2 em 1 \u00e9 um dos mais avan\u00e7ados e vers\u00e1teis j\u00e1 distribu\u00eddos pela Pacar at\u00e9 hoje, e \u00e9 distribu\u00eddo com exclusividade pela Tappy.<\/p>\n<p>\u00c9 totalmente compat\u00edvel com grampos da Linha 90 de 16 a 40mm de comprimento e Pino F de 15mm a 50mm. Veja aqui nossos <a title=\"Grampo 80\" href=\"https:\/\/www.tappy.com.br\/empresas\/c\/acessorios-para-tapecaria\/grampo-de-tapeceiro-industrial\/\" data-schema-attribute=\"\">Grampos da linha 90<\/a>.<\/p>\n<h2>Onde us\u00e1-lo?<\/h2>\n<p>\u00c9 ideal para fixa\u00e7\u00e3o de percintas em madeira, tais como tecidos de estofados, montagem de cen\u00e1rios, paletes, decora\u00e7\u00f5es, artesanatos, dentre outros.<\/p>\n<h2>Grampeador Pacar 90\/40 \u00e9 bom?<\/h2>\n<p>Se voc\u00ea preza por qualidade ao mesmo tempo que rendimento de trabalho ent\u00e3o o Grampeador Pacar \u00e9 feito para voc\u00ea, pois une o melhor da tecnologia em grampeadores de longa dura\u00e7\u00e3o com o melhor custo benef\u00edcio.<\/p>\n<p><span style=\"font-weight: 400;\">Gostaria de entender ainda mais sobre Grampeadores Pacar? Que tal esse link?<\/span><\/p>\n<p><a title=\"Grampeadores Pacar\" href=\"https:\/\/www.pacar.com.br\/site\/index.php\/pt\/produtos\/grampeadores\/grampeadores-pneumaticos\/product\/138-80-16-brasileirinho\" data-schema-attribute=\"\" rel=\"noopener\">Pacar Ferramentas Pneum\u00e1ticas<\/a><\/p>\n<h2>Outras Informa\u00e7\u00f5es<\/h2>\n<ul>\n<li>Acompanha pino de engate?: <strong>Sim (Brinde);<\/strong><\/li>\n<li>Capacidade: 120 grampos;<\/li>\n<li>Press\u00e3o de trabalho (m\u00ednima): 70PSI;<\/li>\n<li>Press\u00e3o de trabalho (m\u00e1xima): 110PSI;<\/li>\n<li>Consumo de ar: 0,8L\/golpe;<\/li>\n<li>Garantia: 3 Meses pelo fabricante;<\/li>\n<li>Grampos da Linha 90 de 16 a 40mm de comprimento;<\/li>\n<li>Pinos F de 15 a 50mm.<\/li>\n<\/ul>\n","protected":false},"excerpt":{"rendered":"<p>\u00c9 um Grampeador e Pinador multifun\u00e7\u00e3o que funciona a partir de ar comprimido. Foi projetado para uso em maior escala.<strong>Veja a descri\u00e7\u00e3o e saiba mais<\/strong>.<\/p>\n","protected":false},"featured_media":1611,"template":"","meta":[],"product_brand":[1129],"product_cat":[233,30],"product_tag":[234,237,231,232,238,239],"class_list":{"0":"post-1598","1":"product","2":"type-product","3":"status-publish","4":"has-post-thumbnail","6":"product_brand-pacar-ferramentas","7":"product_cat-grampeadores-de-tapeceiro","8":"product_cat-acessorios-para-tapecaria","9":"product_tag-grampeador","10":"product_tag-grampeador-pneumatico","11":"product_tag-grampo","12":"product_tag-grampo-80","13":"product_tag-pacar","14":"product_tag-pacar-ferramentas","15":"product_shipping_class-brasil","16":"tm-no-options","18":"first","19":"instock","20":"shipping-taxable","21":"purchasable","22":"product-type-simple"},"_links":{"self":[{"href":"https:\/\/www.tappy.com.br\/empresas\/wp-json\/wp\/v2\/product\/1598","targetHints":{"allow":["GET"]}}],"collection":[{"href":"https:\/\/www.tappy.com.br\/empresas\/wp-json\/wp\/v2\/product"}],"about":[{"href":"https:\/\/www.tappy.com.br\/empresas\/wp-json\/wp\/v2\/types\/product"}],"wp:featuredmedia":[{"embeddable":true,"href":"https:\/\/www.tappy.com.br\/empresas\/wp-json\/wp\/v2\/media\/1611"}],"wp:attachment":[{"href":"https:\/\/www.tappy.com.br\/empresas\/wp-json\/wp\/v2\/media?parent=1598"}],"wp:term":[{"taxonomy":"product_brand","embeddable":true,"href":"https:\/\/www.tappy.com.br\/empresas\/wp-json\/wp\/v2\/product_brand?post=1598"},{"taxonomy":"product_cat","embeddable":true,"href":"https:\/\/www.tappy.com.br\/empresas\/wp-json\/wp\/v2\/product_cat?post=1598"},{"taxonomy":"product_tag","embeddable":true,"href":"https:\/\/www.tappy.com.br\/empresas\/wp-json\/wp\/v2\/product_tag?post=1598"}],"curies":[{"name":"wp","href":"https:\/\/api.w.org\/{rel}","templated":true}]}}