{"id":159,"date":"2024-03-26T10:09:19","date_gmt":"2024-03-26T13:09:19","guid":{"rendered":"https:\/\/www.tappy.com.br\/empresas\/?post_type=product&#038;p=159"},"modified":"2024-10-29T20:53:29","modified_gmt":"2024-10-29T23:53:29","slug":"cordone-encerado-bondnyl-branco-ou-preto","status":"publish","type":"product","link":"https:\/\/www.tappy.com.br\/empresas\/p\/cordone-encerado-bondnyl-branco-ou-preto\/","title":{"rendered":"Cordon\u00ea Encerado Bondnyl Branco ou Preto"},"content":{"rendered":"<p>O Cordon\u00ea Encerado Bondnyl ou fio encerado\u00a0\u00e9 indicado para detalhes com efeito visual em couro natural ou material sint\u00e9tico. Possui uma varia\u00e7\u00e3o de cores para confec\u00e7\u00e3o de produtos e artesanatos em geral.<\/p>\n<p>Indicado tamb\u00e9m para trabalhos em macram\u00ea, encaderna\u00e7\u00e3o, scrapbooking, bijuterias, colares, pulseiras, embrulhos, artes e artesanatos.<\/p>\n<p>Cada rolo possui aproximadamente 165 metros.<\/p>\n","protected":false},"excerpt":{"rendered":"<p>O Cordon\u00ea Encerado Bondnyl ou fio encerado\u00a0\u00e9 indicado para detalhes com efeito visual em couro natural ou material sint\u00e9tico. Possui uma varia\u00e7\u00e3o de cores para confec\u00e7\u00e3o de produtos e artesanatos em geral. Indicado tamb\u00e9m para trabalhos em macram\u00ea, encaderna\u00e7\u00e3o, scrapbooking, bijuterias, colares, pulseiras, embrulhos, artes e artesanatos. Cada rolo possui aproximadamente 165 metros.<\/p>\n","protected":false},"featured_media":199,"template":"","meta":[],"product_brand":[],"product_cat":[30,31],"product_tag":[280,281,282],"class_list":{"0":"post-159","1":"product","2":"type-product","3":"status-publish","4":"has-post-thumbnail","6":"product_cat-acessorios-para-tapecaria","7":"product_cat-fios-e-linhas","8":"product_tag-bondnyl","9":"product_tag-cordone","10":"product_tag-poliester","11":"product_shipping_class-brasil","12":"pa_cores-de-tecidos-branco","13":"pa_cores-de-tecidos-preto","14":"tm-no-options","16":"first","17":"outofstock","18":"shipping-taxable","19":"product-type-variable"},"_links":{"self":[{"href":"https:\/\/www.tappy.com.br\/empresas\/wp-json\/wp\/v2\/product\/159","targetHints":{"allow":["GET"]}}],"collection":[{"href":"https:\/\/www.tappy.com.br\/empresas\/wp-json\/wp\/v2\/product"}],"about":[{"href":"https:\/\/www.tappy.com.br\/empresas\/wp-json\/wp\/v2\/types\/product"}],"wp:featuredmedia":[{"embeddable":true,"href":"https:\/\/www.tappy.com.br\/empresas\/wp-json\/wp\/v2\/media\/199"}],"wp:attachment":[{"href":"https:\/\/www.tappy.com.br\/empresas\/wp-json\/wp\/v2\/media?parent=159"}],"wp:term":[{"taxonomy":"product_brand","embeddable":true,"href":"https:\/\/www.tappy.com.br\/empresas\/wp-json\/wp\/v2\/product_brand?post=159"},{"taxonomy":"product_cat","embeddable":true,"href":"https:\/\/www.tappy.com.br\/empresas\/wp-json\/wp\/v2\/product_cat?post=159"},{"taxonomy":"product_tag","embeddable":true,"href":"https:\/\/www.tappy.com.br\/empresas\/wp-json\/wp\/v2\/product_tag?post=159"}],"curies":[{"name":"wp","href":"https:\/\/api.w.org\/{rel}","templated":true}]}}