{"id":1484,"date":"2024-03-26T10:17:08","date_gmt":"2024-03-26T13:17:08","guid":{"rendered":"https:\/\/www.tappy.com.br\/empresas\/?post_type=product&#038;p=1484"},"modified":"2026-03-05T16:05:32","modified_gmt":"2026-03-05T19:05:32","slug":"extrator-de-grampo-industrial-de-tapeceiro-n-2","status":"publish","type":"product","link":"https:\/\/www.tappy.com.br\/empresas\/p\/extrator-de-grampo-industrial-de-tapeceiro-n-2\/","title":{"rendered":"Extrator de Grampo Industrial de Tapeceiro N.2"},"content":{"rendered":"<h2>O que \u00e9 Extrator de Grampos?<\/h2>\n<p>Essa ferramenta foi desenvolvida para remover grampos dos mais variados tamanhos de todo o tipo de madeira poss\u00edvel, sua estrutura de a\u00e7o inoxid\u00e1vel possui 3mm de espessura o que garante uma resist\u00eancia e durabilidade.<\/p>\n<p>Essa ferramenta possui uma abertura de 1 mm entre seus &#8220;dentes&#8221; cada um de 4mm, totalizando uma \u00e1rea de remo\u00e7\u00e3o de 9mm sobre uma haste de 10,5cms<\/p>\n","protected":false},"excerpt":{"rendered":"<p>Extrator de grampos para tapeceiros e artes\u00e3os de estados, ideal para extra\u00e7\u00e3o de grampos de grampeadores pneum\u00e1ticos e manuais. <strong>Veja a descri\u00e7\u00e3o e saiba mais<\/strong>.<\/p>\n","protected":false},"featured_media":1520,"template":"","meta":[],"product_brand":[],"product_cat":[30,43],"product_tag":[],"class_list":{"0":"post-1484","1":"product","2":"type-product","3":"status-publish","4":"has-post-thumbnail","6":"product_cat-acessorios-para-tapecaria","7":"product_cat-ferramentas-para-tapeceiros","8":"product_shipping_class-brasil","9":"tm-no-options","11":"first","12":"outofstock","13":"shipping-taxable","14":"purchasable","15":"product-type-simple"},"_links":{"self":[{"href":"https:\/\/www.tappy.com.br\/empresas\/wp-json\/wp\/v2\/product\/1484","targetHints":{"allow":["GET"]}}],"collection":[{"href":"https:\/\/www.tappy.com.br\/empresas\/wp-json\/wp\/v2\/product"}],"about":[{"href":"https:\/\/www.tappy.com.br\/empresas\/wp-json\/wp\/v2\/types\/product"}],"wp:featuredmedia":[{"embeddable":true,"href":"https:\/\/www.tappy.com.br\/empresas\/wp-json\/wp\/v2\/media\/1520"}],"wp:attachment":[{"href":"https:\/\/www.tappy.com.br\/empresas\/wp-json\/wp\/v2\/media?parent=1484"}],"wp:term":[{"taxonomy":"product_brand","embeddable":true,"href":"https:\/\/www.tappy.com.br\/empresas\/wp-json\/wp\/v2\/product_brand?post=1484"},{"taxonomy":"product_cat","embeddable":true,"href":"https:\/\/www.tappy.com.br\/empresas\/wp-json\/wp\/v2\/product_cat?post=1484"},{"taxonomy":"product_tag","embeddable":true,"href":"https:\/\/www.tappy.com.br\/empresas\/wp-json\/wp\/v2\/product_tag?post=1484"}],"curies":[{"name":"wp","href":"https:\/\/api.w.org\/{rel}","templated":true}]}}