{"id":1414,"date":"2024-03-26T10:16:42","date_gmt":"2024-03-26T13:16:42","guid":{"rendered":"https:\/\/www.tappy.com.br\/empresas\/?post_type=product&#038;p=1414"},"modified":"2026-04-27T09:50:51","modified_gmt":"2026-04-27T12:50:51","slug":"espuma-sob-medida-redonda-espuma-d28-inmetro","status":"publish","type":"product","link":"https:\/\/www.tappy.com.br\/empresas\/p\/espuma-sob-medida-redonda-espuma-d28-inmetro\/","title":{"rendered":"Espuma Sob Medida Redonda, Espuma D28 Inmetro"},"content":{"rendered":"<h2>O que \u00e9 Espuma D28 Redonda?<\/h2>\n<p>\u00c9 uma espuma para sof\u00e1s desenvolvida pela Tappy que usa tecnologia de primeira linha. Essa densidade \u00e9 considerada alta e isso garante uso eficiente em quase todos os tipos de encostos e assentos.<\/p>\n<h2>Onde us\u00e1-la?<\/h2>\n<p>\u00c9 uma excelente espuma para ser usada em encostos com uma rigidez de \u00f3tima qualidade, quanto para o uso em <strong>assentos ela \u00e9 considerada muito boa,<\/strong> pois foi desenvolvida para uso prolongado para pessoas com peso entre 70 Kg a 100 Kg, sendo a melhor escolha custo benef\u00edcio.<\/p>\n<p>Caso o assento seja de uso prolongado ou para pessoas com peso entre 90 Kgs e 110 Kgs para uso moderado aconselhamos outra escolha, como a\u00a0<a title=\"Espuma D33 Selada\" href=\"https:\/\/www.tappy.com.br\/empresas\/p\/espuma-sob-medida-espuma-d33-selada\/\" data-schema-attribute=\"\">Espuma D33 Selada<\/a> que \u00e9 ideal para assentos.<\/p>\n<h2>Espuma Sob Medida D28 \u00e9 boa?<\/h2>\n<p>Essa espuma \u00e9 <strong>altamente indicada<\/strong> para uso em todos os tipos de encostos para sof\u00e1s, oferecendo \u00f3tima durabilidade. Pode ser usada tamb\u00e9m em assentos sem perda de qualidade a m\u00e9dio prazo, no entanto para a maioria dos assentos \u00e9 aconselhado o uso da densidade D33.<\/p>\n<p>Mais informa\u00e7\u00f5es t\u00e9cnicas sobre espumas podem ser vistas aqui <a title=\"Tudo sobre espumas para sof\u00e1s\" href=\"https:\/\/www.promobit.com.br\/blog\/escolhendo-a-espuma-do-sofa-qual-a-melhor-densidade\/\" data-schema-attribute=\"\" rel=\"noopener\">clicando aqui<\/a>.<\/p>\n<p><strong>IMPORTANTE:<\/strong><\/p>\n<ol>\n<li>A imagem do produto representa uma espuma real da Tappy, no entanto a cor pode ser ou n\u00e3o igual a da foto. Sendo assim n\u00e3o \u00e9 permitido que o cliente escolha a cor da espuma que ir\u00e1 receber, caso precise de confirma\u00e7\u00e3o dessa caracter\u00edstica por favor entre em contato conosco;<\/li>\n<li>As cores poss\u00edveis dessa espuma podem ser consultadas tamb\u00e9m na aba &#8220;Informa\u00e7\u00e3o Adicional&#8221;;<\/li>\n<li>Sua espuma sob medida n\u00e3o pode ultrapassar as medidas de 190cm x 110cm x 100cm simultaneamente, pois \u00e9 o tamanho limite de um bloco de espumas. Caso isso ocorra seu pedido ser\u00e1 enviado com uma colagem, feita com toda seguran\u00e7a e qualidade para n\u00e3o comprometer seu produto.<\/li>\n<\/ol>\n","protected":false},"excerpt":{"rendered":"<p><strong>Espuma D28 sob medida redonda<\/strong> com qualidade INMETRO. Recomendada para assentos e encostos de estofados.<\/p>\n","protected":false},"featured_media":1452,"template":"","meta":[],"product_brand":[],"product_cat":[721,50,488],"product_tag":[485,486,722,490],"class_list":{"0":"post-1414","1":"product","2":"type-product","3":"status-publish","4":"has-post-thumbnail","6":"product_cat-espuma-sob-medida-redonda","7":"product_cat-espumas-e-enchimentos","8":"product_cat-espumas-sob-medida","9":"product_tag-espuma-para-assento","10":"product_tag-espuma-para-encosto","11":"product_tag-espuma-redonda","12":"product_tag-espuma-sob-medida","13":"product_shipping_class-volumetric-weight","14":"tm-has-options","16":"first","17":"instock","18":"shipping-taxable","19":"purchasable","20":"product-type-simple"},"_links":{"self":[{"href":"https:\/\/www.tappy.com.br\/empresas\/wp-json\/wp\/v2\/product\/1414","targetHints":{"allow":["GET"]}}],"collection":[{"href":"https:\/\/www.tappy.com.br\/empresas\/wp-json\/wp\/v2\/product"}],"about":[{"href":"https:\/\/www.tappy.com.br\/empresas\/wp-json\/wp\/v2\/types\/product"}],"wp:featuredmedia":[{"embeddable":true,"href":"https:\/\/www.tappy.com.br\/empresas\/wp-json\/wp\/v2\/media\/1452"}],"wp:attachment":[{"href":"https:\/\/www.tappy.com.br\/empresas\/wp-json\/wp\/v2\/media?parent=1414"}],"wp:term":[{"taxonomy":"product_brand","embeddable":true,"href":"https:\/\/www.tappy.com.br\/empresas\/wp-json\/wp\/v2\/product_brand?post=1414"},{"taxonomy":"product_cat","embeddable":true,"href":"https:\/\/www.tappy.com.br\/empresas\/wp-json\/wp\/v2\/product_cat?post=1414"},{"taxonomy":"product_tag","embeddable":true,"href":"https:\/\/www.tappy.com.br\/empresas\/wp-json\/wp\/v2\/product_tag?post=1414"}],"curies":[{"name":"wp","href":"https:\/\/api.w.org\/{rel}","templated":true}]}}