{"id":1354,"date":"2024-03-26T10:16:20","date_gmt":"2024-03-26T13:16:20","guid":{"rendered":"https:\/\/www.tappy.com.br\/empresas\/?post_type=product&#038;p=1354"},"modified":"2026-04-20T07:59:23","modified_gmt":"2026-04-20T10:59:23","slug":"tecido-suede-premium-havana-varias-cores-142cm","status":"publish","type":"product","link":"https:\/\/www.tappy.com.br\/empresas\/p\/tecido-suede-premium-havana-varias-cores-142cm\/","title":{"rendered":"Tecido Suede Premium Havana V\u00e1rias Cores 142cm"},"content":{"rendered":"<h2>O que \u00e9 Suede Premium Havana?<\/h2>\n<p>A tinturaria desse material \u00e9 algo que garante uma est\u00e9tica uniforme, permanente e elegante. Possui todas as vantagens de um tecido suede e a seguran\u00e7a superior contra gatos e arranh\u00f5es, j\u00e1 que \u00e9 o Suede mais resistente que possu\u00edmos at\u00e9 agora.<\/p>\n<p>A gramatura deste tecido \u00e9 boa o suficiente para garantir boa dura\u00e7\u00e3o j\u00e1 que ele conta com um forro no verso para refor\u00e7\u00e1-lo. Falando nisso esse tecido tem 348g por metro linear e 240g\/m\u00b2, sendo assim 40g\/m\u00b2 pertencem a tela do forro e os 200g\/m\u00b2 restantes \u00e0 face do tecido.<\/p>\n<h2>Onde us\u00e1-lo?<\/h2>\n<p>\u00c9 um tecido democr\u00e1tico que pode ser usado em grandes pe\u00e7as, como sof\u00e1s por exemplo, mas tamb\u00e9m em estofamentos menores como puffs e almofadas. Sua versatilidade permite at\u00e9 a aplica\u00e7\u00e3o em paredes. Uma possibilidade seria mesclar esse suede com algum outro de linho sint\u00e9tico, ficaria incr\u00edvel.<\/p>\n<p>Para sua limpeza \u00e9 indicado contratar um servi\u00e7o especializado, j\u00e1 que friccionar esse tecido n\u00e3o \u00e9 algo muito indicado, pois sua estampa pode perder defini\u00e7\u00e3o ou manchar.<\/p>\n<h2>Tecido Suede Havana \u00e9 bom?<\/h2>\n<p>O <b>Suede Havana<\/b> \u00e9 a combina\u00e7\u00e3o perfeita entre suede + tinturaria de alt\u00edssima qualidade. \u00c9 nosso suede de maior qualidade at\u00e9 o momento e incompar\u00e1vel a qualquer outro suede do mercado. Foi pensado para ter as melhores cores e as mais exigidas pelos decoradores, voc\u00ea e seu decorador precisa conhecer esse tecido.<\/p>\n<p>Gostaria de entender ainda mais sobre o Suede Havana? Que tal esses links?<\/p>\n<p><a href=\"https:\/\/www.tappy.com.br\/blog\/tudo-sobre-tecido-suede\/\">Tudo sobre Tecido Suede<\/a><\/p>\n","protected":false},"excerpt":{"rendered":"<p><strong>Tecido Suede Premium Havana<\/strong> \u00e9 um tecido para estofados com tinturaria superior, alta gramatura, est\u00e9tica \u00fanica e cores incr\u00edveis. Veja a descri\u00e7\u00e3o e saiba mais.<\/p>\n","protected":false},"featured_media":1395,"template":"","meta":[],"product_brand":[],"product_cat":[21,20],"product_tag":[22,23,24,25,26,27,28,41],"class_list":{"0":"post-1354","1":"product","2":"type-product","3":"status-publish","4":"has-post-thumbnail","6":"product_cat-tecido-suede-para-sofas","7":"product_cat-tecidos-para-sofas","8":"product_tag-suede","9":"product_tag-suede-para-sofas","10":"product_tag-tecido-para-estofados","11":"product_tag-tecido-para-sofas","12":"product_tag-tecido-suede","13":"product_tag-tecido-texturizado","14":"product_tag-tecidos-tappy","15":"product_tag-veludo-macio","16":"product_shipping_class-brasil","17":"pa_acabamento-tecido-estampado","18":"pa_acabamento-tecido-liso","19":"pa_acabamento-tecido-pet-friendly","20":"pa_cores-de-tecidos-azul-espacial","21":"pa_cores-de-tecidos-bege-chino","22":"pa_cores-de-tecidos-cinza-classic","23":"pa_cores-de-tecidos-cinza-lunar","24":"pa_cores-de-tecidos-laranja-ferrugem","25":"pa_cores-de-tecidos-off-white-natural","26":"pa_cores-de-tecidos-vinho-deep-wine","27":"tm-no-options","29":"first","30":"instock","31":"sale","32":"shipping-taxable","33":"purchasable","34":"product-type-variable"},"_links":{"self":[{"href":"https:\/\/www.tappy.com.br\/empresas\/wp-json\/wp\/v2\/product\/1354","targetHints":{"allow":["GET"]}}],"collection":[{"href":"https:\/\/www.tappy.com.br\/empresas\/wp-json\/wp\/v2\/product"}],"about":[{"href":"https:\/\/www.tappy.com.br\/empresas\/wp-json\/wp\/v2\/types\/product"}],"wp:featuredmedia":[{"embeddable":true,"href":"https:\/\/www.tappy.com.br\/empresas\/wp-json\/wp\/v2\/media\/1395"}],"wp:attachment":[{"href":"https:\/\/www.tappy.com.br\/empresas\/wp-json\/wp\/v2\/media?parent=1354"}],"wp:term":[{"taxonomy":"product_brand","embeddable":true,"href":"https:\/\/www.tappy.com.br\/empresas\/wp-json\/wp\/v2\/product_brand?post=1354"},{"taxonomy":"product_cat","embeddable":true,"href":"https:\/\/www.tappy.com.br\/empresas\/wp-json\/wp\/v2\/product_cat?post=1354"},{"taxonomy":"product_tag","embeddable":true,"href":"https:\/\/www.tappy.com.br\/empresas\/wp-json\/wp\/v2\/product_tag?post=1354"}],"curies":[{"name":"wp","href":"https:\/\/api.w.org\/{rel}","templated":true}]}}