{"id":1304,"date":"2024-03-26T10:15:57","date_gmt":"2024-03-26T13:15:57","guid":{"rendered":"https:\/\/www.tappy.com.br\/empresas\/?post_type=product&#038;p=1304"},"modified":"2026-03-05T16:02:55","modified_gmt":"2026-03-05T19:02:55","slug":"kit-para-grampeador-pneumatico-com-mangueira-de-7-mts","status":"publish","type":"product","link":"https:\/\/www.tappy.com.br\/empresas\/p\/kit-para-grampeador-pneumatico-com-mangueira-de-7-mts\/","title":{"rendered":"Kit para Grampeador Pneum\u00e1tico com Mangueira de 7 Mts"},"content":{"rendered":"<p>Kit para Grampeador Profissional com 1 Conector de Engate R\u00e1pido F\u00eamea + 1 Conector Macho com Rosca de 1\/4 + Mangueira de 7 Metros, para Grampeadores Pneum\u00e1ticos ou ferramentas com roscas de 1\/4.<\/p>\n<h2>O que \u00e9?<\/h2>\n<p>O Conector de Engate R\u00e1pido foi feito para facilitar a troca r\u00e1pida de ferramentas pneum\u00e1ticas entre compressores com kit de instala\u00e7\u00e3o r\u00e1pida, como a mangueira e o conector macho.<\/p>\n<h2>Onde us\u00e1-lo?<\/h2>\n<p>Ideal para ser usado com os grampeadores Rocama, Pacar, Imeco entre outras marcas de primeira linha como essas. \u00d3timo tamb\u00e9m para ser usado com a <a title=\"Mangueira Espiral\" href=\"https:\/\/www.tappy.com.br\/empresas\/p\/mangueira-espiral-de-pu-8mm-7-metros-pneumatica\/\">Mangueira Espiral<\/a>.<\/p>\n<h2>Kit para Grampeador \u00e9 bom?<\/h2>\n<p>Esse Kit proporciona muito dinamismo na utiliza\u00e7\u00e3o da v\u00e1rias ferramentas pneum\u00e1ticas com um \u00fanico compressor, bastando uma \u00fanico clique para o desengate e engate de qualquer equipamento, a mangueira de 7 metros \u00e9 mais que suficiente para manipula\u00e7\u00e3o em grandes esta\u00e7\u00f5es de trabalho.<\/p>\n<p>Gostaria de entender ainda mais sobre ferramentas Pacar? Que tal esse link?<\/p>\n<p><a title=\"Grampeadores Pacar\" href=\"https:\/\/www.pacar.com.br\/site\/index.php\/pt\/produtos\/acessorios-e-consumiveis\/mangueiras\/product\/201-mangueiras\" rel=\"noopener\">Pacar Ferramentas Pneum\u00e1ticas<\/a><\/p>\n","protected":false},"excerpt":{"rendered":"<p>Kit para Grampeador Profissional com 1 Conector de Engate R\u00e1pido F\u00eamea + 1 Conector Macho com Rosca de 1\/4 + Mangueira de 7 Metros, para Grampeadores Pneum\u00e1ticos ou ferramentas com roscas de 1\/4. O que \u00e9? O Conector de Engate R\u00e1pido foi feito para facilitar a troca r\u00e1pida de ferramentas pneum\u00e1ticas entre compressores com kit [&#8230;]\n","protected":false},"featured_media":1369,"template":"","meta":[],"product_brand":[1129],"product_cat":[30,705,43,233],"product_tag":[],"class_list":{"0":"post-1304","1":"product","2":"type-product","3":"status-publish","4":"has-post-thumbnail","6":"product_brand-pacar-ferramentas","7":"product_cat-acessorios-para-tapecaria","8":"product_cat-engates-e-mangueiras","9":"product_cat-ferramentas-para-tapeceiros","10":"product_cat-grampeadores-de-tapeceiro","11":"tm-no-options","13":"first","14":"instock","15":"shipping-taxable","16":"product-type-grouped"},"_links":{"self":[{"href":"https:\/\/www.tappy.com.br\/empresas\/wp-json\/wp\/v2\/product\/1304","targetHints":{"allow":["GET"]}}],"collection":[{"href":"https:\/\/www.tappy.com.br\/empresas\/wp-json\/wp\/v2\/product"}],"about":[{"href":"https:\/\/www.tappy.com.br\/empresas\/wp-json\/wp\/v2\/types\/product"}],"wp:featuredmedia":[{"embeddable":true,"href":"https:\/\/www.tappy.com.br\/empresas\/wp-json\/wp\/v2\/media\/1369"}],"wp:attachment":[{"href":"https:\/\/www.tappy.com.br\/empresas\/wp-json\/wp\/v2\/media?parent=1304"}],"wp:term":[{"taxonomy":"product_brand","embeddable":true,"href":"https:\/\/www.tappy.com.br\/empresas\/wp-json\/wp\/v2\/product_brand?post=1304"},{"taxonomy":"product_cat","embeddable":true,"href":"https:\/\/www.tappy.com.br\/empresas\/wp-json\/wp\/v2\/product_cat?post=1304"},{"taxonomy":"product_tag","embeddable":true,"href":"https:\/\/www.tappy.com.br\/empresas\/wp-json\/wp\/v2\/product_tag?post=1304"}],"curies":[{"name":"wp","href":"https:\/\/api.w.org\/{rel}","templated":true}]}}