{"id":1285,"date":"2024-03-26T10:15:55","date_gmt":"2024-03-26T13:15:55","guid":{"rendered":"https:\/\/www.tappy.com.br\/empresas\/?post_type=product&#038;p=1285"},"modified":"2026-04-04T09:44:37","modified_gmt":"2026-04-04T12:44:37","slug":"conector-de-engate-rapido-femea-com-rosca-de-1-4","status":"publish","type":"product","link":"https:\/\/www.tappy.com.br\/empresas\/p\/conector-de-engate-rapido-femea-com-rosca-de-1-4\/","title":{"rendered":"Conector de Engate R\u00e1pido F\u00eamea com Rosca de 1\/4"},"content":{"rendered":"<h2>O que \u00e9 Engate R\u00e1pido F\u00eamea?<\/h2>\n<p>O Conector de Engate R\u00e1pido foi feito para facilitar a troca r\u00e1pida de ferramentas pneum\u00e1ticas entre compressores com kit de instala\u00e7\u00e3o r\u00e1pida, como a mangueira e o conector macho.<\/p>\n<h2>Onde us\u00e1-lo?<\/h2>\n<p>Ideal para ser usado com os grampeadores Rocama, Pacar, Imeco entre outras marcas de primeira linha como essas. \u00d3timo tamb\u00e9m para ser usado com a <a title=\"Mangueira Espiral\" href=\"https:\/\/www.tappy.com.br\/empresas\/p\/mangueira-espiral-de-pu-8mm-7-metros-pneumatica\/\">Mangueira Espiral<\/a>.<\/p>\n<h2>Conector de Engate R\u00e1pido \u00e9 bom?<\/h2>\n<p>Esse conector proporciona muito dinamismo na utiliza\u00e7\u00e3o da v\u00e1rias ferramentas pneum\u00e1ticas com um \u00fanico compressor, bastando uma \u00fanico clique para o desengate e engate de qualquer equipamento.<\/p>\n<p>Gostaria de entender ainda mais sobre ferramentas Pacar? Que tal esse link?<\/p>\n<p><a title=\"Grampeadores Pacar\" href=\"https:\/\/www.pacar.com.br\/site\/index.php\/pt\/produtos\/acessorios-e-consumiveis\/mangueiras\/product\/201-mangueiras\" rel=\"noopener\">Pacar Ferramentas Pneum\u00e1ticas<\/a><\/p>\n","protected":false},"excerpt":{"rendered":"<p>Conector de Engate R\u00e1pido F\u00eamea com Rosca de 1\/4, para Grampeadores Pneum\u00e1ticos ou ferramentas com roscas de 1\/4. <strong>Veja a descri\u00e7\u00e3o e saiba mais<\/strong>.<\/p>\n","protected":false},"featured_media":1319,"template":"","meta":[],"product_brand":[1129],"product_cat":[30,705,43,233],"product_tag":[234,237,231,232,238],"class_list":{"0":"post-1285","1":"product","2":"type-product","3":"status-publish","4":"has-post-thumbnail","6":"product_brand-pacar-ferramentas","7":"product_cat-acessorios-para-tapecaria","8":"product_cat-engates-e-mangueiras","9":"product_cat-ferramentas-para-tapeceiros","10":"product_cat-grampeadores-de-tapeceiro","11":"product_tag-grampeador","12":"product_tag-grampeador-pneumatico","13":"product_tag-grampo","14":"product_tag-grampo-80","15":"product_tag-pacar","16":"product_shipping_class-brasil","17":"tm-no-options","19":"first","20":"instock","21":"shipping-taxable","22":"purchasable","23":"product-type-simple"},"_links":{"self":[{"href":"https:\/\/www.tappy.com.br\/empresas\/wp-json\/wp\/v2\/product\/1285","targetHints":{"allow":["GET"]}}],"collection":[{"href":"https:\/\/www.tappy.com.br\/empresas\/wp-json\/wp\/v2\/product"}],"about":[{"href":"https:\/\/www.tappy.com.br\/empresas\/wp-json\/wp\/v2\/types\/product"}],"wp:featuredmedia":[{"embeddable":true,"href":"https:\/\/www.tappy.com.br\/empresas\/wp-json\/wp\/v2\/media\/1319"}],"wp:attachment":[{"href":"https:\/\/www.tappy.com.br\/empresas\/wp-json\/wp\/v2\/media?parent=1285"}],"wp:term":[{"taxonomy":"product_brand","embeddable":true,"href":"https:\/\/www.tappy.com.br\/empresas\/wp-json\/wp\/v2\/product_brand?post=1285"},{"taxonomy":"product_cat","embeddable":true,"href":"https:\/\/www.tappy.com.br\/empresas\/wp-json\/wp\/v2\/product_cat?post=1285"},{"taxonomy":"product_tag","embeddable":true,"href":"https:\/\/www.tappy.com.br\/empresas\/wp-json\/wp\/v2\/product_tag?post=1285"}],"curies":[{"name":"wp","href":"https:\/\/api.w.org\/{rel}","templated":true}]}}