{"id":1284,"date":"2024-03-26T10:15:55","date_gmt":"2024-03-26T13:15:55","guid":{"rendered":"https:\/\/www.tappy.com.br\/empresas\/?post_type=product&#038;p=1284"},"modified":"2026-03-05T16:02:53","modified_gmt":"2026-03-05T19:02:53","slug":"grampeador-rocama-80w-80-14-pneumatico-conector","status":"publish","type":"product","link":"https:\/\/www.tappy.com.br\/empresas\/p\/grampeador-rocama-80w-80-14-pneumatico-conector\/","title":{"rendered":"Grampeador Rocama 80W &#8211; 80\/14 Pneum\u00e1tico + Conector"},"content":{"rendered":"<h2>O que \u00e9 Grampeador Rocama?<\/h2>\n<p>Grampeador Rocama 80 W, \u00e9 um tipo de grampeador pneum\u00e1tico que funciona a partir de ar comprimido que, eles projetados para uso em maior escala, como no segmento industrial ou em tape\u00e7arias, por exemplo.<\/p>\n<p>O Grampeador Rocama 80W comporta at\u00e9 110 grampos de uma vez, com sua alt\u00edssima taxa de disparo e \u00e9 capaz de utilizar todos esses grampos t\u00e3o r\u00e1pido quanto seu utilizador precisar. Ele \u00e9 bastante leve devido ao corpo de alum\u00ednio e permite o uso por longas horas.<\/p>\n<p>\u00c9 totalmente compat\u00edvel com grampos da Linha PCN de 5mm a 13mm e da linha 80 de 6 mm a 14mm. Veja aqui nossos <a title=\"Grampo 80\" href=\"https:\/\/www.tappy.com.br\/empresas\/c\/acessorios-para-tapecaria\/grampo-de-tapeceiro-industrial\/\" data-schema-attribute=\"\">Grampos da linha 80<\/a>.<\/p>\n<h2>Onde us\u00e1-lo?<\/h2>\n<p>\u00c9 ideal para fixa\u00e7\u00e3o de materiais em madeira, tais como tecidos de estofados, montagem de cen\u00e1rios, decora\u00e7\u00f5es, artesanato, tela de pinturas, dentre outros.<\/p>\n<h2>Grampeador Rocama 80W \u00e9 bom?<\/h2>\n<p>Se voc\u00ea preza por qualidade ao mesmo tempo que rendimento de trabalho ent\u00e3o o Grampeador Rocama \u00e9 feito para voc\u00ea, pois une o melhor da tecnologia em grampeadores para tapeceiros com o melhor custo benef\u00edcio.<\/p>\n<p>Gostaria de entender ainda mais sobre Grampeadores Rocama? Que tal esse link?<\/p>\n<p><a title=\"Grampeadores Rocama\" href=\"http:\/\/www.rocama.com.br\/produtos\/linha-pneumaticos\/\" rel=\"noopener\">Rocama Ferramentas Pneum\u00e1ticas<\/a><\/p>\n<h2>Outras Informa\u00e7\u00f5es:<\/h2>\n<ul>\n<li>Acompanha pino de engate (Conector)?: <strong>Sim<\/strong><\/li>\n<li>Capacidade: 110 grampos<\/li>\n<li>Press\u00e3o de trabalho (m\u00ednima): 60PSI<\/li>\n<li>Press\u00e3o de trabalho (m\u00e1xima): 100PSI<\/li>\n<li>Consumo de ar: 0,5L\/golpe<\/li>\n<li>Garantia: 6 Meses pelo fabricante.<\/li>\n<li>Grampos: Linha PCN de 5mm a 13mm e da linha 80 de 6 mm a 14mm<\/li>\n<\/ul>\n","protected":false},"excerpt":{"rendered":"<p>Grampeador Rocama 80W &#8211; 80\/14 Pneum\u00e1tico. Contribui com a produtividade do operador atrav\u00e9s do peso reduzido, baixo n\u00edvel de ru\u00eddo e alta velocidade. <strong>Veja a descri\u00e7\u00e3o e saiba mais<\/strong>.<\/p>\n","protected":false},"featured_media":1314,"template":"","meta":[],"product_brand":[],"product_cat":[30,233],"product_tag":[234,237,231,232,236],"class_list":{"0":"post-1284","1":"product","2":"type-product","3":"status-publish","4":"has-post-thumbnail","6":"product_cat-acessorios-para-tapecaria","7":"product_cat-grampeadores-de-tapeceiro","8":"product_tag-grampeador","9":"product_tag-grampeador-pneumatico","10":"product_tag-grampo","11":"product_tag-grampo-80","12":"product_tag-rocama","13":"product_shipping_class-brasil","14":"tm-no-options","16":"first","17":"outofstock","18":"featured","19":"shipping-taxable","20":"purchasable","21":"product-type-simple"},"_links":{"self":[{"href":"https:\/\/www.tappy.com.br\/empresas\/wp-json\/wp\/v2\/product\/1284","targetHints":{"allow":["GET"]}}],"collection":[{"href":"https:\/\/www.tappy.com.br\/empresas\/wp-json\/wp\/v2\/product"}],"about":[{"href":"https:\/\/www.tappy.com.br\/empresas\/wp-json\/wp\/v2\/types\/product"}],"wp:featuredmedia":[{"embeddable":true,"href":"https:\/\/www.tappy.com.br\/empresas\/wp-json\/wp\/v2\/media\/1314"}],"wp:attachment":[{"href":"https:\/\/www.tappy.com.br\/empresas\/wp-json\/wp\/v2\/media?parent=1284"}],"wp:term":[{"taxonomy":"product_brand","embeddable":true,"href":"https:\/\/www.tappy.com.br\/empresas\/wp-json\/wp\/v2\/product_brand?post=1284"},{"taxonomy":"product_cat","embeddable":true,"href":"https:\/\/www.tappy.com.br\/empresas\/wp-json\/wp\/v2\/product_cat?post=1284"},{"taxonomy":"product_tag","embeddable":true,"href":"https:\/\/www.tappy.com.br\/empresas\/wp-json\/wp\/v2\/product_tag?post=1284"}],"curies":[{"name":"wp","href":"https:\/\/api.w.org\/{rel}","templated":true}]}}