{"id":122,"date":"2024-03-26T10:08:57","date_gmt":"2024-03-26T13:08:57","guid":{"rendered":"https:\/\/www.tappy.com.br\/empresas\/?post_type=product&#038;p=122"},"modified":"2026-03-05T16:05:15","modified_gmt":"2026-03-05T19:05:15","slug":"grampo-industrial-80-10-w-imeco-com-10-000-unid","status":"publish","type":"product","link":"https:\/\/www.tappy.com.br\/empresas\/p\/grampo-industrial-80-10-w-imeco-com-10-000-unid\/","title":{"rendered":"Grampo Industrial 80\/10 W Imeco com 10.000 Unid."},"content":{"rendered":"<h2>O que \u00e9?<\/h2>\n<p>Grampo Industrial 80\/10 s\u00e3o filamentos de a\u00e7o para fixa\u00e7\u00e3o dos mais variados componentes, com aux\u00edlio de Grampeadores Pneum\u00e1ticos ou Manuais. Ele possui medidas padronizadas que proporcionam zero perda de grampos, evitando tamb\u00e9m engasgos e desgastes dos grampeadores.<\/p>\n<p>Possui pentes 25% maiores para uso total da capacidade dos grampeadores, reduzindo assim os tempos de trocas.<\/p>\n<h2>Onde us\u00e1-lo?<\/h2>\n<p>O grampo industrial 80 deve ser usado exclusivamente em grampeadores que portem essa largura de grampos, como por exemplo alguns <a href=\"https:\/\/www.tappy.com.br\/empresas\/c\/acessorios-para-tapecaria\/grampeadores-de-tapeceiro\/\">grampeadores<\/a> que temos aqui na Tappy mesmo.<\/p>\n<a href=\"https:\/\/www.tappy.com.br\/empresas\/c\/acessorios-para-tapecaria\/grampeadores-de-tapeceiro\/\" class=\"button secondary is-secondary is-medium\" >\n\t\t<span>Grampeadores<\/span>\n\t<\/a>\n\n<h2>Grampo Industrial 80\/10 Imeco \u00e9 bom?<\/h2>\n<p>Os grampos Imeco est\u00e3o entre os mais conceituados do mercado j\u00e1 que passam por um rigoroso processo de fabrica\u00e7\u00e3o, isso garante a eles um excelente acabamento final para que seu trabalho seja r\u00e1pido e eficiente, com maior rendimento do tempo de trabalho.<\/p>\n<p>Um dos segredos dele \u00e9 a uni\u00e3o dos grampos por uma exclusiva colagem nos dois lados e o corte dos pendes com quantidades exatas.<\/p>\n<p>Para saber mais sobre grampos Imeco acesse o <a title=\"Grampos Imeco\" href=\"http:\/\/www.imeco.com.br\/site\/index.php\/produtos\/grampos\/\" target=\"_blank\" rel=\"noopener\" data-schema-attribute=\"\">Site da Imeco por aqui<\/a>.<\/p>\n<h2>Outras Caracter\u00edsticas T\u00e9cnicas:<\/h2>\n<ul>\n<li>Largura do grampo: 12,9mm;<\/li>\n<li>Parede superior: 1mm;<\/li>\n<li>Paredes laterias: 0,8mm;<\/li>\n<li>Altura: 10mm.<\/li>\n<\/ul>\n","protected":false},"excerpt":{"rendered":"<p>Grampo Industrial 80\/10 W Imeco de a\u00e7o galvanizado para fixa\u00e7\u00e3o de tecidos em madeiras como as de m\u00f3veis e estofados. <strong>Veja a descri\u00e7\u00e3o e saiba mais<\/strong>.<\/p>\n","protected":false},"featured_media":190,"template":"","meta":[],"product_brand":[1193],"product_cat":[230,30],"product_tag":[231,232,278],"class_list":{"0":"post-122","1":"product","2":"type-product","3":"status-publish","4":"has-post-thumbnail","6":"product_brand-imeco","7":"product_cat-grampo-de-tapeceiro-industrial","8":"product_cat-acessorios-para-tapecaria","9":"product_tag-grampo","10":"product_tag-grampo-80","11":"product_tag-imeco-ferramentas","12":"product_shipping_class-brasil","13":"tm-no-options","15":"first","16":"instock","17":"shipping-taxable","18":"purchasable","19":"product-type-simple"},"_links":{"self":[{"href":"https:\/\/www.tappy.com.br\/empresas\/wp-json\/wp\/v2\/product\/122","targetHints":{"allow":["GET"]}}],"collection":[{"href":"https:\/\/www.tappy.com.br\/empresas\/wp-json\/wp\/v2\/product"}],"about":[{"href":"https:\/\/www.tappy.com.br\/empresas\/wp-json\/wp\/v2\/types\/product"}],"wp:featuredmedia":[{"embeddable":true,"href":"https:\/\/www.tappy.com.br\/empresas\/wp-json\/wp\/v2\/media\/190"}],"wp:attachment":[{"href":"https:\/\/www.tappy.com.br\/empresas\/wp-json\/wp\/v2\/media?parent=122"}],"wp:term":[{"taxonomy":"product_brand","embeddable":true,"href":"https:\/\/www.tappy.com.br\/empresas\/wp-json\/wp\/v2\/product_brand?post=122"},{"taxonomy":"product_cat","embeddable":true,"href":"https:\/\/www.tappy.com.br\/empresas\/wp-json\/wp\/v2\/product_cat?post=122"},{"taxonomy":"product_tag","embeddable":true,"href":"https:\/\/www.tappy.com.br\/empresas\/wp-json\/wp\/v2\/product_tag?post=122"}],"curies":[{"name":"wp","href":"https:\/\/api.w.org\/{rel}","templated":true}]}}