{"id":115,"date":"2024-03-26T10:08:56","date_gmt":"2024-03-26T13:08:56","guid":{"rendered":"https:\/\/www.tappy.com.br\/empresas\/?post_type=product&#038;p=115"},"modified":"2026-04-08T12:34:52","modified_gmt":"2026-04-08T15:34:52","slug":"grampeador-pacar-80-16-pneumatico-brasileirinho-conector","status":"publish","type":"product","link":"https:\/\/www.tappy.com.br\/empresas\/p\/grampeador-pacar-80-16-pneumatico-brasileirinho-conector\/","title":{"rendered":"Grampeador Pacar 80W Pneum\u00e1tico (Brasileirinho) + Conector"},"content":{"rendered":"<h2>O que \u00e9 Grampeador Pacar 80\/16?<\/h2>\n<p>O Grampeador Pacar Brasileirinho \u00e9 um tipo de grampeador pneum\u00e1tico que funciona a partir de ar comprimido, eles s\u00e3o projetados para uso em maior escala, como no segmento industrial ou em tape\u00e7arias por exemplo.<\/p>\n<p>Esse Grampeador 80\/16 comporta at\u00e9 140 grampos de uma vez, com sua alt\u00edssima taxa de disparo e \u00e9 capaz de utilizar todos esses grampos t\u00e3o r\u00e1pido quanto seu utilizador precisar. Ele \u00e9 bastante leve devido ao corpo de alum\u00ednio e permite o uso por longas horas.<\/p>\n<p>\u00c9 totalmente compat\u00edvel com grampos da Linha W de 5 a 16mm de comprimento e grampos de 4 a 16mm da Linha 80. Veja aqui nossos <a title=\"Grampo 80\" href=\"https:\/\/www.tappy.com.br\/empresas\/c\/acessorios-para-tapecaria\/grampo-de-tapeceiro-industrial\/\" data-schema-attribute=\"\">Grampos da linha 80<\/a>.<\/p>\n<h3>Onde us\u00e1-lo?<\/h3>\n<p>\u00c9 ideal para fixa\u00e7\u00e3o de materiais em madeira, tais como tecidos de estofados, montagem de cen\u00e1rios, decora\u00e7\u00f5es, artesanato, tela de pinturas, dentre outros.<\/p>\n<h2>Grampeador Brasileirinho \u00e9 bom?<\/h2>\n<p>Se voc\u00ea preza por qualidade de trabalho com alto rendimento ent\u00e3o esse Grampeador 80 \u00e9 feito para voc\u00ea, pois une o melhor da tecnologia em grampeadores para tapeceiros com o melhor custo benef\u00edcio.<\/p>\n<p><span style=\"font-weight: 400;\">Gostaria de entender ainda mais sobre Grampeadores? Que tal esse link?<\/span><\/p>\n<p><a title=\"Grampeadores Pacar\" href=\"https:\/\/www.pacar.com.br\/site\/index.php\/pt\/produtos\/grampeadores\/grampeadores-pneumaticos\/product\/138-80-16-brasileirinho\" data-schema-attribute=\"\" rel=\"noopener\">Pacar Ferramentas Pneum\u00e1ticas<\/a><\/p>\n<h3>Outras Informa\u00e7\u00f5es:<\/h3>\n<ul>\n<li>Acompanha pino de engate?: <strong>Sim (Brinde)<\/strong><\/li>\n<li>Capacidade: 140 grampos<\/li>\n<li>Press\u00e3o de trabalho (m\u00ednima): 70PSI<\/li>\n<li>Press\u00e3o de trabalho (m\u00e1xima): 90PSI<\/li>\n<li>Consumo de ar: 0,5L\/golpe<\/li>\n<li>Garantia: 6 Meses pelo fabricante.<\/li>\n<li>Grampos da Linha W de 5 a 16mm e da linha 80 de 4 a 16mm<\/li>\n<\/ul>\n","protected":false},"excerpt":{"rendered":"<p>Grampeador Pacar 80\/16 Pneum\u00e1tico Brasileirinho possui alta qualidade, garantia e carca\u00e7a em alum\u00ednio para maior resist\u00eancia e leveza. <a href=\"#vantagens\">Veja a descri\u00e7\u00e3o e saiba mais<\/a>.<\/p>\n","protected":false},"featured_media":181,"template":"","meta":[],"product_brand":[1129],"product_cat":[233,30],"product_tag":[234,237,231,232,238,239],"class_list":{"0":"post-115","1":"product","2":"type-product","3":"status-publish","4":"has-post-thumbnail","6":"product_brand-pacar-ferramentas","7":"product_cat-grampeadores-de-tapeceiro","8":"product_cat-acessorios-para-tapecaria","9":"product_tag-grampeador","10":"product_tag-grampeador-pneumatico","11":"product_tag-grampo","12":"product_tag-grampo-80","13":"product_tag-pacar","14":"product_tag-pacar-ferramentas","15":"product_shipping_class-brasil","16":"tm-no-options","18":"first","19":"instock","20":"featured","21":"shipping-taxable","22":"purchasable","23":"product-type-simple"},"_links":{"self":[{"href":"https:\/\/www.tappy.com.br\/empresas\/wp-json\/wp\/v2\/product\/115","targetHints":{"allow":["GET"]}}],"collection":[{"href":"https:\/\/www.tappy.com.br\/empresas\/wp-json\/wp\/v2\/product"}],"about":[{"href":"https:\/\/www.tappy.com.br\/empresas\/wp-json\/wp\/v2\/types\/product"}],"wp:featuredmedia":[{"embeddable":true,"href":"https:\/\/www.tappy.com.br\/empresas\/wp-json\/wp\/v2\/media\/181"}],"wp:attachment":[{"href":"https:\/\/www.tappy.com.br\/empresas\/wp-json\/wp\/v2\/media?parent=115"}],"wp:term":[{"taxonomy":"product_brand","embeddable":true,"href":"https:\/\/www.tappy.com.br\/empresas\/wp-json\/wp\/v2\/product_brand?post=115"},{"taxonomy":"product_cat","embeddable":true,"href":"https:\/\/www.tappy.com.br\/empresas\/wp-json\/wp\/v2\/product_cat?post=115"},{"taxonomy":"product_tag","embeddable":true,"href":"https:\/\/www.tappy.com.br\/empresas\/wp-json\/wp\/v2\/product_tag?post=115"}],"curies":[{"name":"wp","href":"https:\/\/api.w.org\/{rel}","templated":true}]}}