{"id":114,"date":"2024-03-26T10:08:56","date_gmt":"2024-03-26T13:08:56","guid":{"rendered":"https:\/\/www.tappy.com.br\/empresas\/?post_type=product&#038;p=114"},"modified":"2026-03-05T16:05:09","modified_gmt":"2026-03-05T19:05:09","slug":"grampeador-e-pinador-manual-rocama-80-f-grampos","status":"publish","type":"product","link":"https:\/\/www.tappy.com.br\/empresas\/p\/grampeador-e-pinador-manual-rocama-80-f-grampos\/","title":{"rendered":"Grampeador e Pinador Manual Rocama 80\/F + Grampos"},"content":{"rendered":"<h2>O que \u00e9 Grampeador Manual Rocama 80F?<\/h2>\n<p>O Grampeador e Pinador Rocama \u00e9 leve, resistente, pr\u00e1tico e altamente dur\u00e1vel. O n\u00famero do nome do modelo faz refer\u00eancia ao tipo de grampo ideal para que o ele trabalhe da melhor forma poss\u00edvel. Seu uso pode ser feito de forma cont\u00ednua, sem pausa para recarga.<\/p>\n<p>\u00c9 totalmente compat\u00edvel com grampos da linha 80 de 04 \u00e0 14mm ou Pinos F de 10 \u00e0 16mm. Veja aqui nossos <a title=\"Grampo 80\" href=\"https:\/\/www.tappy.com.br\/empresas\/c\/acessorios-para-tapecaria\/grampo-de-tapeceiro-industrial\/\" data-schema-attribute=\"\">Grampos da linha 80<\/a>.<\/p>\n<p>Sua durabilidade est\u00e1 em torno de 70 mil acionamentos (um grampeador convencional consegue ser acionado cerca de 8 mil vezes at\u00e9 precisar de manuten\u00e7\u00e3o). No entanto, esta quantidade pode variar de acordo com o bom ou mal uso do equipamento.<\/p>\n<p>Este modelo de Grampeador tem um grande diferencial, tamb\u00e9m \u00e9 um aplicador de Pinos. Al\u00e9m de ter uma alavanca reguladora de press\u00e3o, que precisa ser acionada para utiliza\u00e7\u00e3o em madeiras mais duras.<\/p>\n<h2>Onde us\u00e1-lo?<\/h2>\n<p>\u00c9 ideal para fixa\u00e7\u00e3o de materiais em madeira, tais como tecidos de estofados, montagem de cen\u00e1rios, decora\u00e7\u00f5es, artesanato, tela de pinturas, dentre outros.<\/p>\n<h2>Grampeador e Pinador Manual Rocama \u00e9 bom?<\/h2>\n<p>Se voc\u00ea precisa de um grampeador de \u00f3timo custo benef\u00edcio para trabalhos leves, o Grampeador Rocama 80F \u00e9 feito para voc\u00ea, ou se voc\u00ea prefere ainda n\u00e3o investir em um compressor para grampeadores pneum\u00e1ticos mas mesmo assim precisa de um bom grampeador para acabamento em\u00a0tape\u00e7arias, artesanatos, marcenarias entre outros.<\/p>\n<p>Gostaria de entender ainda mais sobre Grampeadores Rocama? Que tal esse link?<\/p>\n<p><a title=\"Grampeadores Rocama\" href=\"http:\/\/www.rocama.com.br\/produtos\/grampeadores-manuais\/\" target=\"_blank\" rel=\"noopener\">Grampeador Manual Rocama<\/a><\/p>\n<h2>Outras Informa\u00e7\u00f5es:<\/h2>\n<ul>\n<li>Corpo de Pl\u00e1stico Texturizado;<\/li>\n<li>Alavanca reguladora para mais pot\u00eancia;<\/li>\n<li>Silencioso;<\/li>\n<li>Leve;<\/li>\n<li>Utiliza Grampos 80\/04 at\u00e9 80\/14;<\/li>\n<li>Utiliza Pinos F-10 at\u00e9 F-16;<\/li>\n<li>Acompanha 500 Grampos 80\/06 + 480 Pinos F-12.<\/li>\n<\/ul>\n","protected":false},"excerpt":{"rendered":"<p><strong>Grampeador e Pinador Manual Rocama 80F<\/strong> com 500 grampos e 480 pinos. Ideal para trabalhos em tape\u00e7aria, forro, serigrafia, marcenaria entre outros. <strong>Veja a descri\u00e7\u00e3o e saiba mais<\/strong>.<\/p>\n","protected":false},"featured_media":176,"template":"","meta":[],"product_brand":[1194],"product_cat":[233,30],"product_tag":[234,231,232,235,236],"class_list":{"0":"post-114","1":"product","2":"type-product","3":"status-publish","4":"has-post-thumbnail","6":"product_brand-rocama","7":"product_cat-grampeadores-de-tapeceiro","8":"product_cat-acessorios-para-tapecaria","9":"product_tag-grampeador","10":"product_tag-grampo","11":"product_tag-grampo-80","12":"product_tag-manual","13":"product_tag-rocama","14":"product_shipping_class-brasil","15":"tm-no-options","17":"first","18":"outofstock","19":"featured","20":"shipping-taxable","21":"purchasable","22":"product-type-simple"},"_links":{"self":[{"href":"https:\/\/www.tappy.com.br\/empresas\/wp-json\/wp\/v2\/product\/114","targetHints":{"allow":["GET"]}}],"collection":[{"href":"https:\/\/www.tappy.com.br\/empresas\/wp-json\/wp\/v2\/product"}],"about":[{"href":"https:\/\/www.tappy.com.br\/empresas\/wp-json\/wp\/v2\/types\/product"}],"wp:featuredmedia":[{"embeddable":true,"href":"https:\/\/www.tappy.com.br\/empresas\/wp-json\/wp\/v2\/media\/176"}],"wp:attachment":[{"href":"https:\/\/www.tappy.com.br\/empresas\/wp-json\/wp\/v2\/media?parent=114"}],"wp:term":[{"taxonomy":"product_brand","embeddable":true,"href":"https:\/\/www.tappy.com.br\/empresas\/wp-json\/wp\/v2\/product_brand?post=114"},{"taxonomy":"product_cat","embeddable":true,"href":"https:\/\/www.tappy.com.br\/empresas\/wp-json\/wp\/v2\/product_cat?post=114"},{"taxonomy":"product_tag","embeddable":true,"href":"https:\/\/www.tappy.com.br\/empresas\/wp-json\/wp\/v2\/product_tag?post=114"}],"curies":[{"name":"wp","href":"https:\/\/api.w.org\/{rel}","templated":true}]}}