{"id":7,"date":"2024-03-05T12:17:47","date_gmt":"2024-03-05T15:17:47","guid":{"rendered":"https:\/\/www.tappy.com.br\/empresas\/finalizar-compra\/"},"modified":"2026-03-13T18:38:25","modified_gmt":"2026-03-13T21:38:25","slug":"finalizar-compra","status":"publish","type":"page","link":"https:\/\/www.tappy.com.br\/empresas\/finalizar-compra\/","title":{"rendered":"Finaliza\u00e7\u00e3o de compra"},"content":{"rendered":"\n\n\n<div class=\"woocommerce\"><\/div>\n\n<div class=\"row row-divided\"  id=\"row-2010082772\">\n\n\n\t<div id=\"col-857107876\" class=\"col medium-6 small-12 large-7\"  >\n\t\t\t\t<div class=\"col-inner\"  >\n\t\t\t\n\t\t\t\n\n\n\t\t<div class=\"icon-box featured-box icon-box-top text-left\"  >\n\t\t\t\t\t<div class=\"icon-box-img\" style=\"width: 60px\">\n\t\t\t\t<div class=\"icon\">\n\t\t\t\t\t<div class=\"icon-inner\" >\n\t\t\t\t\t\t<img loading=\"lazy\" decoding=\"async\" width=\"1\" height=\"1\" src=\"https:\/\/www.tappy.com.br\/empresas\/wp-content\/uploads\/sites\/2\/2024\/04\/svgviewer-output.svg\" class=\"attachment-medium size-medium\" alt=\"\" \/>\t\t\t\t\t<\/div>\n\t\t\t\t<\/div>\n\t\t\t<\/div>\n\t\t\t\t<div class=\"icon-box-text last-reset\">\n\t\t\t<h5 class=\"uppercase\">Seguran\u00e7a<\/h5>\t\t\t\t\t\t\n\n<p>Site 100% seguro com criptografia (SSL) ERSA de 256 bytes de seguran\u00e7a A+ para blindagem contra roubo de informa\u00e7\u00f5es e clonagem de cart\u00e3o.<\/p>\n\n\t\t<\/div>\n\t<\/div>\n\t\n\t\n\n\t\t<\/div>\n\t\t\t\t\n<style>\n#col-857107876 > .col-inner {\n  border-radius: 10px;\n}\n<\/style>\n\t<\/div>\n\n\t\n\n\t<div id=\"col-1496384974\" class=\"col medium-6 small-12 large-5\"  >\n\t\t\t\t<div class=\"col-inner\"  >\n\t\t\t\n\t\t\t\n\n\n\t\t<div class=\"icon-box featured-box icon-box-top text-left\"  >\n\t\t\t\t\t<div class=\"icon-box-img\" style=\"width: 60px\">\n\t\t\t\t<div class=\"icon\">\n\t\t\t\t\t<div class=\"icon-inner\" >\n\t\t\t\t\t\t<img loading=\"lazy\" decoding=\"async\" width=\"1\" height=\"1\" src=\"https:\/\/www.tappy.com.br\/empresas\/wp-content\/uploads\/sites\/2\/2024\/04\/svgviewer-output-1.svg\" class=\"attachment-medium size-medium\" alt=\"\" \/>\t\t\t\t\t<\/div>\n\t\t\t\t<\/div>\n\t\t\t<\/div>\n\t\t\t\t<div class=\"icon-box-text last-reset\">\n\t\t\t<h5 class=\"uppercase\">PCI DSS Compliance<\/h5>\t\t\t\t\t\t\n\n<p>Site com padr\u00e3o da PCI Security Standards. \u00c9 o mais alto n\u00edvel de seguran\u00e7a web e com armazenamento m\u00ednimo de dados pessoais.<\/p>\n\n\t\t<\/div>\n\t<\/div>\n\t\n\t\n\n\t\t<\/div>\n\t\t\t\t\t<\/div>\n\n\t\n\n<\/div>\n\n<div class=\"accordion\">\n\n\t<div id=\"accordion-2636836011\" class=\"accordion-item is-small\">\n\t\t<a id=\"accordion-2636836011-label\" class=\"accordion-title plain\" href=\"#accordion-item-clique-aqui-para-saber-mais-sobre-as-embalagens-e-prazos.\" aria-expanded=\"false\" aria-controls=\"accordion-2636836011-content\">\n\t\t\t<button class=\"toggle\" aria-label=\"Toggle\"><i class=\"icon-angle-down\" aria-hidden=\"true\"><\/i><\/button>\n\t\t\t<span>Clique aqui para saber mais sobre as embalagens e prazos.<\/span>\n\t\t<\/a>\n\t\t<div id=\"accordion-2636836011-content\" class=\"accordion-inner\" aria-labelledby=\"accordion-2636836011-label\">\n\t\t\t\n\n<div class=\"row row-small align-middle align-center\"  id=\"row-645765334\">\n\n\n\t<div id=\"col-1735036210\" class=\"col medium-5 small-12 large-4\"  >\n\t\t\t\t<div class=\"col-inner text-center\"  >\n\t\t\t\n\t\t\t\n\n\t<div id=\"text-1935815508\" class=\"text\">\n\t\t\n\n<h2>EMBALAGEM COMPACTA<\/h2>\n<p>Seu Tecido ser\u00e1 embalado e armazenado em um pacote de at\u00e9 60cmx60cm, isso pode acarretar em <strong>vincos<\/strong> que ir\u00e3o sumir com o tempo.<\/p>\n<p>Essa modalidade n\u00e3o \u00e9 indicada para prazos de entregas maiores do que 9 dias \u00fateis, e para metragens acima de 20 metros.<\/p>\n<p><strong>Caso seu tecido precise receber a Embalagem Plus e houver uma grande diferen\u00e7a de pre\u00e7o no frete em desfavor \u00e0 loja, n\u00f3s entraremos em contato para combinar outros procedimentos de envio.<\/strong><\/p>\n\t\t\n<style>\n#text-1935815508 {\n  text-align: center;\n}\n<\/style>\n\t<\/div>\n\t\n\n\t\t<\/div>\n\t\t\t\t\t<\/div>\n\n\t\n\n\t<div id=\"col-279698096\" class=\"col medium-7 small-12 large-8\"  >\n\t\t\t\t<div class=\"col-inner\" style=\"background-color:rgba(255, 255, 255, 0.75);\" >\n\t\t\t\n\t<div class=\"is-border\"\n\t\tstyle=\"border-radius:10px;border-width:1px 1px 1px 1px;\">\n\t<\/div>\n\t\t\t\n\n\t<div id=\"text-1915559785\" class=\"text\">\n\t\t\n\n<h2>EMBALAGEM PLUS<\/h2>\n<p>Seu Tecido ser\u00e1 embalado em um <strong>ROLO<\/strong> de 145cm de altura como mercadoria <strong>FR\u00c1GIL<\/strong>. \u00c9 um m\u00e9todo de envio mais seguro e normalmente aplicado para a modalidade de \"TRANSPORTE EXPRESSO\".<\/p>\n<p>O crit\u00e9rio de envio nessa modalidade \u00e9 interno e em alguns casos pode ser que essa modalidade de envio apare\u00e7a, mas n\u00e3o seja necessariamente cumprida.<\/p>\n<p>Caso voc\u00ea queira obrigatoriamente receber o tecido embalado dessa forma, ap\u00f3s a conclus\u00e3o do pedido no site entre em contato conosco informando o n\u00famero do pedido j\u00e1 feito que iremos analizar essa possibilidade individualmente.<\/p>\n<p>(Tecidos comprados em conjunto de espumas sob medida podem n\u00e3o ser embalados dessa forma dependendo do formato da espuma.)<\/p>\n<p>Todas as op\u00e7\u00f5es de \"RETIRADA\" s\u00e3o enviadas dessa forma.<\/p>\n\t\t\n<style>\n#text-1915559785 {\n  text-align: center;\n}\n<\/style>\n\t<\/div>\n\t\n\n\t\t<\/div>\n\t\t\t\t\t<\/div>\n\n\t\n\n\t<div id=\"col-1232506230\" class=\"col small-12 large-12\"  >\n\t\t\t\t<div class=\"col-inner\" style=\"background-color:rgba(255, 255, 255, 0.75);\" >\n\t\t\t\n\t<div class=\"is-border\"\n\t\tstyle=\"border-radius:10px;border-width:1px 1px 1px 1px;\">\n\t<\/div>\n\t\t\t\n\n\t<div id=\"text-3552114594\" class=\"text\">\n\t\t\n\n<h3>EMBALAGEM PARA ACESS\u00d3RIOS E ESPUMAS<\/h3>\n<p>Esses produtos ser\u00e3o embalados como pacote ou caixa com toda seguran\u00e7a que eles precisam, portanto n\u00e3o h\u00e1 diferen\u00e7a entre embalagem compacta ou plus para eles.<\/p>\n\t\t\n<style>\n#text-3552114594 {\n  text-align: center;\n}\n<\/style>\n\t<\/div>\n\t\n\n\t\t<\/div>\n\t\t\t\t\t<\/div>\n\n\t\n\n\t<div id=\"col-752073646\" class=\"col small-12 large-12\"  >\n\t\t\t\t<div class=\"col-inner\" style=\"background-color:rgba(255, 255, 255, 0.75);\" >\n\t\t\t\n\t<div class=\"is-border\"\n\t\tstyle=\"border-radius:10px;border-width:1px 1px 1px 1px;\">\n\t<\/div>\n\t\t\t\n\n\t<div id=\"text-3406877692\" class=\"text\">\n\t\t\n\n<h3>RETIRADAS NA LOJA<\/h3>\n<p>Todos os produtos pr\u00e9 encomendados ou n\u00e3o pelo site podem ser retirados em nossa loja (exceto espumas sob medida). Voc\u00ea pode conferir a disponibilidade do estoque aqui pelo site e fazer a reserva com um pedido antecipado que esteja com status de aprovado ou \"processando\".<\/p>\n\t\t\n<style>\n#text-3406877692 {\n  text-align: center;\n}\n<\/style>\n\t<\/div>\n\t\n\n\t\t<\/div>\n\t\t\t\t\t<\/div>\n\n\t\n\n\t<div id=\"col-1736379224\" class=\"col small-12 large-12\"  >\n\t\t\t\t<div class=\"col-inner\" style=\"background-color:rgba(255, 255, 255, 0.75);\" >\n\t\t\t\n\t<div class=\"is-border\"\n\t\tstyle=\"border-radius:10px;border-width:1px 1px 1px 1px;\">\n\t<\/div>\n\t\t\t\n\n\t<div id=\"text-989053375\" class=\"text\">\n\t\t\n\n<h3>\"ENTREGA EM 1 DIA \u00daTIL\"<\/h3>\n<p>\u00c9 uma modalidade de entrega em que voc\u00ea recebe seu pedido em at\u00e9 um dia \u00fatil. Caso sua compra seja feita at\u00e9 as 12:00hrs (meio dia) \u00e9 poss\u00edvel que voc\u00ea receba sua entrega ainda no mesmo dia ou algumas horas depois da confirma\u00e7\u00e3o da compra.<\/p>\n\n\t\t\n<style>\n#text-989053375 {\n  text-align: center;\n}\n<\/style>\n\t<\/div>\n\t\n\n\t\t<\/div>\n\t\t\t\t\t<\/div>\n\n\t\n\n\t<div id=\"col-12511254\" class=\"col small-12 large-12\"  >\n\t\t\t\t<div class=\"col-inner text-center\"  >\n\t\t\t\n\t\t\t\n\n\t<div id=\"text-2781669676\" class=\"text\">\n\t\t\n\n<p>Para saber mais sobre essa e outras pol\u00edticas de entregas, clique abaixo.<\/p>\n\n\t\t\n<style>\n#text-2781669676 {\n  text-align: center;\n}\n<\/style>\n\t<\/div>\n\t\n<a href=\"\/politica-de-privacidade-e-termos\/politica-de-entregas-e-embalagens\/\" target=\"_blank\" class=\"button primary\" rel=\"noopener\" >\n\t\t<span>Ver pol\u00edtica de entregas<\/span>\n\t<\/a>\n\n\n\n\t\t<\/div>\n\t\t\t\t\t<\/div>\n\n\t\n\n\n<style>\n#row-645765334 > .col > .col-inner {\n  padding: 15px 15px 15px 15px;\n  border-radius: 10px;\n}\n<\/style>\n<\/div>\n\n\t\t<\/div>\n\t<\/div>\n\t\n\n<\/div>\n\n\t\t<div class=\"hidden\">\n\t\t\t\t\n\n<style>\n.cart_totals tbody th {\nfont-weight: 600;\n}\n.cart-discount {\ncolor: limegreen;\ntext-transform: uppercase;\nfont-size:0.95em;}\n.cart-subtotal {font-size:1.05em;\ntext-transform: uppercase;}\n.order-total {font-size:1.15em;\ntext-transform: uppercase;}\n.demo_store {background-color: #f4f4f4;}\ntr.shipping input, .coupon input, .fl-labels .form-row input:not([type=\"checkbox\"]), .fl-labels .form-row textarea, .fl-labels .form-row select {\nborder-radius: 5px;\nbox-shadow: none;\nborder-color: #dcdcdc;\n}\ntr.shipping label{\ntext-align: left!important;\n}\n.breadcrumbs a.current {\nfont-weight: bold;\n}\n.cart-header {\ntext-align: center;\ntext-align: -webkit-center;\nmargin-bottom: 20px;}\n#logo {\nmargin-bottom: 20px;\n}\n.breadcrumbs {\nfont-size: large;\nletter-spacing: .02em;\ntext-transform: uppercase;\npadding: 10px 0px;\ndisplay: inline-flex;\nflex-direction: row;\nflex-wrap: nowrap;\njustify-content: center;\nalign-items: stretch;\n}\n.breadcrumbs a.current, .breadcrumbs a:hover {\nfont-size: large;\n}\n.account-login-inner, .account-register-inner {\npadding: 20px;\nbackground-color: #fff;\nborder-radius: 10px;\nborder: 1px solid #ececec;\nmargin-bottom: 30px;\n}\n.woocommerce-form-login__submit, .woocommerce-form-register__submit {\nwidth: -webkit-fill-available;\npadding-top: 5px;\npadding-bottom: 5px;\nmargin-bottom: 0px;\n}\n.woocommerce-form {\npadding-top:20px;\n}\ninput[type=password], input[type=text],\ninput[type=email]\nheight: 3.0084em;\ntransition: padding .3s;\n}\n.account-container.lightbox-inner {\npadding: 10px!important;\n}\nimg[src=\"\/wp-content\/plugins\/wc-banco-inter-payments\/assets\/images\/pix.svg\"],[src=\"\/wp-content\/plugins\/wc-banco-inter-payments\/assets\/images\/bank-slip.svg\"] {display:none;}\n#payment_method_woo-pagarme-payments-credit_card.input-radio, #payment_method_woo-pagarme-payments-2_cards.input-radio,#payment_method_wc_ticket_installments{margin-bottom: 0px;\n}\ninput#billing_country, input#shipping_country, #billing_country_field, #shipping_country_field,\ninput#billing_country_field\n{display:none!important;}\n.shipping-calculator-button {\nfont-size: .9em;\nbackground: var(--fs-color-primary);\ncolor: #fff;\nfont-size: .97em;\nfont-weight: bolder;\nletter-spacing: .03em;\nline-height: 2.4em;\nmargin-top: 0;\nmax-width: 100%;\nmin-height: 2.5em;\npadding: 0 1.2em;\nposition: relative;\ntext-align: center;\ntext-decoration: none;\ntext-rendering: optimizeLegibility;\ntext-shadow: none;\ntext-transform: uppercase;\ntransition: transform .3s, border .3s, background .3s, box-shadow .3s, opacity .3s, color .3s;\nvertical-align: middle;\nborder-radius: 99px;\ndisplay: block;\nmargin-right: 0;\nmin-width: 100%;\noverflow: visible;\nmargin-bottom: 15px;}\n.backorder_notification{\ncolor: var(--fs-color-secondary);\nfont-weight: 600;}\np#address\/document_field{display:none!important}\n.interpix-copy-paste .interpix-copy-title span {border-radius: 99px;\nbackground-color: var(--fs-color-primary);\nmin-height: 2.5em;\npadding: 0.6em 1.2em 0.6em 1.2em;\nfont-size: 14px;\nfont-weight: bolder;\nletter-spacing: .03em;\ntext-align: center;\ntext-decoration: none;\ntext-rendering: optimizeLegibility;\ntext-shadow: none;\ntext-transform: uppercase;\ntransition: transform .3s, border .3s, background .3s, box-shadow .3s, opacity .3s, color .3s;\nvertical-align: middle;\ndisplay: inline-block;\n}\n.interpix-copy-title span:hover {background:var(--fs-color-primary)!important;\nbox-shadow: inset 0 0 0 100px rgba(0, 0, 0, .2);\ncolor: #fff;\nopacity: 1;\noutline: none;}\n.pagarme-response {background-color: var(--fs-color-primary)!important;}\n<\/style>\n\t\t<\/div>\n\t\n\n\t\t<div class=\"hidden\">\n\t\t\t\t\n\n<style>\n\/*This CSS Code will help you to make your checkout as one page but don't hesitate to follow our tutorials on flatzone.cc.*\/\n.flex-grow {\npadding-right: 20px;\n}\n\/** END - Open automatically Checkout Coupon **\/\n\/** START - Cart on Checkout **\/\n.woocommerce .cart-auto-refresh {\nmax-width: 100%;\nflex-basis: 100%;\n}\n.woocommerce .cart-collaterals {\ndisplay:none;\n}\n.continue-shopping .button-continue-shopping {\ndisplay: none;\n}\n.woocommerce-checkout-review-order-table .cart_item {\ndisplay:none;\n}\n.woocommerce-checkout-review-order-table thead {\ndisplay:none;\n}\n#order_review_heading {\ndisplay:none;\n}\n\/** END - Cart on Checkout **\/\n\/** Customize Fields of Chechout **\/\n\/** Cart Customize **\/\n.cross-sells {\ndisplay:none!important;\n}\n\/** END - Cart Customize **\/\n<\/style>\n\t\t<\/div>\n\t\n\t\t<div class=\"hidden\">\n\t\t\t\t\n\n<style>\n@media (max-width: 849px) {.is-well{padding:20px;}\n.page-checkout-simple .medium-text-center #logo {margin: inherit;\nplace-self: center;\n}\n.woocommerce-checkout-review-order {\ndisplay: unset!important;\nflex-direction: unset;}\n.woocommerce-checkout-review-order-table {padding-right: unset!important;}\n.checkout-step-actions {flex-direction: column;}\n.col-payment{padding-top:15px}}\n.woocommerce-checkout-payment::before {\ncontent: \"Forma de Pagamento\";\ndisplay: block;\ntext-align: left;\nmargin-top: 20px;\nmargin-bottom: 5px;\ntext-transform: uppercase;\nfont-weight: 600;\ncolor: rgb(74, 74, 74);\nfont-size: 90%;\n}\n.shipping__inner::before {\ncontent: \"Op\u00e7\u00f5es de Entrega\";\ndisplay: block;\ntext-align: left;\nmargin-top: 20px;\ntext-transform: uppercase;\nfont-weight: 600;\ncolor: rgb(74, 74, 74);\nfont-size: 90%;\n}\n.woocommerce-checkout-review-order-table {padding-right: 30px;}\n.woocommerce-checkout-review-order {\ndisplay: flex;\nflex-direction: row;\nalign-items: center;}\n.woocommerce-checkout-payment {width: -webkit-fill-available;}\n.actions.clear {display:none;}\n#billing_address_1_field.form-row-first,\n#billing_address_1_field.form-row-last {\nwidth: 100% !important;\n}\n.demo_store {display:none!important;\n}\n.woocommerce-billing-fields {\nborder-top: none;\n}\n.woocommerce-form-coupon-toggle{\ndisplay:none;\n}\nspan.required {visibility: unset!important;\n}\n.jp-card-container {width: -webkit-fill-available;\n}\n.barcode-image {display: flex;}\nul.payment_methods li[class*=payment_method_stripe_] label>img:first-of-type {border-radius: 0px!important;\n}\ninput#pagarme-card-holder-name.input-text, input#pagarme-card-number.input-text.wc-credit-card-form-card-number, input#pagarme-card-expiry.input-text.wc-credit-card-form-card-expiry, input#pagarme-card-cvc.input-text.wc-credit-card-form-card-cvc {\nfont-size: unset!important;\npadding: 0.75em;\n}\nselect#pagarme-installments {\nfont-size: unset!important;\npadding: 0.75em;\nwidth:-webkit-fill-available;\n}\n.is-sticky-column {background: white;\n}\n.button.button-copy {\ndisplay: grid;\nwidth: -webkit-fill-available;\n}\np#billing_country_field.form-row.form-row-wide.address-field.update_totals_on_change.validate-required, p#shipping_country_field, p#shipping_company_field {\ndisplay:none\n}\nimg, .box, .box-image, .box-text {\nborder-radius: 0px!important;\n}\nimg[src*=icon-pix] {max-height: 35px!important;float:right\n}\n.is-sticky-column, .is-well {\nbackground: white;\nborder-radius: 5px;\n}\nlabel[for=\"juno-credit-card-expiry\"] {\nvisibility: hidden;\nposition: relative;\n}\nlabel[for=\"juno-credit-card-expiry\"]:after {\nvisibility: visible;\nposition: absolute;\ntop: 0;\nleft: 0;\ncontent: 'Validade (MM\/AAAA) *';\n}\nul {\nlist-style: none;\n}\n.css-1b2tw1j, .css-1nuxyva, .css-19lsibx, #OpenPixLogo{\ndisplay:none;\n}\n.form-row.form-row-wide.person-type-field.CPF {display: contents!important;}\n<\/style>\n\t\t<\/div>\n\t\n\t\t<div class=\"hidden\">\n\t\t\t\t\n\n<style>\n\/* Campo com erro *\/\n.woocommerce form .form-row.woocommerce-invalid input,\n.woocommerce form .form-row.woocommerce-invalid select {\n    border-color: #d63638 !important;\n    padding-right: 120px; \/* espa\u00e7o para a mensagem *\/\n}\n.campo-erro-placeholder::placeholder {\ncolor: #d63638 !important;\nfont-weight: 600;\nopacity: 1;\n}\np.lead {font-size: 1em;}\n.account-container.lightbox-inner {\npadding: 30px;\n}\n.icon-lock:before {\ncolor: green;\nfont-size: 1.4em;\n}\n#main {\nbackground-color:##fefffd\n}\nul.payment_methods li[class*=payment_method_stripe_] label>img:first-of-type {\nfloat: unset!important;\n}\n.checkout ul li {background: rgba(0,0,0,.01);\nmargin-bottom: 10px!important;\nborder-radius: 5px;\npadding: 10px;\nborder-top: unset;\n}\n.payment_method_pagaleve-pix img {\nfloat: unset;\n}\ninput#payment_method_woo-pagarme-payments, input#payment_method_interpix, input#payment_method_asaas-credit-card, \ninput#payment_method_pagaleve-pix, input#payment_method_interboleto, input#payment_method_cheque, input#payment_method_cod, input#payment_method_woo-pagarme-payments-billet, input#payment_method_woocommerce_openpix_pix,\ninput#payment_method_bacs {\nmargin-bottom:0em;\n}\np.lead {\nfont-size: 0.8em;\ncolor: hsla(0,0%,40%,.85);\nfont-weight: bolder;\nletter-spacing: .02em;\n}\nul.payment_methods li[class*=payment_method] {padding:10px!important;\nborder: 1px solid #ddd;}\n<\/style>\n\t\t<\/div>\n\t\n\t\t<div class=\"hidden\">\n\t\t\t\t\n\n<style>img[src=\"https:\/\/www.tappy.com.br\/wp-content\/plugins\/wc-banco-inter-payments\/assets\/images\/bank-slip.svg\"], img[src=\"https:\/\/www.tappy.com.br\/wp-content\/plugins\/wc-banco-inter-payments\/assets\/images\/pix.svg\"]\n{display:none;}<\/style>\n\t\t<\/div>\n\t\n\n","protected":false},"excerpt":{"rendered":"","protected":false},"author":1,"featured_media":0,"parent":0,"menu_order":0,"comment_status":"closed","ping_status":"closed","template":"page-checkout.php","meta":{"footnotes":""},"class_list":["post-7","page","type-page","status-publish","hentry"],"_links":{"self":[{"href":"https:\/\/www.tappy.com.br\/empresas\/wp-json\/wp\/v2\/pages\/7","targetHints":{"allow":["GET"]}}],"collection":[{"href":"https:\/\/www.tappy.com.br\/empresas\/wp-json\/wp\/v2\/pages"}],"about":[{"href":"https:\/\/www.tappy.com.br\/empresas\/wp-json\/wp\/v2\/types\/page"}],"author":[{"embeddable":true,"href":"https:\/\/www.tappy.com.br\/empresas\/wp-json\/wp\/v2\/users\/1"}],"replies":[{"embeddable":true,"href":"https:\/\/www.tappy.com.br\/empresas\/wp-json\/wp\/v2\/comments?post=7"}],"version-history":[{"count":0,"href":"https:\/\/www.tappy.com.br\/empresas\/wp-json\/wp\/v2\/pages\/7\/revisions"}],"wp:attachment":[{"href":"https:\/\/www.tappy.com.br\/empresas\/wp-json\/wp\/v2\/media?parent=7"}],"curies":[{"name":"wp","href":"https:\/\/api.w.org\/{rel}","templated":true}]}}