{"id":6,"date":"2024-03-05T12:17:47","date_gmt":"2024-03-05T15:17:47","guid":{"rendered":"https:\/\/www.tappy.com.br\/empresas\/carrinho\/"},"modified":"2025-04-16T17:03:58","modified_gmt":"2025-04-16T20:03:58","slug":"carrinho","status":"publish","type":"page","link":"https:\/\/www.tappy.com.br\/empresas\/carrinho\/","title":{"rendered":"Carrinho"},"content":{"rendered":"\n\n\n\t<div id=\"gap-2128245247\" class=\"gap-element clearfix\" style=\"display:block; height:auto;\">\n\t\t\n<style>\n#gap-2128245247 {\n  padding-top: 30px;\n}\n<\/style>\n\t<\/div>\n\t\n\n<div class=\"row row-divided\"  id=\"row-466594226\">\n\n\n\t<div id=\"col-268260107\" class=\"col medium-6 small-12 large-7\"  >\n\t\t\t\t<div class=\"col-inner\"  >\n\t\t\t\n\t\t\t\n\n\n\t\t<div class=\"icon-box featured-box icon-box-top text-left\"  >\n\t\t\t\t\t<div class=\"icon-box-img\" style=\"width: 60px\">\n\t\t\t\t<div class=\"icon\">\n\t\t\t\t\t<div class=\"icon-inner\" >\n\t\t\t\t\t\t<img loading=\"lazy\" decoding=\"async\" width=\"1\" height=\"1\" src=\"https:\/\/www.tappy.com.br\/empresas\/wp-content\/uploads\/sites\/2\/2024\/04\/svgviewer-output.svg\" class=\"attachment-medium size-medium\" alt=\"\" \/>\t\t\t\t\t<\/div>\n\t\t\t\t<\/div>\n\t\t\t<\/div>\n\t\t\t\t<div class=\"icon-box-text last-reset\">\n\t\t\t<h5 class=\"uppercase\">Seguran\u00e7a<\/h5>\t\t\t\t\t\t\n\n<p>Site 100% seguro com criptografia (SSL) ERSA de 256 bytes de seguran\u00e7a A+ para blindagem contra roubo de informa\u00e7\u00f5es e clonagem de cart\u00e3o.<\/p>\n\n\t\t<\/div>\n\t<\/div>\n\t\n\t\n\n\t\t<\/div>\n\t\t\t\t\n<style>\n#col-268260107 > .col-inner {\n  border-radius: 10px;\n}\n<\/style>\n\t<\/div>\n\n\t\n\n\t<div id=\"col-1677397173\" class=\"col medium-6 small-12 large-5\"  >\n\t\t\t\t<div class=\"col-inner\"  >\n\t\t\t\n\t\t\t\n\n\n\t\t<div class=\"icon-box featured-box icon-box-top text-left\"  >\n\t\t\t\t\t<div class=\"icon-box-img\" style=\"width: 60px\">\n\t\t\t\t<div class=\"icon\">\n\t\t\t\t\t<div class=\"icon-inner\" >\n\t\t\t\t\t\t<img loading=\"lazy\" decoding=\"async\" width=\"1\" height=\"1\" src=\"https:\/\/www.tappy.com.br\/empresas\/wp-content\/uploads\/sites\/2\/2024\/04\/svgviewer-output-1.svg\" class=\"attachment-medium size-medium\" alt=\"\" \/>\t\t\t\t\t<\/div>\n\t\t\t\t<\/div>\n\t\t\t<\/div>\n\t\t\t\t<div class=\"icon-box-text last-reset\">\n\t\t\t<h5 class=\"uppercase\">PCI DSS Compliance<\/h5>\t\t\t\t\t\t\n\n<p>Site com padr\u00e3o da PCI Security Standards. \u00c9 o mais alto n\u00edvel de seguran\u00e7a web e com armazenamento m\u00ednimo de dados pessoais.<\/p>\n\n\t\t<\/div>\n\t<\/div>\n\t\n\t\n\n\t\t<\/div>\n\t\t\t\t\t<\/div>\n\n\t\n\n<\/div>\n\n\t<div id=\"gap-2025602852\" class=\"gap-element clearfix\" style=\"display:block; height:auto;\">\n\t\t\n<style>\n#gap-2025602852 {\n  padding-top: 30px;\n}\n<\/style>\n\t<\/div>\n\t\n\n<div class=\"accordion\">\n\n\t<div id=\"accordion-3824109382\" class=\"accordion-item is-small\">\n\t\t<a id=\"accordion-3824109382-label\" class=\"accordion-title plain\" href=\"#accordion-item-clique-aqui-para-saber-mais-sobre-as-embalagens-e-prazos.\" aria-expanded=\"false\" aria-controls=\"accordion-3824109382-content\">\n\t\t\t<button class=\"toggle\" aria-label=\"Toggle\"><i class=\"icon-angle-down\" aria-hidden=\"true\"><\/i><\/button>\n\t\t\t<span>Clique aqui para saber mais sobre as embalagens e prazos.<\/span>\n\t\t<\/a>\n\t\t<div id=\"accordion-3824109382-content\" class=\"accordion-inner\" aria-labelledby=\"accordion-3824109382-label\">\n\t\t\t\n\n<div class=\"row row-small align-middle align-center\"  id=\"row-1600931852\">\n\n\n\t<div id=\"col-1121254157\" class=\"col medium-5 small-12 large-4\"  >\n\t\t\t\t<div class=\"col-inner text-center\"  >\n\t\t\t\n\t\t\t\n\n\t<div id=\"text-3720404103\" class=\"text\">\n\t\t\n\n<h2>EMBALAGEM COMPACTA<\/h2>\n<p>Seu Tecido ser\u00e1 embalado e armazenado em um pacote de at\u00e9 60cmx60cm, isso pode acarretar em <strong>vincos<\/strong> que ir\u00e3o sumir com o tempo.<\/p>\n<p>Essa modalidade n\u00e3o \u00e9 indicada para prazos de entregas maiores do que 9 dias \u00fateis, e para metragens acima de 20 metros.<\/p>\n<p><strong>Caso seu tecido precise receber a Embalagem Plus e houver uma grande diferen\u00e7a de pre\u00e7o no frete em desfavor \u00e0 loja, n\u00f3s entraremos em contato para combinar outros procedimentos de envio.<\/strong><\/p>\n\t\t\n<style>\n#text-3720404103 {\n  text-align: center;\n}\n<\/style>\n\t<\/div>\n\t\n\n\t\t<\/div>\n\t\t\t\t\t<\/div>\n\n\t\n\n\t<div id=\"col-163863685\" class=\"col medium-7 small-12 large-8\"  >\n\t\t\t\t<div class=\"col-inner\" style=\"background-color:rgba(255, 255, 255, 0.75);\" >\n\t\t\t\n\t<div class=\"is-border\"\n\t\tstyle=\"border-radius:10px;border-width:1px 1px 1px 1px;\">\n\t<\/div>\n\t\t\t\n\n\t<div id=\"text-2490312635\" class=\"text\">\n\t\t\n\n<h2>EMBALAGEM PLUS<\/h2>\n<p>Seu Tecido ser\u00e1 embalado em um <strong>ROLO<\/strong> de 145cm de altura como mercadoria <strong>FR\u00c1GIL<\/strong>. \u00c9 um m\u00e9todo de envio mais seguro e normalmente aplicado para a modalidade de \"TRANSPORTE EXPRESSO\".<\/p>\n<p>O crit\u00e9rio de envio nessa modalidade \u00e9 interno e em alguns casos pode ser que essa modalidade de envio apare\u00e7a, mas n\u00e3o seja necessariamente cumprida.<\/p>\n<p>Caso voc\u00ea queira obrigatoriamente receber o tecido embalado dessa forma, ap\u00f3s a conclus\u00e3o do pedido no site entre em contato conosco informando o n\u00famero do pedido j\u00e1 feito que iremos analizar essa possibilidade individualmente.<\/p>\n<p>(Tecidos comprados em conjunto de espumas sob medida podem n\u00e3o ser embalados dessa forma dependendo do formato da espuma.)<\/p>\n<p>Todas as op\u00e7\u00f5es de \"RETIRADA\" s\u00e3o enviadas dessa forma.<\/p>\n\t\t\n<style>\n#text-2490312635 {\n  text-align: center;\n}\n<\/style>\n\t<\/div>\n\t\n\n\t\t<\/div>\n\t\t\t\t\t<\/div>\n\n\t\n\n\t<div id=\"col-1389195317\" class=\"col small-12 large-12\"  >\n\t\t\t\t<div class=\"col-inner\" style=\"background-color:rgba(255, 255, 255, 0.75);\" >\n\t\t\t\n\t<div class=\"is-border\"\n\t\tstyle=\"border-radius:10px;border-width:1px 1px 1px 1px;\">\n\t<\/div>\n\t\t\t\n\n\t<div id=\"text-3016887246\" class=\"text\">\n\t\t\n\n<h3>EMBALAGEM PARA ACESS\u00d3RIOS E ESPUMAS<\/h3>\n<p>Esses produtos ser\u00e3o embalados como pacote ou caixa com toda seguran\u00e7a que eles precisam, portanto n\u00e3o h\u00e1 diferen\u00e7a entre embalagem compacta ou plus para eles.<\/p>\n\t\t\n<style>\n#text-3016887246 {\n  text-align: center;\n}\n<\/style>\n\t<\/div>\n\t\n\n\t\t<\/div>\n\t\t\t\t\t<\/div>\n\n\t\n\n\t<div id=\"col-1508690742\" class=\"col small-12 large-12\"  >\n\t\t\t\t<div class=\"col-inner\" style=\"background-color:rgba(255, 255, 255, 0.75);\" >\n\t\t\t\n\t<div class=\"is-border\"\n\t\tstyle=\"border-radius:10px;border-width:1px 1px 1px 1px;\">\n\t<\/div>\n\t\t\t\n\n\t<div id=\"text-2744908065\" class=\"text\">\n\t\t\n\n<h3>RETIRADAS NA LOJA<\/h3>\n<p>Todos os produtos pr\u00e9 encomendados ou n\u00e3o pelo site podem ser retirados em nossa loja (exceto espumas sob medida). Voc\u00ea pode conferir a disponibilidade do estoque aqui pelo site e fazer a reserva com um pedido antecipado que esteja com status de aprovado ou \"processando\".<\/p>\n\t\t\n<style>\n#text-2744908065 {\n  text-align: center;\n}\n<\/style>\n\t<\/div>\n\t\n\n\t\t<\/div>\n\t\t\t\t\t<\/div>\n\n\t\n\n\t<div id=\"col-1510122826\" class=\"col small-12 large-12\"  >\n\t\t\t\t<div class=\"col-inner\" style=\"background-color:rgba(255, 255, 255, 0.75);\" >\n\t\t\t\n\t<div class=\"is-border\"\n\t\tstyle=\"border-radius:10px;border-width:1px 1px 1px 1px;\">\n\t<\/div>\n\t\t\t\n\n\t<div id=\"text-2275801028\" class=\"text\">\n\t\t\n\n<h3>\"ENTREGA EM 1 DIA \u00daTIL\"<\/h3>\n<p>\u00c9 uma modalidade de entrega em que voc\u00ea recebe seu pedido em at\u00e9 um dia \u00fatil. Caso sua compra seja feita at\u00e9 as 12:00hrs (meio dia) \u00e9 poss\u00edvel que voc\u00ea receba sua entrega ainda no mesmo dia ou algumas horas depois da confirma\u00e7\u00e3o da compra.<\/p>\n\n\t\t\n<style>\n#text-2275801028 {\n  text-align: center;\n}\n<\/style>\n\t<\/div>\n\t\n\n\t\t<\/div>\n\t\t\t\t\t<\/div>\n\n\t\n\n\t<div id=\"col-58622622\" class=\"col small-12 large-12\"  >\n\t\t\t\t<div class=\"col-inner text-center\"  >\n\t\t\t\n\t\t\t\n\n\t<div id=\"text-459951990\" class=\"text\">\n\t\t\n\n<p>Para saber mais sobre essa e outras pol\u00edticas de entregas, clique abaixo.<\/p>\n\n\t\t\n<style>\n#text-459951990 {\n  text-align: center;\n}\n<\/style>\n\t<\/div>\n\t\n<a href=\"\/politica-de-privacidade-e-termos\/politica-de-entregas-e-embalagens\/\" target=\"_blank\" class=\"button primary\" rel=\"noopener\" >\n\t\t<span>Ver pol\u00edtica de entregas<\/span>\n\t<\/a>\n\n\n\n\t\t<\/div>\n\t\t\t\t\t<\/div>\n\n\t\n\n\n<style>\n#row-1600931852 > .col > .col-inner {\n  padding: 15px 15px 15px 15px;\n  border-radius: 10px;\n}\n<\/style>\n<\/div>\n\n\t\t<\/div>\n\t<\/div>\n\t\n\n<\/div>\n\n<div class=\"accordion\">\n\n\t<div id=\"accordion-3268326782\" class=\"accordion-item is-small\">\n\t\t<a id=\"accordion-3268326782-label\" class=\"accordion-title plain\" href=\"#accordion-item-precisando-de-um-descontinho?-relembre-aqui-todos-os-cupons-v\u00e1lidos.\" aria-expanded=\"false\" aria-controls=\"accordion-3268326782-content\">\n\t\t\t<button class=\"toggle\" aria-label=\"Toggle\"><i class=\"icon-angle-down\" aria-hidden=\"true\"><\/i><\/button>\n\t\t\t<span>Precisando de um descontinho? Relembre aqui todos os cupons v\u00e1lidos.<\/span>\n\t\t<\/a>\n\t\t<div id=\"accordion-3268326782-content\" class=\"accordion-inner\" aria-labelledby=\"accordion-3268326782-label\">\n\t\t\t\n\n<div class=\"row align-middle align-center is-small\"  id=\"row-1300124514\">\n\n\n\t<div id=\"col-1480475109\" class=\"col medium-6 small-12 large-12\"  >\n\t\t\t\t<div class=\"col-inner text-left dark\" style=\"background-color:rgb(73, 59, 240);\" >\n\t\t\t\n\t\t\t\n\n<h4><strong>10% DE CASHBACK PARA<\/strong><br \/><strong>SUAS PR\u00d3XIMAS COMPRAS<\/strong><\/h4>\n\n\t<div id=\"gap-619257657\" class=\"gap-element clearfix\" style=\"display:block; height:auto;\">\n\t\t\n<style>\n#gap-619257657 {\n  padding-top: 5px;\n}\n<\/style>\n\t<\/div>\n\t\n\n<p><strong>Calculado automaticamente<\/strong> em todas as compras feitas no site, para uso em suas compras futuras.<\/p>\n\n\t<div id=\"gap-2100698819\" class=\"gap-element clearfix\" style=\"display:block; height:auto;\">\n\t\t\n<style>\n#gap-2100698819 {\n  padding-top: 15px;\n}\n<\/style>\n\t<\/div>\n\t\n\n\n\t\t<\/div>\n\t\t\t\t\n<style>\n#col-1480475109 > .col-inner {\n  border-radius: 10px;\n}\n<\/style>\n\t<\/div>\n\n\t\n\n\t<div id=\"col-982418784\" class=\"col medium-6 small-12 large-4\"  >\n\t\t\t\t<div class=\"col-inner text-left\"  >\n\t\t\t\n\t<div class=\"is-border\"\n\t\tstyle=\"border-radius:10px;border-width:1px 1px 1px 1px;\">\n\t<\/div>\n\t\t\t\n\n<h4 class=\"uppercase\"><strong>Compras com 5%OFF para<\/strong><br \/><strong>Pagamentos via PIX<\/strong><\/h4>\n\t<div id=\"gap-520393588\" class=\"gap-element clearfix\" style=\"display:block; height:auto;\">\n\t\t\n<style>\n#gap-520393588 {\n  padding-top: 5px;\n}\n<\/style>\n\t<\/div>\n\t\n\n<p><strong>Aplicado automaticamente<\/strong> nas compras ao selecionar a forma de pagamento \"PIX \u00e0 vista\" nas finaliza\u00e7\u00f5es de pedidos.<\/p>\n\t<div id=\"gap-1629073714\" class=\"gap-element clearfix\" style=\"display:block; height:auto;\">\n\t\t\n<style>\n#gap-1629073714 {\n  padding-top: 5px;\n}\n<\/style>\n\t<\/div>\n\t\n\n<div class=\"row row-small\"  id=\"row-1229239882\">\n\n\n\t<div id=\"col-1957450732\" class=\"col small-12 large-12\"  >\n\t\t\t\t<div class=\"col-inner\"  >\n\t\t\t\n\t<div class=\"is-border is-dashed\"\n\t\tstyle=\"border-color:rgb(73, 59, 240);border-radius:5px;border-width:2px 2px 2px 2px;margin:-5px -5px -5px -5px;\">\n\t<\/div>\n\t\t\t\n\n<a class=\"button primary is-link expand\" >\n\t\t<span>CUPOM: PIX5<\/span>\n\t<i class=\"icon-gift\" aria-hidden=\"true\"><\/i><\/a>\n\n\n\n\t\t<\/div>\n\t\t\t\t\t<\/div>\n\n\t\n\n<\/div>\n\n\t\t<\/div>\n\t\t\t\t\t<\/div>\n\n\t\n\n\t<div id=\"col-87994535\" class=\"col medium-6 small-12 large-4\"  >\n\t\t\t\t<div class=\"col-inner text-left\"  >\n\t\t\t\n\t<div class=\"is-border\"\n\t\tstyle=\"border-radius:10px;border-width:1px 1px 1px 1px;\">\n\t<\/div>\n\t\t\t\n\n<h4 class=\"uppercase\"><strong>Entregas com 100%OFF para<\/strong><br \/><strong>Grande S\u00e3o Paulo<\/strong><\/h4>\n\t<div id=\"gap-1602369730\" class=\"gap-element clearfix\" style=\"display:block; height:auto;\">\n\t\t\n<style>\n#gap-1602369730 {\n  padding-top: 5px;\n}\n<\/style>\n\t<\/div>\n\t\n\n<p><strong>Aplicado automaticamente<\/strong> ao valor do frete de todos os pedidos a partir de R$ 299,90* nas simula\u00e7\u00f5es e finaliza\u00e7\u00f5es de pedidos.<\/p>\n\t<div id=\"gap-1652856115\" class=\"gap-element clearfix\" style=\"display:block; height:auto;\">\n\t\t\n<style>\n#gap-1652856115 {\n  padding-top: 5px;\n}\n<\/style>\n\t<\/div>\n\t\n\n<div class=\"row row-small\"  id=\"row-1257764212\">\n\n\n\t<div id=\"col-1707009082\" class=\"col small-12 large-12\"  >\n\t\t\t\t<div class=\"col-inner\"  >\n\t\t\t\n\t<div class=\"is-border is-dashed\"\n\t\tstyle=\"border-color:rgb(73, 59, 240);border-radius:5px;border-width:2px 2px 2px 2px;margin:-5px -5px -5px -5px;\">\n\t<\/div>\n\t\t\t\n\n<a class=\"button primary is-link expand\" >\n\t\t<span>n\u00e3o h\u00e1 cupom visual**<\/span>\n\t<i class=\"icon-gift\" aria-hidden=\"true\"><\/i><\/a>\n\n\n\n\t\t<\/div>\n\t\t\t\t\t<\/div>\n\n\t\n\n<\/div>\n\n\t\t<\/div>\n\t\t\t\t\t<\/div>\n\n\t\n\n\t<div id=\"col-1593713911\" class=\"col medium-6 small-12 large-4\"  >\n\t\t\t\t<div class=\"col-inner text-left\"  >\n\t\t\t\n\t<div class=\"is-border\"\n\t\tstyle=\"border-radius:10px;border-width:1px 1px 1px 1px;\">\n\t<\/div>\n\t\t\t\n\n<h4 class=\"uppercase\"><strong>Fretes com desconto a cada<\/strong><br \/><strong>R$50,00 em compras<\/strong><\/h4>\n\t<div id=\"gap-456597038\" class=\"gap-element clearfix\" style=\"display:block; height:auto;\">\n\t\t\n<style>\n#gap-456597038 {\n  padding-top: 5px;\n}\n<\/style>\n\t<\/div>\n\t\n\n<p><strong>Aplicado automaticamente<\/strong> ao valor do frete de todos os pedidos, para CEPs de todo o Brasil, nas simula\u00e7\u00f5es e finaliza\u00e7\u00f5es de pedidos.<\/p>\n\t<div id=\"gap-8228868\" class=\"gap-element clearfix\" style=\"display:block; height:auto;\">\n\t\t\n<style>\n#gap-8228868 {\n  padding-top: 5px;\n}\n<\/style>\n\t<\/div>\n\t\n\n<div class=\"row row-small\"  id=\"row-1604499709\">\n\n\n\t<div id=\"col-1245889205\" class=\"col small-12 large-12\"  >\n\t\t\t\t<div class=\"col-inner\"  >\n\t\t\t\n\t<div class=\"is-border is-dashed\"\n\t\tstyle=\"border-color:rgb(73, 59, 240);border-radius:5px;border-width:2px 2px 2px 2px;margin:-5px -5px -5px -5px;\">\n\t<\/div>\n\t\t\t\n\n<a class=\"button primary is-link expand\" >\n\t\t<span>n\u00e3o h\u00e1 cupom visual**<\/span>\n\t<i class=\"icon-gift\" aria-hidden=\"true\"><\/i><\/a>\n\n\n\n\t\t<\/div>\n\t\t\t\t\t<\/div>\n\n\t\n\n<\/div>\n\n\t\t<\/div>\n\t\t\t\t\t<\/div>\n\n\t\n\n\n<style>\n#row-1300124514 > .col > .col-inner {\n  padding: 20px 25px 0px 25px;\n}\n<\/style>\n<\/div>\n\n\n\t\t<\/div>\n\t<\/div>\n\t\n\n<\/div>\n\t<div id=\"gap-734744861\" class=\"gap-element clearfix\" style=\"display:block; height:auto;\">\n\t\t\n<style>\n#gap-734744861 {\n  padding-top: 30px;\n}\n<\/style>\n\t<\/div>\n\t\n\n<div class=\"row align-bottom row-solid\"  id=\"row-519153177\">\n\n\n\t<div id=\"col-292920592\" class=\"col medium-3 small-6 large-3\"  >\n\t\t\t\t<div class=\"col-inner\"  >\n\t\t\t\n\t\t\t\n\n\n\t\t<div class=\"icon-box featured-box icon-box-top text-left\"  >\n\t\t\t\t\t<div class=\"icon-box-img\" style=\"width: 60px\">\n\t\t\t\t<div class=\"icon\">\n\t\t\t\t\t<div class=\"icon-inner\" >\n\t\t\t\t\t\t<img loading=\"lazy\" decoding=\"async\" width=\"1\" height=\"1\" src=\"https:\/\/www.tappy.com.br\/empresas\/wp-content\/uploads\/sites\/2\/2024\/04\/svgviewer-output-2.svg\" class=\"attachment-medium size-medium\" alt=\"\" \/>\t\t\t\t\t<\/div>\n\t\t\t\t<\/div>\n\t\t\t<\/div>\n\t\t\t\t<div class=\"icon-box-text last-reset\">\n\t\t\t<h5 class=\"uppercase\">PAGAMENTO FACILITADO<\/h5>\t\t\t\t\t\t\n\n<p>Parcele em at\u00e9 12x fixas ou em 3x sem juros em todos os cart\u00f5es.<\/p>\n\n\t\t<\/div>\n\t<\/div>\n\t\n\t\n\n\t\t<\/div>\n\t\t\t\t\t<\/div>\n\n\t\n\n\t<div id=\"col-67061381\" class=\"col medium-3 small-6 large-3\"  >\n\t\t\t\t<div class=\"col-inner\"  >\n\t\t\t\n\t\t\t\n\n\n\t\t<div class=\"icon-box featured-box icon-box-top text-left\"  >\n\t\t\t\t\t<div class=\"icon-box-img\" style=\"width: 60px\">\n\t\t\t\t<div class=\"icon\">\n\t\t\t\t\t<div class=\"icon-inner\" >\n\t\t\t\t\t\t<img loading=\"lazy\" decoding=\"async\" width=\"1\" height=\"1\" src=\"https:\/\/www.tappy.com.br\/empresas\/wp-content\/uploads\/sites\/2\/2024\/04\/svgviewer-output-3.svg\" class=\"attachment-medium size-medium\" alt=\"\" \/>\t\t\t\t\t<\/div>\n\t\t\t\t<\/div>\n\t\t\t<\/div>\n\t\t\t\t<div class=\"icon-box-text last-reset\">\n\t\t\t<h5 class=\"uppercase\">RETIRE SUA COMPRA NA LOJA<\/h5>\t\t\t\t\t\t\n\n<p>Retire suas compras em nossa loja e conhe\u00e7a produtos exclusivos.<\/p>\n\n\t\t<\/div>\n\t<\/div>\n\t\n\t\n\n\t\t<\/div>\n\t\t\t\t\t<\/div>\n\n\t\n\n\t<div id=\"col-2048321099\" class=\"col medium-3 small-6 large-3\"  >\n\t\t\t\t<div class=\"col-inner\"  >\n\t\t\t\n\t\t\t\n\n\n\t\t<div class=\"icon-box featured-box icon-box-top text-left\"  >\n\t\t\t\t\t<div class=\"icon-box-img\" style=\"width: 59px\">\n\t\t\t\t<div class=\"icon\">\n\t\t\t\t\t<div class=\"icon-inner\" >\n\t\t\t\t\t\t<img loading=\"lazy\" decoding=\"async\" width=\"1\" height=\"1\" src=\"https:\/\/www.tappy.com.br\/empresas\/wp-content\/uploads\/sites\/2\/2024\/04\/svgviewer-output-6.svg\" class=\"attachment-medium size-medium\" alt=\"\" \/>\t\t\t\t\t<\/div>\n\t\t\t\t<\/div>\n\t\t\t<\/div>\n\t\t\t\t<div class=\"icon-box-text last-reset\">\n\t\t\t<h5 class=\"uppercase\">FRETES COM DESCONTO<\/h5>\t\t\t\t\t\t\n\n<p>A cada R$50,00 em compras, voc\u00ea recebe descontos nos fretes.<\/p>\n\n\t\t<\/div>\n\t<\/div>\n\t\n\t\n\n\t\t<\/div>\n\t\t\t\t\t<\/div>\n\n\t\n\n\t<div id=\"col-403915968\" class=\"col medium-3 small-6 large-3\"  >\n\t\t\t\t<div class=\"col-inner\"  >\n\t\t\t\n\t\t\t\n\n\n\t\t<div class=\"icon-box featured-box icon-box-top text-left\"  >\n\t\t\t\t\t<div class=\"icon-box-img\" style=\"width: 60px\">\n\t\t\t\t<div class=\"icon\">\n\t\t\t\t\t<div class=\"icon-inner\" >\n\t\t\t\t\t\t<img loading=\"lazy\" decoding=\"async\" width=\"1\" height=\"1\" src=\"https:\/\/www.tappy.com.br\/empresas\/wp-content\/uploads\/sites\/2\/2024\/04\/svgviewer-output-8.svg\" class=\"attachment-medium size-medium\" alt=\"\" \/>\t\t\t\t\t<\/div>\n\t\t\t\t<\/div>\n\t\t\t<\/div>\n\t\t\t\t<div class=\"icon-box-text last-reset\">\n\t\t\t<h5 class=\"uppercase\">CUPONS DE DESCONTOS<\/h5>\t\t\t\t\t\t\n\n<p>Todas as compras podem receber descontos de at\u00e9 20%. Confira!<\/p>\n\n\t\t<\/div>\n\t<\/div>\n\t\n\t\n\n\t\t<\/div>\n\t\t\t\t\t<\/div>\n\n\t\n\n\n<style>\n#row-519153177 > .col > .col-inner {\n  padding: 25px 25px 25px 25px;\n}\n<\/style>\n<\/div>\n\n\t\t<div class=\"hidden\">\n\t\t\t\t\n\n<style>\n.breadcrumbs a.current, .breadcrumbs a:hover {\nfont-size: medium;\n}\n#main {background-color:##fefffd\n}\n.icon-lock:before {\ncolor: green;\nfont-size: 1.4em;\n}\n.payment-icons.inline-block {\nmargin-bottom:1em;\n}\n.shipping__table--multiple tbody, .shipping__table--multiple tr, .shipping__table--multiple th, .shipping__table--multiple td {\n    display: block;\n    padding-left: 0;\n}\ntd[data-title=\"Entrega\"] {display: block!important;\n}\n.shop_table tr.shipping th {\nwidth: 100%!important;\ndisplay: block!important;\n}\n.message-container {\ntext-align: center;}\n#calc_shipping_city_field, #calc_shipping_state_field, #calc_shipping_country_field{display:none!important;}\n<\/style>\n\t\t<\/div>\n\t\n\t\t<div class=\"hidden\">\n\t\t\t\t\n\n<style>\n.cart_totals tbody th {\nfont-weight: 600;\n}\n.cart-discount {\ncolor: limegreen;\ntext-transform: uppercase;\nfont-size:0.95em;}\n.cart-subtotal {font-size:1.05em;\ntext-transform: uppercase;}\n.order-total {font-size:1.15em;\ntext-transform: uppercase;}\n.demo_store {background-color: #f4f4f4;}\ntr.shipping input, .coupon input, .fl-labels .form-row input:not([type=\"checkbox\"]), .fl-labels .form-row textarea, .fl-labels .form-row select {\nborder-radius: 5px;\nbox-shadow: none;\nborder-color: #dcdcdc;\n}\ntr.shipping label{\ntext-align: left!important;\n}\n.breadcrumbs a.current {\nfont-weight: bold;\n}\n.cart-header {\ntext-align: center;\ntext-align: -webkit-center;\nmargin-bottom: 20px;}\n#logo {\nmargin-bottom: 20px;\n}\n.breadcrumbs {\nfont-size: large;\nletter-spacing: .02em;\ntext-transform: uppercase;\npadding: 10px 0px;\ndisplay: inline-flex;\nflex-direction: row;\nflex-wrap: nowrap;\njustify-content: center;\nalign-items: stretch;\n}\n.breadcrumbs a.current, .breadcrumbs a:hover {\nfont-size: large;\n}\n.account-login-inner, .account-register-inner {\npadding: 20px;\nbackground-color: #fff;\nborder-radius: 10px;\nborder: 1px solid #ececec;\nmargin-bottom: 30px;\n}\n.woocommerce-form-login__submit, .woocommerce-form-register__submit {\nwidth: -webkit-fill-available;\npadding-top: 5px;\npadding-bottom: 5px;\nmargin-bottom: 0px;\n}\n.woocommerce-form {\npadding-top:20px;\n}\ninput[type=password], input[type=text],\ninput[type=email]\nheight: 3.0084em;\ntransition: padding .3s;\n}\n.account-container.lightbox-inner {\npadding: 10px!important;\n}\nimg[src=\"\/wp-content\/plugins\/wc-banco-inter-payments\/assets\/images\/pix.svg\"],[src=\"\/wp-content\/plugins\/wc-banco-inter-payments\/assets\/images\/bank-slip.svg\"] {display:none;}\n#payment_method_woo-pagarme-payments-credit_card.input-radio, #payment_method_woo-pagarme-payments-2_cards.input-radio,#payment_method_wc_ticket_installments{margin-bottom: 0px;\n}\ninput#billing_country, input#shipping_country, #billing_country_field, #shipping_country_field,\ninput#billing_country_field\n{display:none!important;}\n.shipping-calculator-button {\nfont-size: .9em;\nbackground: var(--fs-color-primary);\ncolor: #fff;\nfont-size: .97em;\nfont-weight: bolder;\nletter-spacing: .03em;\nline-height: 2.4em;\nmargin-top: 0;\nmax-width: 100%;\nmin-height: 2.5em;\npadding: 0 1.2em;\nposition: relative;\ntext-align: center;\ntext-decoration: none;\ntext-rendering: optimizeLegibility;\ntext-shadow: none;\ntext-transform: uppercase;\ntransition: transform .3s, border .3s, background .3s, box-shadow .3s, opacity .3s, color .3s;\nvertical-align: middle;\nborder-radius: 99px;\ndisplay: block;\nmargin-right: 0;\nmin-width: 100%;\noverflow: visible;\nmargin-bottom: 15px;}\n.backorder_notification{\ncolor: var(--fs-color-secondary);\nfont-weight: 600;}\np#address\/document_field{display:none!important}\n.interpix-copy-paste .interpix-copy-title span {border-radius: 99px;\nbackground-color: var(--fs-color-primary);\nmin-height: 2.5em;\npadding: 0.6em 1.2em 0.6em 1.2em;\nfont-size: 14px;\nfont-weight: bolder;\nletter-spacing: .03em;\ntext-align: center;\ntext-decoration: none;\ntext-rendering: optimizeLegibility;\ntext-shadow: none;\ntext-transform: uppercase;\ntransition: transform .3s, border .3s, background .3s, box-shadow .3s, opacity .3s, color .3s;\nvertical-align: middle;\ndisplay: inline-block;\n}\n.interpix-copy-title span:hover {background:var(--fs-color-primary)!important;\nbox-shadow: inset 0 0 0 100px rgba(0, 0, 0, .2);\ncolor: #fff;\nopacity: 1;\noutline: none;}\n.pagarme-response {background-color: var(--fs-color-primary)!important;}\n<\/style>\n\t\t<\/div>\n\t\n\n\n","protected":false},"excerpt":{"rendered":"","protected":false},"author":1,"featured_media":0,"parent":0,"menu_order":0,"comment_status":"closed","ping_status":"closed","template":"page-cart.php","meta":{"footnotes":""},"class_list":["post-6","page","type-page","status-publish","hentry"],"_links":{"self":[{"href":"https:\/\/www.tappy.com.br\/empresas\/wp-json\/wp\/v2\/pages\/6","targetHints":{"allow":["GET"]}}],"collection":[{"href":"https:\/\/www.tappy.com.br\/empresas\/wp-json\/wp\/v2\/pages"}],"about":[{"href":"https:\/\/www.tappy.com.br\/empresas\/wp-json\/wp\/v2\/types\/page"}],"author":[{"embeddable":true,"href":"https:\/\/www.tappy.com.br\/empresas\/wp-json\/wp\/v2\/users\/1"}],"replies":[{"embeddable":true,"href":"https:\/\/www.tappy.com.br\/empresas\/wp-json\/wp\/v2\/comments?post=6"}],"version-history":[{"count":0,"href":"https:\/\/www.tappy.com.br\/empresas\/wp-json\/wp\/v2\/pages\/6\/revisions"}],"wp:attachment":[{"href":"https:\/\/www.tappy.com.br\/empresas\/wp-json\/wp\/v2\/media?parent=6"}],"curies":[{"name":"wp","href":"https:\/\/api.w.org\/{rel}","templated":true}]}}