{"id":2902,"date":"2024-05-06T11:37:04","date_gmt":"2024-05-06T14:37:04","guid":{"rendered":"https:\/\/www.tappy.com.br\/empresas\/?page_id=2902"},"modified":"2025-06-27T13:46:54","modified_gmt":"2025-06-27T16:46:54","slug":"cadastro-em-analise","status":"publish","type":"page","link":"https:\/\/www.tappy.com.br\/empresas\/cadastro-em-analise\/","title":{"rendered":"Cadastro em An\u00e1lise"},"content":{"rendered":"\n\n\t<section class=\"section\" id=\"section_861765401\">\n\t\t<div class=\"section-bg fill\" >\n\t\t\t\t\t\t\t\t\t\n\t\t\t\n\n\t\t<\/div>\n\n\t\t\n\n\t\t<div class=\"section-content relative\">\n\t\t\t\n\n<div class=\"row\"  id=\"row-1411459486\">\n\n\n\t<div id=\"col-1542709747\" class=\"col medium-6 small-12 large-6\"  >\n\t\t\t\t<div class=\"col-inner\"  >\n\t\t\t\n\t\t\t\n\n<h1 class=\"uppercase\"><strong>Seu cadastro est\u00e1 em an\u00e1lise<\/strong><\/h1>\n<p>Obrigado pro escolher a Tappy como seu fornecedor de artigos para estofados. Seu cadastro est\u00e1 em an\u00e1lise e iremos responder sua solicita\u00e7\u00e3o em at\u00e9 3 dias \u00fateis.<\/p>\n\t<div class=\"img has-hover x md-x lg-x y md-y lg-y\" id=\"image_121189444\">\n\t\t\t\t\t\t\t\t<div class=\"img-inner dark\" >\n\t\t\t<img loading=\"lazy\" decoding=\"async\" width=\"1000\" height=\"1000\" src=\"https:\/\/www.tappy.com.br\/empresas\/wp-content\/uploads\/sites\/2\/2024\/03\/2021-KARSTEN-DECOR-ESSENCE-LINIA-MARINHO-90142-LINIA-TAUPE-90122-LINIA-NATURAL-12-ONCA-23247-1-3D-1024x1024.jpg\" class=\"attachment-large size-large\" alt=\"\" srcset=\"https:\/\/www.tappy.com.br\/empresas\/wp-content\/uploads\/sites\/2\/2024\/03\/2021-KARSTEN-DECOR-ESSENCE-LINIA-MARINHO-90142-LINIA-TAUPE-90122-LINIA-NATURAL-12-ONCA-23247-1-3D-1024x1024.jpg 1024w, https:\/\/www.tappy.com.br\/empresas\/wp-content\/uploads\/sites\/2\/2024\/03\/2021-KARSTEN-DECOR-ESSENCE-LINIA-MARINHO-90142-LINIA-TAUPE-90122-LINIA-NATURAL-12-ONCA-23247-1-3D-420x420.jpg 420w, https:\/\/www.tappy.com.br\/empresas\/wp-content\/uploads\/sites\/2\/2024\/03\/2021-KARSTEN-DECOR-ESSENCE-LINIA-MARINHO-90142-LINIA-TAUPE-90122-LINIA-NATURAL-12-ONCA-23247-1-3D-100x100.jpg 100w, https:\/\/www.tappy.com.br\/empresas\/wp-content\/uploads\/sites\/2\/2024\/03\/2021-KARSTEN-DECOR-ESSENCE-LINIA-MARINHO-90142-LINIA-TAUPE-90122-LINIA-NATURAL-12-ONCA-23247-1-3D-300x300.jpg 300w, https:\/\/www.tappy.com.br\/empresas\/wp-content\/uploads\/sites\/2\/2024\/03\/2021-KARSTEN-DECOR-ESSENCE-LINIA-MARINHO-90142-LINIA-TAUPE-90122-LINIA-NATURAL-12-ONCA-23247-1-3D-150x150.jpg 150w\" sizes=\"auto, (max-width: 1000px) 100vw, 1000px\" \/>\t\t\t\t\t\t\n\t\t\t\t\t<\/div>\n\t\t\t\t\t\t\t\t\n<style>\n#image_121189444 {\n  width: 100%;\n}\n<\/style>\n\t<\/div>\n\t\n\n\n\t\t<\/div>\n\t\t\t\t\t<\/div>\n\n\t\n\n\t<div id=\"col-422179531\" class=\"col medium-6 small-12 large-6\"  >\n\t\t\t\t<div class=\"col-inner\"  >\n\t\t\t\n\t\t\t\n\n\t<div class=\"img has-hover x md-x lg-x y md-y lg-y\" id=\"image_1343663184\">\n\t\t\t\t\t\t\t\t<div class=\"img-inner dark\" >\n\t\t\t<img loading=\"lazy\" decoding=\"async\" width=\"1000\" height=\"1000\" src=\"https:\/\/www.tappy.com.br\/empresas\/wp-content\/uploads\/sites\/2\/2024\/04\/Interno-Tappy-SBC-Site-3.jpg\" class=\"attachment-large size-large\" alt=\"\" srcset=\"https:\/\/www.tappy.com.br\/empresas\/wp-content\/uploads\/sites\/2\/2024\/04\/Interno-Tappy-SBC-Site-3.jpg 1000w, https:\/\/www.tappy.com.br\/empresas\/wp-content\/uploads\/sites\/2\/2024\/04\/Interno-Tappy-SBC-Site-3-420x420.jpg 420w, https:\/\/www.tappy.com.br\/empresas\/wp-content\/uploads\/sites\/2\/2024\/04\/Interno-Tappy-SBC-Site-3-100x100.jpg 100w, https:\/\/www.tappy.com.br\/empresas\/wp-content\/uploads\/sites\/2\/2024\/04\/Interno-Tappy-SBC-Site-3-300x300.jpg 300w, https:\/\/www.tappy.com.br\/empresas\/wp-content\/uploads\/sites\/2\/2024\/04\/Interno-Tappy-SBC-Site-3-40x40.jpg 40w\" sizes=\"auto, (max-width: 1000px) 100vw, 1000px\" \/>\t\t\t\t\t\t\n\t\t\t\t\t<\/div>\n\t\t\t\t\t\t\t\t\n<style>\n#image_1343663184 {\n  width: 100%;\n}\n<\/style>\n\t<\/div>\n\t\n\n<p>Enquanto seu cadastro aguarda an\u00e1lise voc\u00ea pode ir navegando pelos nossos produtos para empresas aqui mesmo nesse site\/app. Ou conhecer nossa loja para o p\u00fablico geral. Veja as op\u00e7\u00f5es:<\/p>\n<a href=\"\/empresas\/loja\/\" class=\"button primary\" >\n\t\t<span>Continuar na tappy empresas<\/span>\n\t<\/a>\n\n\n<a href=\"\/\" class=\"button primary is-link\" >\n\t\t<span>Ir para Tappy Varejo<\/span>\n\t<\/a>\n\n\n\n\t\t<\/div>\n\t\t\t\t\t<\/div>\n\n\t\n\n<\/div>\n\n\t\t<\/div>\n\n\t\t\n<style>\n#section_861765401 {\n  padding-top: 30px;\n  padding-bottom: 30px;\n}\n<\/style>\n\t<\/section>\n\t\n\n","protected":false},"excerpt":{"rendered":"","protected":false},"author":1,"featured_media":0,"parent":0,"menu_order":0,"comment_status":"closed","ping_status":"closed","template":"","meta":{"footnotes":""},"class_list":["post-2902","page","type-page","status-publish","hentry"],"_links":{"self":[{"href":"https:\/\/www.tappy.com.br\/empresas\/wp-json\/wp\/v2\/pages\/2902","targetHints":{"allow":["GET"]}}],"collection":[{"href":"https:\/\/www.tappy.com.br\/empresas\/wp-json\/wp\/v2\/pages"}],"about":[{"href":"https:\/\/www.tappy.com.br\/empresas\/wp-json\/wp\/v2\/types\/page"}],"author":[{"embeddable":true,"href":"https:\/\/www.tappy.com.br\/empresas\/wp-json\/wp\/v2\/users\/1"}],"replies":[{"embeddable":true,"href":"https:\/\/www.tappy.com.br\/empresas\/wp-json\/wp\/v2\/comments?post=2902"}],"version-history":[{"count":0,"href":"https:\/\/www.tappy.com.br\/empresas\/wp-json\/wp\/v2\/pages\/2902\/revisions"}],"wp:attachment":[{"href":"https:\/\/www.tappy.com.br\/empresas\/wp-json\/wp\/v2\/media?parent=2902"}],"curies":[{"name":"wp","href":"https:\/\/api.w.org\/{rel}","templated":true}]}}