{"id":2,"date":"2024-02-25T14:35:44","date_gmt":"2024-02-25T17:35:44","guid":{"rendered":"https:\/\/www.tappy.com.br\/calculadora-para-reforma-de-estofados\/?page_id=2"},"modified":"2025-10-28T19:57:39","modified_gmt":"2025-10-28T22:57:39","slug":"pagina-exemplo","status":"publish","type":"page","link":"https:\/\/www.tappy.com.br\/calculadora-para-reforma-de-estofados\/","title":{"rendered":"Calculadora para reforma de Estofados"},"content":{"rendered":"\n\n\n\n<div class=\"ccb-main-widget \" id=\"ccb_app_279\" data-calc-id=\"279\"><\/div>\n\n\n\n\t<section class=\"section\" id=\"section_1491753414\">\n\t\t<div class=\"section-bg fill\" >\n\t\t\t\t\t\t\t\t\t\n\t\t\t\n\n\t\t<\/div>\n\n\t\t\n\n\t\t<div class=\"section-content relative\">\n\t\t\t\n\n<div class=\"row\"  id=\"row-1685673739\">\n\n\n\t<div id=\"col-1121188509\" class=\"col small-12 large-12\"  >\n\t\t\t\t<div class=\"col-inner text-center\"  >\n\t\t\t\n\t\t\t\n\n<div class=\"row\"  id=\"row-1433839811\">\n\n\n\t<div id=\"col-624361619\" class=\"col large-12\"  >\n\t\t\t\t<div class=\"col-inner text-center\"  >\n\t\t\t\n\t\t\t\n\n<h2>COMO FUNCIONA?<\/h2>\n<p>Nossa calculadora foi especialmente desenvolvida para fazer c\u00e1lculos de qualquer tipo de estofado de forma precisa, confira:<\/p>\n<div class=\"text-center\"><div class=\"is-divider divider clearfix\" style=\"margin-top:1px;margin-bottom:1px;\"><\/div><\/div>\n\n\n\t\t<\/div>\n\t\t\t\t\t<\/div>\n\n\t\n\n<\/div>\n<div class=\"row row-solid\"  id=\"row-1372292004\">\n\n\n\t<div id=\"col-781269897\" class=\"col is-small medium-3 small-12 large-3\"  >\n\t\t\t\t<div class=\"col-inner\"  >\n\t\t\t\n\t\t\t\n\n\n\t\t<div class=\"icon-box featured-box icon-box-top text-left\"  >\n\t\t\t\t\t<div class=\"icon-box-img\" style=\"width: 60px\">\n\t\t\t\t<div class=\"icon\">\n\t\t\t\t\t<div class=\"icon-inner\" >\n\t\t\t\t\t\t<img loading=\"lazy\" decoding=\"async\" width=\"1\" height=\"1\" src=\"https:\/\/www.tappy.com.br\/calculadora-para-reforma-de-estofados\/wp-content\/uploads\/sites\/4\/2024\/09\/svgviewer-output-9.svg\" class=\"attachment-medium size-medium\" alt=\"\" \/>\t\t\t\t\t<\/div>\n\t\t\t\t<\/div>\n\t\t\t<\/div>\n\t\t\t\t<div class=\"icon-box-text last-reset\">\n\t\t\t<h5 class=\"uppercase\">1 - Escolha o modelo<\/h5>\t\t\t\t\t\t\n\n<p>Escolha o modelo que deseja reformar. As op\u00e7\u00f5es dispon\u00edveis abrangem 90% dos estofados comuns.<\/p>\n\n\t\t<\/div>\n\t<\/div>\n\t\n\t\n\n\t\t<\/div>\n\t\t\t\t\t<\/div>\n\n\t\n\n\t<div id=\"col-1569472037\" class=\"col is-small medium-3 small-12 large-3\"  >\n\t\t\t\t<div class=\"col-inner\"  >\n\t\t\t\n\t\t\t\n\n\n\t\t<div class=\"icon-box featured-box icon-box-top text-left\"  >\n\t\t\t\t\t<div class=\"icon-box-img\" style=\"width: 60px\">\n\t\t\t\t<div class=\"icon\">\n\t\t\t\t\t<div class=\"icon-inner\" >\n\t\t\t\t\t\t<img loading=\"lazy\" decoding=\"async\" width=\"1\" height=\"1\" src=\"https:\/\/www.tappy.com.br\/calculadora-para-reforma-de-estofados\/wp-content\/uploads\/sites\/4\/2024\/09\/svgviewer-output-18.svg\" class=\"attachment-medium size-medium\" alt=\"\" \/>\t\t\t\t\t<\/div>\n\t\t\t\t<\/div>\n\t\t\t<\/div>\n\t\t\t\t<div class=\"icon-box-text last-reset\">\n\t\t\t<h5 class=\"uppercase\">2 - Informe quais partes<\/h5>\t\t\t\t\t\t\n\n<p>Essas s\u00e3o as partes b\u00e1sicas principais de um sof\u00e1. A sele\u00e7\u00e3o de pelo menos uma \u00e9 obrigat\u00f3ria.<\/p>\n\n\t\t<\/div>\n\t<\/div>\n\t\n\t\n\n\t\t<\/div>\n\t\t\t\t\t<\/div>\n\n\t\n\n\t<div id=\"col-1745561542\" class=\"col is-small medium-3 small-12 large-3\"  >\n\t\t\t\t<div class=\"col-inner\"  >\n\t\t\t\n\t\t\t\n\n\n\t\t<div class=\"icon-box featured-box icon-box-top text-left\"  >\n\t\t\t\t\t<div class=\"icon-box-img\" style=\"width: 60px\">\n\t\t\t\t<div class=\"icon\">\n\t\t\t\t\t<div class=\"icon-inner\" >\n\t\t\t\t\t\t<img loading=\"lazy\" decoding=\"async\" width=\"1\" height=\"1\" src=\"https:\/\/www.tappy.com.br\/calculadora-para-reforma-de-estofados\/wp-content\/uploads\/sites\/4\/2024\/09\/svgviewer-output-19.svg\" class=\"attachment-medium size-medium\" alt=\"\" \/>\t\t\t\t\t<\/div>\n\t\t\t\t<\/div>\n\t\t\t<\/div>\n\t\t\t\t<div class=\"icon-box-text last-reset\">\n\t\t\t<h5 class=\"uppercase\">3 - Informe os lugares<\/h5>\t\t\t\t\t\t\n\n<p>Informe de quantos lugares \u00e9 o estofado total. Ex: uma mesa de jantar de 6 cadeiras = 6 lugares.<\/p>\n\n\t\t<\/div>\n\t<\/div>\n\t\n\t\n\n\t\t<\/div>\n\t\t\t\t\t<\/div>\n\n\t\n\n\t<div id=\"col-2048559658\" class=\"col is-small medium-3 small-12 large-3\"  >\n\t\t\t\t<div class=\"col-inner\"  >\n\t\t\t\n\t\t\t\n\n\n\t\t<div class=\"icon-box featured-box icon-box-top text-left\"  >\n\t\t\t\t\t<div class=\"icon-box-img\" style=\"width: 60px\">\n\t\t\t\t<div class=\"icon\">\n\t\t\t\t\t<div class=\"icon-inner\" >\n\t\t\t\t\t\t<img loading=\"lazy\" decoding=\"async\" width=\"1\" height=\"1\" src=\"https:\/\/www.tappy.com.br\/calculadora-para-reforma-de-estofados\/wp-content\/uploads\/sites\/4\/2024\/09\/svgviewer-output-20.svg\" class=\"attachment-medium size-medium\" alt=\"\" \/>\t\t\t\t\t<\/div>\n\t\t\t\t<\/div>\n\t\t\t<\/div>\n\t\t\t\t<div class=\"icon-box-text last-reset\">\n\t\t\t<h5 class=\"uppercase\">4 - Adicione detalhes<\/h5>\t\t\t\t\t\t\n\n<p>Adicione mais detalhes que se aplicam ao seu estofado para obter um c\u00e1lculo ainda mais preciso.<\/p>\n\n\t\t<\/div>\n\t<\/div>\n\t\n\t\n\n\t\t<\/div>\n\t\t\t\t\t<\/div>\n\n\t\n\n<\/div>\n\n\n\t\t<\/div>\n\t\t\t\t\t<\/div>\n\n\t\n\n\n<style>\n#row-1685673739 > .col > .col-inner {\n  border-radius: 10px;\n}\n<\/style>\n<\/div>\n<div class=\"row\"  id=\"row-712896173\">\n\n\n\t<div id=\"col-1815098960\" class=\"col small-12 large-12\"  >\n\t\t\t\t<div class=\"col-inner text-center\"  >\n\t\t\t\n\t\t\t\n\n<ul>\n<li style=\"text-align: left;\">Os passos de 1 a 3 s\u00e3o as informa\u00e7\u00f5es m\u00ednimas que voc\u00ea precisa fornecer para obter o c\u00e1lculo.<\/li>\n<li style=\"text-align: left;\">Os passos 1 e 2 s\u00e3o bastante simples: selecione a op\u00e7\u00e3o que melhor define o seu estofado.<\/li>\n<li style=\"text-align: left;\">No passo 3, \u00e9 necess\u00e1rio informar a quantidade TOTAL de lugares do estofado. Um \u00f3timo exemplo para entender este campo \u00e9 o de uma mesa de jantar com 6 cadeiras. Considerando que cada cadeira equivale a um lugar, o total de lugares em uma mesa de 6 cadeiras \u00e9 igual a 6. Outro exemplo seria um sof\u00e1 de 2 e 3 lugares. Para reformar todo o estofado, a quantidade total de lugares deve ser informada, ou seja, 5. No entanto, se voc\u00ea estiver reformando apenas um dos estofados, a quantidade de lugares pode ser 2 ou 3.<\/li>\n<li style=\"text-align: left;\">No passo 4, n\u00e3o informe nada caso n\u00e3o tenha certeza. Contudo, essa \u00e9 uma informa\u00e7\u00e3o relevante para estofados em que as divis\u00f5es das almofadas s\u00e3o largas. H\u00e1 casos em que um sof\u00e1 possui apenas 2 lugares, mas comporta 3 pessoas confortavelmente, ou 5 lugares, mas cabem 6 ou 7 pessoas com folga.<\/li>\n<li style=\"text-align: left;\">Os passos 5 e 6 s\u00e3o opcionais, mas \u00e9 importante inform\u00e1-los caso o seu estofado possua essas caracter\u00edsticas.<\/li>\n<\/ul>\n\n\t\t<\/div>\n\t\t\t\t\t<\/div>\n\n\t\n\n\t<div id=\"col-2134434046\" class=\"col small-12 large-12\"  >\n\t\t\t\t<div class=\"col-inner text-center\" style=\"background-color:rgb(255,255,255);\" >\n\t\t\t\n\t\t\t\n\n<h3>COMUNICADO!<\/h3>\n<p>A Tappy recomenda que esses c\u00e1lculos sejam conferidos com um tapeceiro capacitado, j\u00e1 que \u00e9 poss\u00edvel que alguma especificidade do seu estofado fa\u00e7a com que ele precise de mais tecido do que \u00e9 informado aqui.<\/p>\n<p>\u00c9 importante considerar que compras de tecidos nunca devem ser feitas de forma fracionada (ou seja, em mais de um pedido de compra) devido a varia\u00e7\u00f5es das cores por lote.<\/p>\n<p>Caso voc\u00ea utilize apenas o c\u00e1lculo acima para realizar sua reforma, \u00e9 altamente recomend\u00e1vel que voc\u00ea adquira amostras dos tecidos da Tappy, onde esse problema de varia\u00e7\u00e3o por lote pode ser facilmente contornado com a devida comunica\u00e7\u00e3o conosco.<\/p>\n<p>Saiba mais em Programa de Amostras da Tappy:<\/p>\n<a href=\"\/amostra-de-tecidos-para-sofas\/\" class=\"button primary is-outline\" >\n\t\t<span>Ver Programa de Amostras<\/span>\n\t<\/a>\n\n\n\n\t\t<\/div>\n\t\t\t\t\t<\/div>\n\n\t\n\n\n<style>\n#row-712896173 > .col > .col-inner {\n  border-radius: 10px;\n}\n<\/style>\n<\/div>\n\n\t\t<\/div>\n\n\t\t\n<style>\n#section_1491753414 {\n  padding-top: 30px;\n  padding-bottom: 30px;\n}\n<\/style>\n\t<\/section>\n\t\n\n\t\t<div class=\"hidden\">\n\t\t\t\t\n\n\n\t\t<\/div>\n\t\n\n","protected":false},"excerpt":{"rendered":"","protected":false},"author":1,"featured_media":0,"parent":0,"menu_order":0,"comment_status":"closed","ping_status":"open","template":"page-blank.php","meta":{"footnotes":""},"class_list":["post-2","page","type-page","status-publish","hentry"],"_links":{"self":[{"href":"https:\/\/www.tappy.com.br\/calculadora-para-reforma-de-estofados\/wp-json\/wp\/v2\/pages\/2","targetHints":{"allow":["GET"]}}],"collection":[{"href":"https:\/\/www.tappy.com.br\/calculadora-para-reforma-de-estofados\/wp-json\/wp\/v2\/pages"}],"about":[{"href":"https:\/\/www.tappy.com.br\/calculadora-para-reforma-de-estofados\/wp-json\/wp\/v2\/types\/page"}],"author":[{"embeddable":true,"href":"https:\/\/www.tappy.com.br\/calculadora-para-reforma-de-estofados\/wp-json\/wp\/v2\/users\/1"}],"replies":[{"embeddable":true,"href":"https:\/\/www.tappy.com.br\/calculadora-para-reforma-de-estofados\/wp-json\/wp\/v2\/comments?post=2"}],"version-history":[{"count":0,"href":"https:\/\/www.tappy.com.br\/calculadora-para-reforma-de-estofados\/wp-json\/wp\/v2\/pages\/2\/revisions"}],"wp:attachment":[{"href":"https:\/\/www.tappy.com.br\/calculadora-para-reforma-de-estofados\/wp-json\/wp\/v2\/media?parent=2"}],"curies":[{"name":"wp","href":"https:\/\/api.w.org\/{rel}","templated":true}]}}